{"id":56498,"date":"2015-03-31T22:27:30","date_gmt":"2015-03-31T20:27:30","guid":{"rendered":"https:\/\/website.naarcuracao.staging.golf.gillz.cloud\/?page_id=56498"},"modified":"2024-01-31T15:03:31","modified_gmt":"2024-01-31T14:03:31","slug":"learn-papiamentu","status":"publish","type":"page","link":"https:\/\/website.naarcuracao.staging.golf.gillz.cloud\/en\/learn-papiamentu\/","title":{"rendered":"Learn Papiamentu"},"content":{"rendered":"\n<h5 class=\"wp-block-heading\">If you want to live on Cura\u00e7ao, there&#8217;s no getting away from it: you have to learn Papiamentu. Of course you can get by with Dutch on Cura\u00e7ao, but out of respect for the country and its culture, learning Papiamentu is really a must. And it can also really help you further understand some Papiamentu!<\/h5>\n\n<h2 class=\"wp-block-heading\">Do you have to learn Papiamentu?<\/h2>\n\n<p>Is it really necessary to learn Papiamento if you are going to live in Cura\u00e7ao? Part of the beauty of Cura\u00e7ao culture is that it is a mix of all kinds of cultures. Those cultures plus the economic need for contacts with other countries mean that many people on Cura\u00e7ao speak multiple languages. In addition to Papiamentu, very many of Cura\u00e7ao&#8217;s 150,000 residents also speak at least one of the foreign languages English or Spanish. And Dutch is still an official language in Cura\u00e7ao. In many cases, people even speak two of these foreign languages, and you also come across plenty of people who speak all three. So purely for informal communication, learning Papiamentu will not be necessary. But &#8230;.<\/p>\n\n<h3 class=\"wp-block-heading\">Learning Papiamentu for work<\/h3>\n\n<p>&#8230; If you are going to work in Cura\u00e7ao, learning Papiamentu is actually a must. In business dealings with another company, that one phrase of Papiamentu can really mean the difference between closing a deal or going home without a result. And of course, your Papiamentu will also come in handy if you have a position where you have a lot of contact with locals. Examples include healthcare, teaching or if you will be working in a store.<br\/>Note: In some professions (e.g., education), it may even be <strong>mandatory<\/strong> that you learn Papiamentu to get the job.<\/p>\n\n<h2 class=\"wp-block-heading\">Papiamentu or Papiamento?<\/h2>\n\n<p>Since 2007, Papiamentu has been an official language in Cura\u00e7ao. However, there are some minor differences between Papiamentu on Cura\u00e7ao or Papiamentu on Aruba. Hence, in Cura\u00e7ao Papiament<strong><em>u<\/em><\/strong> and on Aruba the Papiament is Papiament<em><strong>o<\/strong><\/em>.<\/p>\n\n<h3 class=\"wp-block-heading\">Cura\u00e7ao pride<\/h3>\n\n<p>The people of Cura\u00e7ao are proud of their island, and rightfully so! After all, it is only a relatively small island, but has developed well (especially compared to many other Caribbean countries). The people like to get appreciation for that from foreigners. And one way to show that appreciation is to speak Papiamentu with them. And that in turn pays for itself because the locals will help you just that little bit better or are more likely to accept you into the community. And no, you really don&#8217;t have to be able to speak Papiamentu at a high level from your first day on Cura\u00e7ao. But you&#8217;ll see that it will really help you if you can speak just a little more Papiamentu than &#8220;bon dia&#8221; and &#8220;masha danki. If you don&#8217;t speak a word of Papiamentu, you are more likely to be seen as that &#8220;Makamba&#8221; (Cura\u00e7ao swear word for the foreigners who don&#8217;t want to adapt). In short, learning Papiamentu is not an absolute must for daily life on Cura\u00e7ao, but it can certainly make life on Cura\u00e7ao a lot easier in your contact with the locals.<\/p>\n\n<h4 class=\"wp-block-heading\">Learning Papiamentu through Facebook<\/h4>\n\n<p>For your very first words or if you want to quickly learn some Papiamentu for your vacation to Cura\u00e7ao, you can also join the <a href=\"https:\/\/www.facebook.com\/groups\/613890758659874\" target=\"_blank\" rel=\"noreferrer noopener\">Facebook group &#8220;Papiamentu for Dummies.&#8221;<\/a> Here you will find helpful overviews of words and phrases in a common situation and you can also ask questions of the other group members about a particular translation. Useful, but certainly not sufficient if you are going to Cura\u00e7ao for an extended period of time.<\/p>\n\n<h2 class=\"wp-block-heading\">Papiamentu course &#8211; at home or in the classroom?<\/h2>\n\n<p>If you want to learn Papiamentu, you have a choice of (online) home study or taking physical lessons. However, the latter is difficult for many. Classes are offered mainly in the Randstad area (in\/around The Hague) and to take classes every week at a fixed time can be difficult. Especially when you are shortly before your emigration and you &#8220;suddenly&#8221; have to start arranging all kinds of things and farewell parties. With a home study, you can then decide a little more when and where you want to take classes. We can recommend two home studies: an abbreviated basic course or a full course:<\/p>\n\n<div class=\"wp-block-columns is-layout-flex wp-container-core-columns-is-layout-28f84493 wp-block-columns-is-layout-flex\">\n<div class=\"wp-block-column has-background-secondary-background-color has-background is-layout-flow wp-block-column-is-layout-flow\" style=\"padding-top:5px;padding-right:5px;padding-bottom:5px;padding-left:5px\">\n<h3 class=\"wp-block-heading\"><em>Quick &amp; easy to learn the basics<\/em><\/h3>\n\n\n\n<p>A very fun and accessible <strong>starter course in Papiamentu<\/strong> is the E-course set up by Hellen Noort. You take this <a href=\"https:\/\/website.naarcuracao.staging.golf.gillz.cloud\/?page_id=11599\">online basic Papiamentu course<\/a> at your own pace. Through 11 videos, the basic rules of Papiamentu are covered and through pdf files you are provided with the glossary. By the end of the 11 modules, you will be able to hold a simple conversation in Papiamentu. If you master these basics, you can also take a follow-up course, through Hellen or otherwise, to become truly fluent in Papiamentu.<br\/><br\/>You can now do a language course very well at home. In your own environment, at the time that fits into your already busy schedule and at the speed that suits it. The Papiamentu E-course will help you master the first basics of the language perfectly and quickly. In 11 modules available to you online, you will learn what is needed to engage in the first simple conversations in Papiamentu.<\/p>\n\n\n\n<div class=\"wp-block-buttons is-content-justification-center is-layout-flex wp-container-core-buttons-is-layout-a89b3969 wp-block-buttons-is-layout-flex\">\n<div class=\"wp-block-button has-custom-width wp-block-button__width-100 has-custom-font-size has-medium-font-size\"><a class=\"wp-block-button__link has-luminous-vivid-amber-to-luminous-vivid-orange-gradient-background has-background wp-element-button\" href=\"https:\/\/website.naarcuracao.staging.golf.gillz.cloud\/?page_id=11599\" style=\"padding-top:15px;padding-right:15px;padding-bottom:15px;padding-left:15px\" rel=\"noopener\"><strong>More about online Papiamentu course<\/strong><\/a><\/div>\n<\/div>\n<\/div>\n\n\n\n<div class=\"wp-block-column has-background-secondary-background-color has-background is-layout-flow wp-block-column-is-layout-flow\" style=\"padding-top:5px;padding-right:5px;padding-bottom:5px;padding-left:5px\">\n<h3 class=\"wp-block-heading\"><em>Full course in Papiamentu<\/em><\/h3>\n\n\n\n<p>If you want to learn more than just the basics, there are also very good home studies for that. The advantage of a home study is that you can pick up the class at your convenience. Learn Papiamentu at your own pace and get online guidance from experienced teachers. Audio materials are sent digitally and online you can submit your homework.<br\/>To do so, check out the <a href=\"https:\/\/www.talendomein.nl\/tracking\/tradetracker\/redirect\/?tt=29511_12_182094_papiamentscursus&amp;r=%2Fsearch%2FPapiaments%2F\" target=\"_blank\" rel=\"noreferrer noopener nofollow sponsored\">website of Talendomein<\/a>, for a nice list of various Papiamentu courses.<br\/><\/p>\n\n\n\n<div class=\"wp-block-buttons is-layout-flex wp-block-buttons-is-layout-flex\">\n<div class=\"wp-block-button has-custom-width wp-block-button__width-100 has-custom-font-size aligncenter has-medium-font-size\"><a class=\"wp-block-button__link has-luminous-vivid-amber-to-luminous-vivid-orange-gradient-background has-background wp-element-button\" href=\"https:\/\/www.talendomein.nl\/tracking\/tradetracker\/redirect\/?tt=29511_12_182094_papiamentscursus&amp;r=%2Fsearch%2FPapiaments%2F\" style=\"padding-top:15px;padding-right:15px;padding-bottom:15px;padding-left:15px\" target=\"_blank\" rel=\"noreferrer noopener nofollow sponsored\"><strong>More about the Papiamentu course at Talendomein<\/strong><\/a><\/div>\n<\/div>\n<\/div>\n<\/div>\n\n<div style=\"height:28px\" aria-hidden=\"true\" class=\"wp-block-spacer\"><\/div>\n","protected":false},"excerpt":{"rendered":"<p>If you want to live on Cura\u00e7ao, there&#8217;s no getting away from it: you have to learn Papiamentu. Of course you can get by with Dutch on Cura\u00e7ao, but out of respect for the country and its culture, learning Papiamentu is really a must. And it can also really help you further understand some Papiamentu! [&hellip;]<\/p>\n","protected":false},"author":1,"featured_media":36923,"parent":0,"menu_order":0,"comment_status":"closed","ping_status":"open","template":"","meta":{"_acf_changed":false,"site-sidebar-layout":"default","site-content-layout":"","ast-site-content-layout":"default","site-content-style":"default","site-sidebar-style":"default","ast-global-header-display":"","ast-banner-title-visibility":"","ast-main-header-display":"","ast-hfb-above-header-display":"","ast-hfb-below-header-display":"","ast-hfb-mobile-header-display":"","site-post-title":"","ast-breadcrumbs-content":"","ast-featured-img":"","footer-sml-layout":"","theme-transparent-header-meta":"","adv-header-id-meta":"","stick-header-meta":"","header-above-stick-meta":"","header-main-stick-meta":"","header-below-stick-meta":"","astra-migrate-meta-layouts":"set","ast-page-background-enabled":"default","ast-page-background-meta":{"desktop":{"background-color":"var(--ast-global-color-4)","background-image":"","background-repeat":"repeat","background-position":"center center","background-size":"auto","background-attachment":"scroll","background-type":"","background-media":"","overlay-type":"","overlay-color":"","overlay-opacity":"","overlay-gradient":""},"tablet":{"background-color":"","background-image":"","background-repeat":"repeat","background-position":"center center","background-size":"auto","background-attachment":"scroll","background-type":"","background-media":"","overlay-type":"","overlay-color":"","overlay-opacity":"","overlay-gradient":""},"mobile":{"background-color":"","background-image":"","background-repeat":"repeat","background-position":"center center","background-size":"auto","background-attachment":"scroll","background-type":"","background-media":"","overlay-type":"","overlay-color":"","overlay-opacity":"","overlay-gradient":""}},"ast-content-background-meta":{"desktop":{"background-color":"var(--ast-global-color-5)","background-image":"","background-repeat":"repeat","background-position":"center center","background-size":"auto","background-attachment":"scroll","background-type":"","background-media":"","overlay-type":"","overlay-color":"","overlay-opacity":"","overlay-gradient":""},"tablet":{"background-color":"var(--ast-global-color-5)","background-image":"","background-repeat":"repeat","background-position":"center center","background-size":"auto","background-attachment":"scroll","background-type":"","background-media":"","overlay-type":"","overlay-color":"","overlay-opacity":"","overlay-gradient":""},"mobile":{"background-color":"var(--ast-global-color-5)","background-image":"","background-repeat":"repeat","background-position":"center center","background-size":"auto","background-attachment":"scroll","background-type":"","background-media":"","overlay-type":"","overlay-color":"","overlay-opacity":"","overlay-gradient":""}},"footnotes":""},"class_list":["post-56498","page","type-page","status-publish","has-post-thumbnail","hentry"],"acf":[],"_links":{"self":[{"href":"https:\/\/website.naarcuracao.staging.golf.gillz.cloud\/en\/wp-json\/wp\/v2\/pages\/56498","targetHints":{"allow":["GET"]}}],"collection":[{"href":"https:\/\/website.naarcuracao.staging.golf.gillz.cloud\/en\/wp-json\/wp\/v2\/pages"}],"about":[{"href":"https:\/\/website.naarcuracao.staging.golf.gillz.cloud\/en\/wp-json\/wp\/v2\/types\/page"}],"author":[{"embeddable":true,"href":"https:\/\/website.naarcuracao.staging.golf.gillz.cloud\/en\/wp-json\/wp\/v2\/users\/1"}],"replies":[{"embeddable":true,"href":"https:\/\/website.naarcuracao.staging.golf.gillz.cloud\/en\/wp-json\/wp\/v2\/comments?post=56498"}],"version-history":[{"count":2,"href":"https:\/\/website.naarcuracao.staging.golf.gillz.cloud\/en\/wp-json\/wp\/v2\/pages\/56498\/revisions"}],"predecessor-version":[{"id":56501,"href":"https:\/\/website.naarcuracao.staging.golf.gillz.cloud\/en\/wp-json\/wp\/v2\/pages\/56498\/revisions\/56501"}],"wp:featuredmedia":[{"embeddable":true,"href":"https:\/\/website.naarcuracao.staging.golf.gillz.cloud\/en\/wp-json\/wp\/v2\/media\/36923"}],"wp:attachment":[{"href":"https:\/\/website.naarcuracao.staging.golf.gillz.cloud\/en\/wp-json\/wp\/v2\/media?parent=56498"}],"curies":[{"name":"wp","href":"https:\/\/api.w.org\/{rel}","templated":true}]}}