{"id":52860,"date":"2020-05-28T16:03:11","date_gmt":"2020-05-28T14:03:11","guid":{"rendered":"https:\/\/website.naarcuracao.staging.golf.gillz.cloud\/?page_id=52860"},"modified":"2024-04-25T13:55:06","modified_gmt":"2024-04-25T11:55:06","slug":"excursiones-en-barco-por-curacao","status":"publish","type":"page","link":"https:\/\/website.naarcuracao.staging.golf.gillz.cloud\/es\/excursiones-en-barco-por-curacao\/","title":{"rendered":"Excursiones en barco por Cura\u00e7ao"},"content":{"rendered":"\n<h5 class=\"wp-block-heading\">En una isla tropical como Cura\u00e7ao, \u00abpor supuesto\u00bb un paseo en barco se convierte en una obligaci\u00f3n durante sus vacaciones. Puede optar por una de las excursiones a Klein Cura\u00e7ao, que est\u00e1n masivamente reservadas, o por una m\u00e1s \u00edntima Sunset Sail. En cualquier caso, Cura\u00e7ao es un destino imprescindible.<\/h5>\n\n\n\n<div class=\"wp-block-columns is-layout-flex wp-container-core-columns-is-layout-28f84493 wp-block-columns-is-layout-flex\">\n<div class=\"wp-block-column is-layout-flow wp-block-column-is-layout-flow\">\n<h3 class=\"wp-block-heading has-text-align-center\">Klein Cura\u00e7ao<br><\/h3>\n\n\n\n<figure class=\"wp-block-image aligncenter\"><a href=\"https:\/\/website.naarcuracao.staging.golf.gillz.cloud\/es\/klein-curacao-los-mejores-viajes\/\" target=\"_blank\" rel=\"noopener\"><img decoding=\"async\" data-src=\"https:\/\/website.naarcuracao.staging.golf.gillz.cloud\/wp-content\/uploads\/2020\/05\/klein-curacao-731x409-1.jpg\" alt=\"peque\u00f1a excursi\u00f3n en barco a cura\u00e7ao\" title=\"klein-curacao-731x409\" src=\"data:image\/svg+xml;base64,PHN2ZyB3aWR0aD0iMSIgaGVpZ2h0PSIxIiB4bWxucz0iaHR0cDovL3d3dy53My5vcmcvMjAwMC9zdmciPjwvc3ZnPg==\" class=\"lazyload\" style=\"--smush-placeholder-width: 731px; --smush-placeholder-aspect-ratio: 731\/409;\" data-srcset=\"https:\/\/website.naarcuracao.staging.golf.gillz.cloud\/wp-content\/uploads\/2020\/05\/klein-curacao-731x409-1.jpg 731w, https:\/\/website.naarcuracao.staging.golf.gillz.cloud\/wp-content\/uploads\/2020\/05\/klein-curacao-731x409-1-350x197.jpg 350w, https:\/\/website.naarcuracao.staging.golf.gillz.cloud\/wp-content\/uploads\/2020\/05\/klein-curacao-731x409-1-536x300.jpg 536w, https:\/\/website.naarcuracao.staging.golf.gillz.cloud\/wp-content\/uploads\/2020\/05\/klein-curacao-731x409-1-150x84.jpg 150w\" data-sizes=\"auto\" data-original-sizes=\"(max-width: 731px) 100vw, 731px\" \/><\/a><\/figure>\n\n\n\n<p class=\"has-text-align-center\">Todos los d\u00edas salen varios barcos hacia <a href=\"https:\/\/website.naarcuracao.staging.golf.gillz.cloud\/es\/klein-curacao-los-mejores-viajes\/\">Klein Cura\u00e7ao<\/a>, pero \u00bfen cu\u00e1l le gustar\u00eda ir? \u00bfVelas? \u00bfDe lujo? \u00bfAdrenalina con una lancha motora o disfrutar de una fiesta con todo incluido? \u00bfO prefiere un barco privado? Todo es posible.<\/p>\n\n\n\n<div class=\"wp-block-buttons is-content-justification-center is-layout-flex wp-container-core-buttons-is-layout-a89b3969 wp-block-buttons-is-layout-flex\">\n<div class=\"wp-block-button has-custom-width wp-block-button__width-100 has-custom-font-size has-medium-font-size\"><a class=\"wp-block-button__link has-luminous-vivid-amber-to-luminous-vivid-orange-gradient-background has-background wp-element-button\" href=\"https:\/\/website.naarcuracao.staging.golf.gillz.cloud\/es\/klein-curacao-los-mejores-viajes\/\" style=\"padding-top:15px;padding-right:15px;padding-bottom:15px;padding-left:15px\" target=\"_blank\" rel=\"noopener\"><strong>Todo sobre Klein Cura\u00e7ao<\/strong><\/a><\/div>\n<\/div>\n<\/div>\n\n\n\n<div class=\"wp-block-column is-layout-flow wp-block-column-is-layout-flow\">\n<h3 class=\"wp-block-heading has-text-align-center\">Barco privado (incl. patr\u00f3n)<br><\/h3>\n\n\n\n<figure class=\"wp-block-image aligncenter\"><a href=\"https:\/\/website.naarcuracao.staging.golf.gillz.cloud\/es\/tour-item\/solicitar-un-barco-privado\/\" target=\"_blank\" rel=\"noopener\"><img decoding=\"async\" data-src=\"https:\/\/website.naarcuracao.staging.golf.gillz.cloud\/wp-content\/uploads\/2020\/05\/priveboot-curacao731-411.jpg\" alt=\"barco privado curacao velero\" title=\"priveboot-curacao731-411\" src=\"data:image\/svg+xml;base64,PHN2ZyB3aWR0aD0iMSIgaGVpZ2h0PSIxIiB4bWxucz0iaHR0cDovL3d3dy53My5vcmcvMjAwMC9zdmciPjwvc3ZnPg==\" class=\"lazyload\" style=\"--smush-placeholder-width: 731px; --smush-placeholder-aspect-ratio: 731\/411;\" data-srcset=\"https:\/\/website.naarcuracao.staging.golf.gillz.cloud\/wp-content\/uploads\/2020\/05\/priveboot-curacao731-411.jpg 731w, https:\/\/website.naarcuracao.staging.golf.gillz.cloud\/wp-content\/uploads\/2020\/05\/priveboot-curacao731-411-350x197.jpg 350w, https:\/\/website.naarcuracao.staging.golf.gillz.cloud\/wp-content\/uploads\/2020\/05\/priveboot-curacao731-411-534x300.jpg 534w, https:\/\/website.naarcuracao.staging.golf.gillz.cloud\/wp-content\/uploads\/2020\/05\/priveboot-curacao731-411-150x84.jpg 150w\" data-sizes=\"auto\" data-original-sizes=\"(max-width: 731px) 100vw, 731px\" \/><\/a><\/figure>\n\n\n\n<p class=\"has-text-align-center\">Si est\u00e1 en Cura\u00e7ao con un grupo, pronto le resultar\u00e1 interesante alquilar un barco privado. Cualquier cosa que se adapte a sus necesidades, de 6 a 75 personas, todo tipo de embarcaciones est\u00e1n disponibles. Una excursi\u00f3n de un d\u00eda como a usted le gusta.<\/p>\n\n\n\n<div class=\"wp-block-buttons is-content-justification-center is-layout-flex wp-container-core-buttons-is-layout-a89b3969 wp-block-buttons-is-layout-flex\">\n<div class=\"wp-block-button has-custom-width wp-block-button__width-100 has-custom-font-size has-medium-font-size\"><a class=\"wp-block-button__link has-luminous-vivid-amber-to-luminous-vivid-orange-gradient-background has-background wp-element-button\" href=\"https:\/\/website.naarcuracao.staging.golf.gillz.cloud\/es\/tour-item\/solicitar-un-barco-privado\/\" style=\"padding-top:15px;padding-right:15px;padding-bottom:15px;padding-left:15px\" target=\"_blank\" rel=\"noopener\"><strong>Organizar un barco privado<\/strong><\/a><\/div>\n<\/div>\n<\/div>\n<\/div>\n\n\n\n<div class=\"wp-block-columns is-layout-flex wp-container-core-columns-is-layout-28f84493 wp-block-columns-is-layout-flex\">\n<div class=\"wp-block-column is-layout-flow wp-block-column-is-layout-flow\">\n<h3 class=\"wp-block-heading has-text-align-center\">Barco familiar<br><\/h3>\n\n\n\n<figure class=\"wp-block-image aligncenter\"><a href=\"\/tour-item\/viaje-en-barco-apto-para-ni\u00f1os-en-la-puta-bah\u00eda\/\" target=\"_blank\" rel=\"noopener\"><img decoding=\"async\" data-src=\"https:\/\/website.naarcuracao.staging.golf.gillz.cloud\/wp-content\/uploads\/2020\/05\/hakunamatata-family-boattrips-kinderen-400x225-1.jpg\" alt=\"paseo en barco ni\u00f1os toda la familia\" title=\"hakunamatata-familia-boattrips-ni\u00f1os-400x225\" src=\"data:image\/svg+xml;base64,PHN2ZyB3aWR0aD0iMSIgaGVpZ2h0PSIxIiB4bWxucz0iaHR0cDovL3d3dy53My5vcmcvMjAwMC9zdmciPjwvc3ZnPg==\" class=\"lazyload\" style=\"--smush-placeholder-width: 400px; --smush-placeholder-aspect-ratio: 400\/225;\" data-srcset=\"https:\/\/website.naarcuracao.staging.golf.gillz.cloud\/wp-content\/uploads\/2020\/05\/hakunamatata-family-boattrips-kinderen-400x225-1.jpg 400w, https:\/\/website.naarcuracao.staging.golf.gillz.cloud\/wp-content\/uploads\/2020\/05\/hakunamatata-family-boattrips-kinderen-400x225-1-350x197.jpg 350w, https:\/\/website.naarcuracao.staging.golf.gillz.cloud\/wp-content\/uploads\/2020\/05\/hakunamatata-family-boattrips-kinderen-400x225-1-150x84.jpg 150w\" data-sizes=\"auto\" data-original-sizes=\"(max-width: 400px) 100vw, 400px\" \/><\/a><\/figure>\n\n\n\n<p class=\"has-text-align-center\">\u00a1La excursi\u00f3n en barco m\u00e1s divertida de Cura\u00e7ao para toda la familia! Los ni\u00f1os pueden ayudar al capit\u00e1n a navegar y es el \u00fanico barco de Cura\u00e7ao con un tobog\u00e1n de verdad a bordo.<\/p>\n\n\n\n<div class=\"wp-block-buttons is-content-justification-center is-layout-flex wp-container-core-buttons-is-layout-a89b3969 wp-block-buttons-is-layout-flex\">\n<div class=\"wp-block-button has-custom-width wp-block-button__width-100 has-custom-font-size has-medium-font-size\"><a class=\"wp-block-button__link has-luminous-vivid-amber-to-luminous-vivid-orange-gradient-background has-background wp-element-button\" href=\"\/tour-item\/viaje-en-barco-apto-para-ni\u00f1os-en-la-puta-bah\u00eda\/\" style=\"padding-top:15px;padding-right:15px;padding-bottom:15px;padding-left:15px\" target=\"_blank\" rel=\"noopener\"><strong>Paseos en barco para familias<\/strong><\/a><\/div>\n<\/div>\n<\/div>\n\n\n\n<div class=\"wp-block-column is-layout-flow wp-block-column-is-layout-flow\">\n<h3 class=\"wp-block-heading has-text-align-center\">Gira por la Costa Oeste<br><\/h3>\n\n\n\n<figure class=\"wp-block-image aligncenter\"><a href=\"https:\/\/website.naarcuracao.staging.golf.gillz.cloud\/es\/tour-item\/crucero-por-la-costa-oeste-catamaran\/\" target=\"_blank\" rel=\"noopener\"><img decoding=\"async\" data-src=\"https:\/\/website.naarcuracao.staging.golf.gillz.cloud\/wp-content\/uploads\/2020\/05\/westpunt-blue-room-catamaran-400x225-1.jpg\" alt=\"westpoint-habitacion-azul-curacao-400x225\" title=\"westpoint-habitaci\u00f3n-azul-catamar\u00e1n-400x225\" src=\"data:image\/svg+xml;base64,PHN2ZyB3aWR0aD0iMSIgaGVpZ2h0PSIxIiB4bWxucz0iaHR0cDovL3d3dy53My5vcmcvMjAwMC9zdmciPjwvc3ZnPg==\" class=\"lazyload\" style=\"--smush-placeholder-width: 401px; --smush-placeholder-aspect-ratio: 401\/225;\" data-srcset=\"https:\/\/website.naarcuracao.staging.golf.gillz.cloud\/wp-content\/uploads\/2020\/05\/westpunt-blue-room-catamaran-400x225-1.jpg 401w, https:\/\/website.naarcuracao.staging.golf.gillz.cloud\/wp-content\/uploads\/2020\/05\/westpunt-blue-room-catamaran-400x225-1-350x197.jpg 350w, https:\/\/website.naarcuracao.staging.golf.gillz.cloud\/wp-content\/uploads\/2020\/05\/westpunt-blue-room-catamaran-400x225-1-150x84.jpg 150w\" data-sizes=\"auto\" data-original-sizes=\"(max-width: 401px) 100vw, 401px\" \/><\/a><\/figure>\n\n\n\n<p class=\"has-text-align-center\">Esta excursi\u00f3n en barco est\u00e1 considerada por muchos como la m\u00e1s bonita de Cura\u00e7ao. Contemple la hermosa naturaleza, las impresionantes bah\u00edas y las preciosas playas de la costa en direcci\u00f3n a Westpunt.<\/p>\n\n\n\n<div class=\"wp-block-buttons is-content-justification-center is-layout-flex wp-container-core-buttons-is-layout-a89b3969 wp-block-buttons-is-layout-flex\">\n<div class=\"wp-block-button has-custom-width wp-block-button__width-100 has-custom-font-size has-medium-font-size\"><a class=\"wp-block-button__link has-luminous-vivid-amber-to-luminous-vivid-orange-gradient-background has-background wp-element-button\" href=\"https:\/\/website.naarcuracao.staging.golf.gillz.cloud\/es\/tour-item\/crucero-por-la-costa-oeste-catamaran\/\" style=\"padding-top:15px;padding-right:15px;padding-bottom:15px;padding-left:15px\" target=\"_blank\" rel=\"noopener\"><strong>Recorrido por la costa occidental<\/strong><\/a><\/div>\n<\/div>\n<\/div>\n\n\n\n<div class=\"wp-block-column is-layout-flow wp-block-column-is-layout-flow\">\n<h3 class=\"wp-block-heading has-text-align-center\">West Point y Blue Room<br><\/h3>\n\n\n\n<figure class=\"wp-block-image aligncenter\"><a href=\"https:\/\/website.naarcuracao.staging.golf.gillz.cloud\/es\/tour-item\/tortugas-blue-room-barco-de-motor\/\" target=\"_blank\" rel=\"noopener\"><img decoding=\"async\" data-src=\"https:\/\/website.naarcuracao.staging.golf.gillz.cloud\/wp-content\/uploads\/2020\/05\/westpunt-blue-room-powerboat-400x225-1.jpg\" alt=\"excursi\u00f3n west point blue room con powerboat curacao\" title=\"westpoint-habitaci\u00f3n-azul-barco-de-potencia-400x225\" src=\"data:image\/svg+xml;base64,PHN2ZyB3aWR0aD0iMSIgaGVpZ2h0PSIxIiB4bWxucz0iaHR0cDovL3d3dy53My5vcmcvMjAwMC9zdmciPjwvc3ZnPg==\" class=\"lazyload\" style=\"--smush-placeholder-width: 399px; --smush-placeholder-aspect-ratio: 399\/224;\" data-srcset=\"https:\/\/website.naarcuracao.staging.golf.gillz.cloud\/wp-content\/uploads\/2020\/05\/westpunt-blue-room-powerboat-400x225-1.jpg 399w, https:\/\/website.naarcuracao.staging.golf.gillz.cloud\/wp-content\/uploads\/2020\/05\/westpunt-blue-room-powerboat-400x225-1-350x197.jpg 350w, https:\/\/website.naarcuracao.staging.golf.gillz.cloud\/wp-content\/uploads\/2020\/05\/westpunt-blue-room-powerboat-400x225-1-150x84.jpg 150w\" data-sizes=\"auto\" data-original-sizes=\"(max-width: 399px) 100vw, 399px\" \/><\/a><\/figure>\n\n\n\n<p class=\"has-text-align-center\">Una excursi\u00f3n de un d\u00eda muy agradable, \u00a1con adrenalina incluida con el Powerboat! Adem\u00e1s de 3 paradas fijas, los hu\u00e9spedes deciden una cuarta parada. \u00bfTe atreves con las olas?<\/p>\n\n\n\n<div class=\"wp-block-buttons is-content-justification-center is-layout-flex wp-container-core-buttons-is-layout-a89b3969 wp-block-buttons-is-layout-flex\">\n<div class=\"wp-block-button has-custom-width wp-block-button__width-100 has-custom-font-size has-medium-font-size\"><a class=\"wp-block-button__link has-luminous-vivid-amber-to-luminous-vivid-orange-gradient-background has-background wp-element-button\" href=\"https:\/\/website.naarcuracao.staging.golf.gillz.cloud\/es\/tour-item\/tortugas-blue-room-barco-de-motor\/\" style=\"padding-top:15px;padding-right:15px;padding-bottom:15px;padding-left:15px\" target=\"_blank\" rel=\"noopener\"><strong>West Point y Blue Room<\/strong><\/a><\/div>\n<\/div>\n<\/div>\n<\/div>\n\n\n\n<div class=\"wp-block-columns is-layout-flex wp-container-core-columns-is-layout-28f84493 wp-block-columns-is-layout-flex\">\n<div class=\"wp-block-column is-layout-flow wp-block-column-is-layout-flow\">\n<h3 class=\"wp-block-heading has-text-align-center\">Vela al atardecer<br><\/h3>\n\n\n\n<figure class=\"wp-block-image aligncenter\"><a href=\"https:\/\/website.naarcuracao.staging.golf.gillz.cloud\/es\/tour-item\/crucero-al-atardecer-catamaran\/\" target=\"_blank\" rel=\"noopener\"><img decoding=\"async\" data-src=\"https:\/\/website.naarcuracao.staging.golf.gillz.cloud\/wp-content\/uploads\/2020\/05\/sunset-sail-curacao-catamaran-400x225-1.jpg\" alt=\"sunset sail curacao catamaran\" title=\"sunset-sail-curacao-catamaran-400x225\" src=\"data:image\/svg+xml;base64,PHN2ZyB3aWR0aD0iMSIgaGVpZ2h0PSIxIiB4bWxucz0iaHR0cDovL3d3dy53My5vcmcvMjAwMC9zdmciPjwvc3ZnPg==\" class=\"lazyload\" style=\"--smush-placeholder-width: 400px; --smush-placeholder-aspect-ratio: 400\/226;\" data-srcset=\"https:\/\/website.naarcuracao.staging.golf.gillz.cloud\/wp-content\/uploads\/2020\/05\/sunset-sail-curacao-catamaran-400x225-1.jpg 400w, https:\/\/website.naarcuracao.staging.golf.gillz.cloud\/wp-content\/uploads\/2020\/05\/sunset-sail-curacao-catamaran-400x225-1-350x197.jpg 350w, https:\/\/website.naarcuracao.staging.golf.gillz.cloud\/wp-content\/uploads\/2020\/05\/sunset-sail-curacao-catamaran-400x225-1-150x85.jpg 150w\" data-sizes=\"auto\" data-original-sizes=\"(max-width: 400px) 100vw, 400px\" \/><\/a><\/figure>\n\n\n\n<p class=\"has-text-align-center\">Despu\u00e9s de un bonito d\u00eda de sol, una rom\u00e1ntica puesta de sol en catamar\u00e1n es una forma maravillosa de acabar el d\u00eda: contemplando c\u00f3mo el sol se hunde en el mar desde el barco.<\/p>\n\n\n\n<div class=\"wp-block-buttons is-content-justification-center is-layout-flex wp-container-core-buttons-is-layout-a89b3969 wp-block-buttons-is-layout-flex\">\n<div class=\"wp-block-button has-custom-width wp-block-button__width-100 has-custom-font-size has-medium-font-size\"><a class=\"wp-block-button__link has-luminous-vivid-amber-to-luminous-vivid-orange-gradient-background has-background wp-element-button\" href=\"https:\/\/website.naarcuracao.staging.golf.gillz.cloud\/es\/tour-item\/crucero-al-atardecer-catamaran\/\" style=\"padding-top:15px;padding-right:15px;padding-bottom:15px;padding-left:15px\" target=\"_blank\" rel=\"noopener\"><strong>Vela al atardecer<\/strong><\/a><\/div>\n<\/div>\n<\/div>\n\n\n\n<div class=\"wp-block-column is-layout-flow wp-block-column-is-layout-flow\">\n<h3 class=\"wp-block-heading has-text-align-center\">Pesca mar\u00edtima<br><\/h3>\n\n\n\n<figure class=\"wp-block-image\"><a href=\"\/tour-item\/pesca-mar-curacao\/\" target=\"_blank\" rel=\"noopener\"><img decoding=\"async\" data-src=\"https:\/\/website.naarcuracao.staging.golf.gillz.cloud\/wp-content\/uploads\/2020\/05\/diepzee-vissen-curacao-400x225-1.jpg\" alt=\"pesca de altura curacao barco privado\" title=\"diepzee-vissen-curacao-400x225\" src=\"data:image\/svg+xml;base64,PHN2ZyB3aWR0aD0iMSIgaGVpZ2h0PSIxIiB4bWxucz0iaHR0cDovL3d3dy53My5vcmcvMjAwMC9zdmciPjwvc3ZnPg==\" class=\"lazyload\" style=\"--smush-placeholder-width: 399px; --smush-placeholder-aspect-ratio: 399\/227;\" data-srcset=\"https:\/\/website.naarcuracao.staging.golf.gillz.cloud\/wp-content\/uploads\/2020\/05\/diepzee-vissen-curacao-400x225-1.jpg 399w, https:\/\/website.naarcuracao.staging.golf.gillz.cloud\/wp-content\/uploads\/2020\/05\/diepzee-vissen-curacao-400x225-1-346x197.jpg 346w, https:\/\/website.naarcuracao.staging.golf.gillz.cloud\/wp-content\/uploads\/2020\/05\/diepzee-vissen-curacao-400x225-1-150x85.jpg 150w\" data-sizes=\"auto\" data-original-sizes=\"(max-width: 399px) 100vw, 399px\" \/><\/a><\/figure>\n\n\n\n<p class=\"has-text-align-center\">Esta excursi\u00f3n en barco est\u00e1 considerada por muchos como la m\u00e1s bonita. Contemple la hermosa naturaleza, las impresionantes bah\u00edas y las preciosas playas de la costa en direcci\u00f3n a Westpunt.<\/p>\n\n\n\n<div class=\"wp-block-buttons is-content-justification-center is-layout-flex wp-container-core-buttons-is-layout-a89b3969 wp-block-buttons-is-layout-flex\">\n<div class=\"wp-block-button has-custom-width wp-block-button__width-100 has-custom-font-size has-medium-font-size\"><a class=\"wp-block-button__link has-luminous-vivid-amber-to-luminous-vivid-orange-gradient-background has-background wp-element-button\" href=\"\/tour-item\/pesca-mar-curacao\/\" style=\"padding-top:15px;padding-right:15px;padding-bottom:15px;padding-left:15px\" target=\"_blank\" rel=\"noopener\"><strong>Pesca de altura en Cura\u00e7ao<\/strong><\/a><\/div>\n<\/div>\n<\/div>\n\n\n\n<div class=\"wp-block-column is-layout-flow wp-block-column-is-layout-flow\">\n<h3 class=\"wp-block-heading has-text-align-center\">Velero de lujo<br><\/h3>\n\n\n\n<figure class=\"wp-block-image aligncenter\"><a href=\"https:\/\/website.naarcuracao.staging.golf.gillz.cloud\/es\/tour-item\/velero-de-lujo\/\" target=\"_blank\" rel=\"noopener\"><img decoding=\"async\" data-src=\"https:\/\/website.naarcuracao.staging.golf.gillz.cloud\/wp-content\/uploads\/2021\/05\/zeilen-curacao-luxe-zeiljacht-400x225-1.jpg\" alt=\"yate de lujo-cura\u00e7ao\" title=\"velero-curacao-yate-velero-de-lujo-400x225\" src=\"data:image\/svg+xml;base64,PHN2ZyB3aWR0aD0iMSIgaGVpZ2h0PSIxIiB4bWxucz0iaHR0cDovL3d3dy53My5vcmcvMjAwMC9zdmciPjwvc3ZnPg==\" class=\"lazyload\" style=\"--smush-placeholder-width: 400px; --smush-placeholder-aspect-ratio: 400\/225;\" \/><\/a><\/figure>\n\n\n\n<p class=\"has-text-align-center\">Disfrute al m\u00e1ximo de un paseo en barco en este lujoso velero. Un servicio de primera y un catering delicioso. Opte por una excursi\u00f3n de medio d\u00eda o de un d\u00eda entero, \u00a1o dec\u00eddase por la excursi\u00f3n definitiva de dos d\u00edas!<\/p>\n\n\n\n<div class=\"wp-block-buttons is-content-justification-center is-layout-flex wp-container-core-buttons-is-layout-a89b3969 wp-block-buttons-is-layout-flex\">\n<div class=\"wp-block-button has-custom-width wp-block-button__width-100 has-custom-font-size has-medium-font-size\"><a class=\"wp-block-button__link has-luminous-vivid-amber-to-luminous-vivid-orange-gradient-background has-background wp-element-button\" href=\"https:\/\/website.naarcuracao.staging.golf.gillz.cloud\/es\/tour-item\/velero-de-lujo\/\" style=\"padding-top:15px;padding-right:15px;padding-bottom:15px;padding-left:15px\" target=\"_blank\" rel=\"noopener\"><strong>Alquiler de veleros de lujo<\/strong><\/a><\/div>\n<\/div>\n<\/div>\n<\/div>\n","protected":false},"excerpt":{"rendered":"<p>En una isla tropical como Cura\u00e7ao, \u00abpor supuesto\u00bb un paseo en barco se convierte en una obligaci\u00f3n durante sus vacaciones. Puede optar por una de las excursiones a Klein Cura\u00e7ao, que est\u00e1n masivamente reservadas, o por una m\u00e1s \u00edntima Sunset Sail. En cualquier caso, Cura\u00e7ao es un destino imprescindible. Klein Cura\u00e7ao Todos los d\u00edas salen [&hellip;]<\/p>\n","protected":false},"author":1,"featured_media":0,"parent":0,"menu_order":0,"comment_status":"closed","ping_status":"closed","template":"","meta":{"_acf_changed":false,"site-sidebar-layout":"default","site-content-layout":"","ast-site-content-layout":"default","site-content-style":"default","site-sidebar-style":"default","ast-global-header-display":"","ast-banner-title-visibility":"","ast-main-header-display":"","ast-hfb-above-header-display":"","ast-hfb-below-header-display":"","ast-hfb-mobile-header-display":"","site-post-title":"","ast-breadcrumbs-content":"","ast-featured-img":"","footer-sml-layout":"","theme-transparent-header-meta":"","adv-header-id-meta":"","stick-header-meta":"","header-above-stick-meta":"","header-main-stick-meta":"","header-below-stick-meta":"","astra-migrate-meta-layouts":"set","ast-page-background-enabled":"default","ast-page-background-meta":{"desktop":{"background-color":"var(--ast-global-color-4)","background-image":"","background-repeat":"repeat","background-position":"center center","background-size":"auto","background-attachment":"scroll","background-type":"","background-media":"","overlay-type":"","overlay-color":"","overlay-opacity":"","overlay-gradient":""},"tablet":{"background-color":"","background-image":"","background-repeat":"repeat","background-position":"center center","background-size":"auto","background-attachment":"scroll","background-type":"","background-media":"","overlay-type":"","overlay-color":"","overlay-opacity":"","overlay-gradient":""},"mobile":{"background-color":"","background-image":"","background-repeat":"repeat","background-position":"center center","background-size":"auto","background-attachment":"scroll","background-type":"","background-media":"","overlay-type":"","overlay-color":"","overlay-opacity":"","overlay-gradient":""}},"ast-content-background-meta":{"desktop":{"background-color":"var(--ast-global-color-5)","background-image":"","background-repeat":"repeat","background-position":"center center","background-size":"auto","background-attachment":"scroll","background-type":"","background-media":"","overlay-type":"","overlay-color":"","overlay-opacity":"","overlay-gradient":""},"tablet":{"background-color":"var(--ast-global-color-5)","background-image":"","background-repeat":"repeat","background-position":"center center","background-size":"auto","background-attachment":"scroll","background-type":"","background-media":"","overlay-type":"","overlay-color":"","overlay-opacity":"","overlay-gradient":""},"mobile":{"background-color":"var(--ast-global-color-5)","background-image":"","background-repeat":"repeat","background-position":"center center","background-size":"auto","background-attachment":"scroll","background-type":"","background-media":"","overlay-type":"","overlay-color":"","overlay-opacity":"","overlay-gradient":""}},"footnotes":""},"class_list":["post-52860","page","type-page","status-publish","hentry"],"acf":[],"_links":{"self":[{"href":"https:\/\/website.naarcuracao.staging.golf.gillz.cloud\/es\/wp-json\/wp\/v2\/pages\/52860","targetHints":{"allow":["GET"]}}],"collection":[{"href":"https:\/\/website.naarcuracao.staging.golf.gillz.cloud\/es\/wp-json\/wp\/v2\/pages"}],"about":[{"href":"https:\/\/website.naarcuracao.staging.golf.gillz.cloud\/es\/wp-json\/wp\/v2\/types\/page"}],"author":[{"embeddable":true,"href":"https:\/\/website.naarcuracao.staging.golf.gillz.cloud\/es\/wp-json\/wp\/v2\/users\/1"}],"replies":[{"embeddable":true,"href":"https:\/\/website.naarcuracao.staging.golf.gillz.cloud\/es\/wp-json\/wp\/v2\/comments?post=52860"}],"version-history":[{"count":2,"href":"https:\/\/website.naarcuracao.staging.golf.gillz.cloud\/es\/wp-json\/wp\/v2\/pages\/52860\/revisions"}],"predecessor-version":[{"id":60059,"href":"https:\/\/website.naarcuracao.staging.golf.gillz.cloud\/es\/wp-json\/wp\/v2\/pages\/52860\/revisions\/60059"}],"wp:attachment":[{"href":"https:\/\/website.naarcuracao.staging.golf.gillz.cloud\/es\/wp-json\/wp\/v2\/media?parent=52860"}],"curies":[{"name":"wp","href":"https:\/\/api.w.org\/{rel}","templated":true}]}}