{"id":53401,"date":"2015-11-11T14:11:35","date_gmt":"2015-11-11T13:11:35","guid":{"rendered":"https:\/\/website.naarcuracao.staging.golf.gillz.cloud\/?page_id=53401"},"modified":"2023-12-23T17:57:47","modified_gmt":"2023-12-23T16:57:47","slug":"temporada-de-lluvias-en-curacao","status":"publish","type":"page","link":"https:\/\/website.naarcuracao.staging.golf.gillz.cloud\/es\/temporada-de-lluvias-en-curacao\/","title":{"rendered":"Temporada de lluvias en Cura\u00e7ao"},"content":{"rendered":"\n<h5 class=\"wp-block-heading\">Como casi todos los pa\u00edses de Centroam\u00e9rica, Cura\u00e7ao sufre a veces precipitaciones considerables. Pero, \u00bfcu\u00e1ndo es la temporada de lluvias en Cura\u00e7ao y cu\u00e1nto le molesta como turista?<\/h5>\n\n<h2 class=\"wp-block-heading\">Temporada de lluvias en Cura\u00e7ao: \u00bfcu\u00e1ndo?<\/h2>\n\n<p>La estaci\u00f3n lluviosa de Cura\u00e7ao se extiende aproximadamente de septiembre a finales de diciembre, pero puede variar algunas semanas de un a\u00f1o a otro. Los meses m\u00e1s lluviosos suelen ser octubre y noviembre, pero tambi\u00e9n puede llover en las semanas anteriores y posteriores.<\/p>\n\n<h3 class=\"wp-block-heading\">La lluvia en Cura\u00e7ao<\/h3>\n\n<p>En s\u00ed, la temporada de lluvias de Cura\u00e7ao no tiene por qu\u00e9 ser un problema en absoluto para sus <a href=\"https:\/\/website.naarcuracao.staging.golf.gillz.cloud\/goedkoop-naar-curacao\/\">vacaciones en Cura\u00e7ao<\/a>. Por supuesto, usted preferir\u00eda unas vacaciones sin lluvia, pero lo justo es tambi\u00e9n que, especialmente de octubre a mediados de diciembre, los precios de los billetes de avi\u00f3n y las vacaciones a Cura\u00e7ao son m\u00e1s bajos. Y eso podr\u00eda hacer que la ducha ocasional no fuera tan mala. \ud83d\ude09<\/p>\n\n<h3 class=\"wp-block-heading\">Especialmente por la noche<\/h3>\n\n<p>Por supuesto, no hay garant\u00edas, pero normalmente la mayor parte de la lluvia de Cura\u00e7ao cae a primera hora de la ma\u00f1ana, cuando a\u00fan se est\u00e1 durmiendo a pierna suelta. Cuando te levantes por la ma\u00f1ana, puede que veas algunas manchas de humedad en la calle y las gotas en las plantas del jard\u00edn, pero no notar\u00e1s mucho m\u00e1s que est\u00e1s de vacaciones en Cura\u00e7ao durante la temporada de lluvias.<\/p>\n\n<h2 class=\"wp-block-heading\">Radar de precipitaciones Cura\u00e7ao<\/h2>\n\n<p>Si desea una imagen actualizada de la lluvia en Curacao, puede consultar el <a href=\"https:\/\/website.naarcuracao.staging.golf.gillz.cloud\/regenradar-curacao\/\">Radar de Lluvia para Curacao<\/a>. Es muy \u00fatil, porque en Cura\u00e7ao suele ocurrir que llueve en alg\u00fan sitio, pero a pocos kil\u00f3metros no hay -literalmente- ni una nube a la vista. Si quieres saber qu\u00e9 tiempo har\u00e1 en los pr\u00f3ximos d\u00edas, tambi\u00e9n puedes descargarte la app de Infoplaza, que, entre otras cosas, tambi\u00e9n incluye una notificaci\u00f3n push si va a llover.<br\/><a href=\"https:\/\/website.naarcuracao.staging.golf.gillz.cloud\/regenradar-curacao\/\">M\u00e1s informaci\u00f3n sobre el radar de lluvia y la aplicaci\u00f3n meteorol\u00f3gica para Cura\u00e7ao<\/a>.<\/p>\n\n<h2 class=\"wp-block-heading\">La gran ventaja<\/h2>\n\n<p>Ir de vacaciones a Cura\u00e7ao en oto\u00f1o tiene la gran ventaja, de todos modos, de que es <strong>la \u00e9poca del a\u00f1o m\u00e1s ventajosa<\/strong> para ir a Cura\u00e7ao. En los Pa\u00edses Bajos, el periodo entre las vacaciones de verano y las de Navidad es siempre el m\u00e1s tranquilo del a\u00f1o en cuanto a \u00abirse de vacaciones\u00bb, por lo que los operadores tur\u00edsticos intentan tentarle con buenos descuentos s\u00f3lo para ese periodo. Compru\u00e9belo <a href=\"\/tui-pakketreizen\/\">usted mismo<\/a>.<\/p>\n\n<div class=\"wp-block-buttons is-content-justification-center is-layout-flex wp-container-core-buttons-is-layout-a89b3969 wp-block-buttons-is-layout-flex\">\n<div class=\"wp-block-button has-custom-width wp-block-button__width-75 has-custom-font-size has-medium-font-size\"><a class=\"wp-block-button__link has-luminous-vivid-amber-to-luminous-vivid-orange-gradient-background has-background wp-element-button\" href=\"https:\/\/website.naarcuracao.staging.golf.gillz.cloud\/tui-pakketreizen\/\" style=\"padding-top:15px;padding-bottom:15px\"><strong>Viajes organizados baratos a Cura\u00e7ao<\/strong><\/a><\/div>\n<\/div>\n\n<div class=\"wp-block-columns is-layout-flex wp-container-core-columns-is-layout-eb89d6fd wp-block-columns-is-layout-flex\" style=\"margin-top:20px;padding-top:0px\">\n<div class=\"wp-block-column is-layout-flow wp-block-column-is-layout-flow\">\n<h3 class=\"wp-block-heading\">\u00bfCu\u00e1nto se sufre por la temporada de lluvias en Cura\u00e7ao?<\/h3>\n\n\n\n<p>El inconveniente de la lluvia en Cura\u00e7ao no es realmente tan dram\u00e1tico como puede parecer. En la pr\u00e1ctica, significar\u00e1 que una o dos veces al d\u00eda puede haber un aguacero de unos 15 minutos de media. A menudo, 10 minutos m\u00e1s tarde, volver\u00e1 a hacer un sol radiante sin -literalmente- ni una nube en el cielo. Incluso cuando llueve hace calor, y el agua de lluvia tambi\u00e9n tiene una temperatura agradable.<\/p>\n<\/div>\n\n\n\n<div class=\"wp-block-column is-layout-flow wp-block-column-is-layout-flow\">\n<h3 class=\"wp-block-heading\">Nuestra experiencia con la temporada de lluvias en Cura\u00e7ao<\/h3>\n\n\n\n<p>En toda nuestra ingenuidad, nuestras primeras vacaciones en Cura\u00e7ao las reservamos para finales de noviembre, as\u00ed que, sin saberlo de antemano, est\u00e1bamos en plena temporada de lluvias. Al final, no estuvo tan mal. De todos modos, a veces tambi\u00e9n nos gustaba que no hiciera un sol abrasador todo el d\u00eda, y si est\u00e1bamos en la playa y empezaba a llover, nos met\u00edamos un rato bajo la sombrilla. A nuestros hijos les encantaba correr bajo la lluvia y pisar los charcos, \u00a1porque jugar bajo una \u00abgran ducha de agua caliente\u00bb es divertido!<\/p>\n<\/div>\n<\/div>\n\n<div class=\"wp-block-columns has-background is-layout-flex wp-container-core-columns-is-layout-1d9e2a49 wp-block-columns-is-layout-flex\" style=\"background-color:#fcb90066;padding-top:10px;padding-bottom:10px\">\n<div class=\"wp-block-column is-layout-flow wp-block-column-is-layout-flow\">\n<h4 class=\"wp-block-heading\">Oto\u00f1o de 2022 y 2023<\/h4>\n\n\n\n<p><strong><em>2022<\/em><\/strong><br\/>El oto\u00f1o de 2022 fue testigo de lluvias excepcionales en Cura\u00e7ao. En octubre y noviembre se registraron precipitaciones superiores a la media durante todo el d\u00eda. Eso puede ocurrir, por supuesto, igual que en los Pa\u00edses Bajos el verano tambi\u00e9n es mucho m\u00e1s h\u00famedo un a\u00f1o que el anterior y el posterior. Por lo tanto, que 2022 tampoco sea una medida de c\u00f3mo es Cura\u00e7ao durante la temporada de lluvias.<br\/><strong><em>2023<\/em><\/strong><br\/>Hasta ahora (mediados de octubre de 2023), ha permanecido seco. La semana pasada cay\u00f3 un chaparr\u00f3n fuerte, pero eso es todo en lo que va de a\u00f1o. De hecho, la isla est\u00e1 demasiado seca, no ha llovido -excepto ese chaparr\u00f3n de la semana pasada- en meses.<\/p>\n<\/div>\n<\/div>\n\n<h2 class=\"wp-block-heading\">Molestias en la v\u00eda p\u00fablica<\/h2>\n\n<p>Si sales a la calle durante una lluvia intensa, ten cuidado. Todo el polvo que hay en las calles significa que, durante una tormenta, las carreteras pueden volverse bastante resbaladizas. A veces tambi\u00e9n hay grandes baches en la carretera. Si est\u00e1 seco, puedes verlo desde lejos y conducir a su alrededor. Pero durante un aguacero, hay muchos charcos en la carretera y ya no se puede distinguir un charco normal y poco profundo de uno profundo. Por eso, si sale en coche durante o poco despu\u00e9s de un chubasco, intente tambi\u00e9n evitar los charcos en la medida de lo posible.<\/p>\n\n<h2 class=\"wp-block-heading\">Drenaje del agua en Cura\u00e7ao<\/h2>\n\n<p>El sistema de drenaje de aguas pluviales de Cura\u00e7ao no est\u00e1 bien equipado en todas partes para manejar un suministro espont\u00e1neo de una enorme cantidad de agua de lluvia. Como resultado, las carreteras quedaron completamente inundadas en algunos lugares. Esto se debe, por ejemplo, a que los desag\u00fces no se utilizan durante casi todo el a\u00f1o, dejando en ellos todo tipo de residuos. Entonces, si de repente llueve mucho, todos esos residuos har\u00e1n que se atasque el desag\u00fce.<\/p>\n\n<h2 class=\"wp-block-heading\">\u00c9poca de lluvias = \u00c9poca de mosquitos<\/h2>\n\n<p>Una desventaja de la temporada de lluvias en Cura\u00e7ao es que puede haber alguna molestia m\u00e1s de <a href=\"https:\/\/website.naarcuracao.staging.golf.gillz.cloud\/es\/mosquito-en-curacao\/\">mosquitos en Cura\u00e7ao<\/a>. Los peque\u00f1os charcos de agua creados en todas partes por la lluvia (en basuras, jardines, fosas, etc.) ofrecen una gran oportunidad al mosquito para poner huevos. Y al mosquito de Cura\u00e7ao parece gustarle especialmente la deliciosa sangre de los turistas, as\u00ed que <a href=\"https:\/\/website.naarcuracao.staging.golf.gillz.cloud\/es\/mosquito-en-curacao\/#deet\">fr\u00f3tate bien con DEET<\/a>, porque si no los mosquitos te van a dar duro.<\/p>\n\n<h2 class=\"wp-block-heading\">Sin huracanes<\/h2>\n\n<p>Durante la \u00e9poca de lluvias, siempre se oye hablar de los huracanes que azotan Centroam\u00e9rica. Como Cura\u00e7ao est\u00e1 situada al sur de Centroam\u00e9rica, los huracanes y las tormentas tropicales casi siempre pasan \u00abpor encima\u00bb de Cura\u00e7ao. Una vez cada pocos a\u00f1os, una tormenta puede barrer notablemente, pero a menudo el ojo del hurac\u00e1n estar\u00e1 relativamente lejos de Cura\u00e7ao.<\/p>\n\n<h2 class=\"wp-block-heading\">Conclusi\u00f3n &#8211; temporada de lluvias Cura\u00e7ao<\/h2>\n\n<p>En resumen, la temporada de lluvias de Cura\u00e7ao no es motivo para no visitar la isla. S\u00f3lo tiene que ir y descubrir\u00e1 que los chaparrones ocasionales son bastante refrescantes entre tanto calor. Y, por supuesto, la gran ventaja de que unas <a href=\"\/tui-pakketreizen\/\">vacaciones en Cura\u00e7ao<\/a> durante la temporada de lluvias pueden ser considerablemente m\u00e1s baratas que en cualquier otra \u00e9poca del a\u00f1o.<\/p>\n\n<div class=\"wp-block-buttons is-layout-flex wp-block-buttons-is-layout-flex\">\n<div class=\"wp-block-button has-custom-width wp-block-button__width-100 has-custom-font-size has-medium-font-size\"><a class=\"wp-block-button__link has-luminous-vivid-amber-to-luminous-vivid-orange-gradient-background has-background wp-element-button\" href=\"https:\/\/website.naarcuracao.staging.golf.gillz.cloud\/tui-pakketreizen\/\" style=\"padding-top:15px;padding-bottom:15px\"><strong>Ver viajes combinados baratos<\/strong><\/a><\/div>\n<\/div>\n","protected":false},"excerpt":{"rendered":"<p>Como casi todos los pa\u00edses de Centroam\u00e9rica, Cura\u00e7ao sufre a veces precipitaciones considerables. Pero, \u00bfcu\u00e1ndo es la temporada de lluvias en Cura\u00e7ao y cu\u00e1nto le molesta como turista? Temporada de lluvias en Cura\u00e7ao: \u00bfcu\u00e1ndo? La estaci\u00f3n lluviosa de Cura\u00e7ao se extiende aproximadamente de septiembre a finales de diciembre, pero puede variar algunas semanas de un [&hellip;]<\/p>\n","protected":false},"author":1,"featured_media":53402,"parent":0,"menu_order":0,"comment_status":"closed","ping_status":"closed","template":"","meta":{"_acf_changed":false,"site-sidebar-layout":"default","site-content-layout":"","ast-site-content-layout":"default","site-content-style":"default","site-sidebar-style":"default","ast-global-header-display":"","ast-banner-title-visibility":"","ast-main-header-display":"","ast-hfb-above-header-display":"","ast-hfb-below-header-display":"","ast-hfb-mobile-header-display":"","site-post-title":"","ast-breadcrumbs-content":"","ast-featured-img":"","footer-sml-layout":"","theme-transparent-header-meta":"","adv-header-id-meta":"","stick-header-meta":"","header-above-stick-meta":"","header-main-stick-meta":"","header-below-stick-meta":"","astra-migrate-meta-layouts":"set","ast-page-background-enabled":"default","ast-page-background-meta":{"desktop":{"background-color":"var(--ast-global-color-4)","background-image":"","background-repeat":"repeat","background-position":"center center","background-size":"auto","background-attachment":"scroll","background-type":"","background-media":"","overlay-type":"","overlay-color":"","overlay-opacity":"","overlay-gradient":""},"tablet":{"background-color":"","background-image":"","background-repeat":"repeat","background-position":"center center","background-size":"auto","background-attachment":"scroll","background-type":"","background-media":"","overlay-type":"","overlay-color":"","overlay-opacity":"","overlay-gradient":""},"mobile":{"background-color":"","background-image":"","background-repeat":"repeat","background-position":"center center","background-size":"auto","background-attachment":"scroll","background-type":"","background-media":"","overlay-type":"","overlay-color":"","overlay-opacity":"","overlay-gradient":""}},"ast-content-background-meta":{"desktop":{"background-color":"var(--ast-global-color-5)","background-image":"","background-repeat":"repeat","background-position":"center center","background-size":"auto","background-attachment":"scroll","background-type":"","background-media":"","overlay-type":"","overlay-color":"","overlay-opacity":"","overlay-gradient":""},"tablet":{"background-color":"var(--ast-global-color-5)","background-image":"","background-repeat":"repeat","background-position":"center center","background-size":"auto","background-attachment":"scroll","background-type":"","background-media":"","overlay-type":"","overlay-color":"","overlay-opacity":"","overlay-gradient":""},"mobile":{"background-color":"var(--ast-global-color-5)","background-image":"","background-repeat":"repeat","background-position":"center center","background-size":"auto","background-attachment":"scroll","background-type":"","background-media":"","overlay-type":"","overlay-color":"","overlay-opacity":"","overlay-gradient":""}},"footnotes":""},"class_list":["post-53401","page","type-page","status-publish","has-post-thumbnail","hentry"],"acf":[],"_links":{"self":[{"href":"https:\/\/website.naarcuracao.staging.golf.gillz.cloud\/es\/wp-json\/wp\/v2\/pages\/53401","targetHints":{"allow":["GET"]}}],"collection":[{"href":"https:\/\/website.naarcuracao.staging.golf.gillz.cloud\/es\/wp-json\/wp\/v2\/pages"}],"about":[{"href":"https:\/\/website.naarcuracao.staging.golf.gillz.cloud\/es\/wp-json\/wp\/v2\/types\/page"}],"author":[{"embeddable":true,"href":"https:\/\/website.naarcuracao.staging.golf.gillz.cloud\/es\/wp-json\/wp\/v2\/users\/1"}],"replies":[{"embeddable":true,"href":"https:\/\/website.naarcuracao.staging.golf.gillz.cloud\/es\/wp-json\/wp\/v2\/comments?post=53401"}],"version-history":[{"count":2,"href":"https:\/\/website.naarcuracao.staging.golf.gillz.cloud\/es\/wp-json\/wp\/v2\/pages\/53401\/revisions"}],"predecessor-version":[{"id":54525,"href":"https:\/\/website.naarcuracao.staging.golf.gillz.cloud\/es\/wp-json\/wp\/v2\/pages\/53401\/revisions\/54525"}],"wp:featuredmedia":[{"embeddable":true,"href":"https:\/\/website.naarcuracao.staging.golf.gillz.cloud\/es\/wp-json\/wp\/v2\/media\/53402"}],"wp:attachment":[{"href":"https:\/\/website.naarcuracao.staging.golf.gillz.cloud\/es\/wp-json\/wp\/v2\/media?parent=53401"}],"curies":[{"name":"wp","href":"https:\/\/api.w.org\/{rel}","templated":true}]}}