{"id":54279,"date":"2023-10-11T16:40:51","date_gmt":"2023-10-11T14:40:51","guid":{"rendered":"https:\/\/website.naarcuracao.staging.golf.gillz.cloud\/?page_id=54279"},"modified":"2023-12-19T21:11:48","modified_gmt":"2023-12-19T20:11:48","slug":"24-7-taxi-curacao","status":"publish","type":"page","link":"https:\/\/website.naarcuracao.staging.golf.gillz.cloud\/es\/24-7-taxi-curacao\/","title":{"rendered":"24-7 Taxi Cura\u00e7ao"},"content":{"rendered":"\n<h5 class=\"wp-block-heading\">Si quiere ir a alg\u00fan sitio en Cura\u00e7ao y no tiene coche, el transporte p\u00fablico no es realmente una opci\u00f3n fiable. Y tampoco se va a pie o en bicicleta; hace demasiado calor o faltan senderos seguros para caminar y montar en bicicleta. \u00bfC\u00f3mo conseguir f\u00e1cilmente un taxi? Con la aplicaci\u00f3n 24-7 Taxi Curacao, esto se arregla r\u00e1pidamente.<\/h5>\n\n\n\n<div class=\"wp-block-columns is-layout-flex wp-container-core-columns-is-layout-28f84493 wp-block-columns-is-layout-flex\">\n<div class=\"wp-block-column has-border-color has-red-border-color has-background is-layout-flow wp-block-column-is-layout-flow\" style=\"border-width:2px;background-color:#f7e34c;padding-top:10px;padding-right:10px;padding-bottom:10px;padding-left:10px;flex-basis:33.33%\">\n<h2 class=\"wp-block-heading has-text-align-center\">\u00bfNecesita un taxi?<\/h2>\n\n\n\n<p class=\"has-text-align-center\"><strong>\u00bfNecesita un taxi? \u00a1Un llamador es m\u00e1s r\u00e1pido! Llame al +5999 844 9247.<\/strong> <\/p>\n\n\n\n<div class=\"wp-block-buttons is-content-justification-center is-layout-flex wp-container-core-buttons-is-layout-a89b3969 wp-block-buttons-is-layout-flex\">\n<div class=\"wp-block-button has-custom-width wp-block-button__width-75 has-custom-font-size has-medium-font-size\"><a class=\"wp-block-button__link has-white-color has-luminous-vivid-orange-to-vivid-red-gradient-background has-text-color has-background has-text-align-center wp-element-button\" href=\"tel:005998449247\" style=\"padding-top:20px;padding-bottom:20px\" target=\"_blank\" rel=\"noreferrer noopener\"><strong>Llame ahora a Taxi Cura\u00e7ao<\/strong> \u00bb<\/a><\/div>\n<\/div>\n<\/div>\n\n\n\n<div class=\"wp-block-column is-layout-flow wp-block-column-is-layout-flow\" style=\"flex-basis:66.66%\">\n<h2 class=\"wp-block-heading\">24-7 Taxi Curacao<\/h2>\n\n\n\n<p>Cura\u00e7ao es una isla encantadora para pasar las vacaciones. Y a menudo se puede ir andando desde el alojamiento a la playa, algunas tiendas o restaurantes. Pero a veces es agradable ir un poco m\u00e1s lejos. Un coche de alquiler es entonces una opci\u00f3n, pero normalmente s\u00f3lo est\u00e1 disponible a partir de 4 d\u00edas de alquiler. Un taxi es entonces una gran soluci\u00f3n. Y 24-7 Taxi Cura\u00e7ao es la mayor organizaci\u00f3n de taxis de Cura\u00e7ao; disponen de coches c\u00f3modos y unos 50 conductores de confianza.<\/p>\n<\/div>\n<\/div>\n\n\n\n<h3 class=\"wp-block-heading\">Taxi r\u00e1pido y sencillo<\/h3>\n\n\n\n<p>En 24-7 Taxi Curacao, usted siempre organiza un taxi con facilidad. Esto puede hacerse de varias maneras:<\/p>\n\n\n\n<h3 class=\"wp-block-heading\">A trav\u00e9s de la aplicaci\u00f3n 24-7 Taxi<\/h3>\n\n\n\n<div class=\"wp-block-columns are-vertically-aligned-center is-layout-flex wp-container-core-columns-is-layout-085a718d wp-block-columns-is-layout-flex\" style=\"margin-top:15px;margin-bottom:15px\">\n<div class=\"wp-block-column is-vertically-aligned-center is-layout-flow wp-block-column-is-layout-flow\" style=\"flex-basis:66.66%\">\n<p>La forma m\u00e1s r\u00e1pida y sencilla de reservar un taxi en Curacao es a trav\u00e9s de la app de 24-7 Taxi Curacao. Cuando abres la aplicaci\u00f3n, el lugar de recogida se selecciona f\u00e1cilmente seg\u00fan el lugar en el que te encuentres en ese momento. Y para indicar d\u00f3nde ir, puedes introducir una direcci\u00f3n\/localizaci\u00f3n o buscarla a trav\u00e9s del mapa. Y eso es \u00fatil, porque como turista, uno sabe d\u00f3nde est\u00e1n muchos lugares (aproximadamente), pero no tiene ni idea de c\u00f3mo se llama la calle.<br>Ver\u00e1 inmediatamente qu\u00e9 taxis est\u00e1n disponibles y cu\u00e1nto le costar\u00e1n. Super simple, super r\u00e1pido arreglo. La aplicaci\u00f3n est\u00e1 disponible en la <a href=\"https:\/\/apps.apple.com\/nl\/app\/24-7-taxi-curacao\/id1571466170\" target=\"_blank\" rel=\"noreferrer noopener nofollow sponsored\">App Store de Apple<\/a> y tambi\u00e9n en <a href=\"https:\/\/play.google.com\/store\/apps\/details?id=com.taxicaller.TAXICURACAO247.app&amp;hl=nl-NL&amp;referrer=utm_source%3D247_taxi_curacao%26utm_medium%3Dwebsite_cw_nl%26utm_campaign%3Ddownload_app_google_play\" target=\"_blank\" rel=\"noreferrer noopener nofollow sponsored\">Google Play<\/a>.<\/p>\n\n\n\n<h5 class=\"wp-block-heading\"><span><em style=\"font-weight: bold;\">Cree r\u00e1pidamente una<\/em><\/span><em style=\"font-weight: bold;\">cuenta<\/em><\/h5>\n\n\n\n<p>Para utilizar la aplicaci\u00f3n, es necesario crear una cuenta una vez, pero eso se hace f\u00e1cilmente sin todo tipo de pasos de verificaci\u00f3n. Introduzca su nombre, n\u00famero de tel\u00e9fono, direcci\u00f3n de correo electr\u00f3nico y, a continuaci\u00f3n, s\u00f3lo una contrase\u00f1a. Eso es todo. Y ya puede ponerse a pedir un taxi.<br>Haga clic en la imagen de Apple App Store o Google Play para su descarga.<\/p>\n\n\n\n<div class=\"wp-block-columns is-layout-flex wp-container-core-columns-is-layout-28f84493 wp-block-columns-is-layout-flex\">\n<div class=\"wp-block-column is-layout-flow wp-block-column-is-layout-flow\">\n<figure class=\"wp-block-image aligncenter size-medium is-resized\"><a href=\"https:\/\/apps.apple.com\/nl\/app\/24-7-taxi-curacao\/id1571466170\" target=\"_blank\" rel=\"noreferrer noopener\"><img decoding=\"async\" width=\"350\" height=\"104\" data-src=\"https:\/\/website.naarcuracao.staging.golf.gillz.cloud\/wp-content\/uploads\/2023\/10\/download-app-store-350x104.png\" alt=\"\" class=\"wp-image-49217 lazyload\" style=\"--smush-placeholder-width: 350px; --smush-placeholder-aspect-ratio: 350\/104;width:210px;height:undefinedpx\" title=\"\" data-srcset=\"https:\/\/website.naarcuracao.staging.golf.gillz.cloud\/wp-content\/uploads\/2023\/10\/download-app-store-350x104.png 350w, https:\/\/website.naarcuracao.staging.golf.gillz.cloud\/wp-content\/uploads\/2023\/10\/download-app-store-150x45.png 150w, https:\/\/website.naarcuracao.staging.golf.gillz.cloud\/wp-content\/uploads\/2023\/10\/download-app-store.png 687w\" data-sizes=\"auto\" src=\"data:image\/svg+xml;base64,PHN2ZyB3aWR0aD0iMSIgaGVpZ2h0PSIxIiB4bWxucz0iaHR0cDovL3d3dy53My5vcmcvMjAwMC9zdmciPjwvc3ZnPg==\" data-original-sizes=\"(max-width: 350px) 100vw, 350px\" \/><\/a><\/figure>\n<\/div>\n\n\n\n<div class=\"wp-block-column is-layout-flow wp-block-column-is-layout-flow\">\n<figure class=\"wp-block-image aligncenter size-medium is-resized\"><a href=\"https:\/\/play.google.com\/store\/apps\/details?id=com.taxicaller.TAXICURACAO247.app&amp;hl=nl-NL&amp;referrer=utm_source%3D247_taxi_curacao%26utm_medium%3Dwebsite_cw_nl%26utm_campaign%3Ddownload_app_google_play\" target=\"_blank\" rel=\"noreferrer noopener\"><img decoding=\"async\" width=\"350\" height=\"106\" data-src=\"https:\/\/website.naarcuracao.staging.golf.gillz.cloud\/wp-content\/uploads\/2023\/10\/get-in-on-google-play-350x106.png\" alt=\"\" class=\"wp-image-49221 lazyload\" style=\"--smush-placeholder-width: 350px; --smush-placeholder-aspect-ratio: 350\/106;width:210px;height:undefinedpx\" title=\"\" data-srcset=\"https:\/\/website.naarcuracao.staging.golf.gillz.cloud\/wp-content\/uploads\/2023\/10\/get-in-on-google-play-350x106.png 350w, https:\/\/website.naarcuracao.staging.golf.gillz.cloud\/wp-content\/uploads\/2023\/10\/get-in-on-google-play-150x46.png 150w, https:\/\/website.naarcuracao.staging.golf.gillz.cloud\/wp-content\/uploads\/2023\/10\/get-in-on-google-play.png 689w\" data-sizes=\"auto\" src=\"data:image\/svg+xml;base64,PHN2ZyB3aWR0aD0iMSIgaGVpZ2h0PSIxIiB4bWxucz0iaHR0cDovL3d3dy53My5vcmcvMjAwMC9zdmciPjwvc3ZnPg==\" data-original-sizes=\"(max-width: 350px) 100vw, 350px\" \/><\/a><\/figure>\n<\/div>\n<\/div>\n<\/div>\n\n\n\n<div class=\"wp-block-column is-vertically-aligned-center is-layout-flow wp-block-column-is-layout-flow\" style=\"flex-basis:33.33%\">\n<figure class=\"wp-block-image aligncenter size-full\"><a href=\"https:\/\/247taxi.cw\/download-app\/\" target=\"_blank\" rel=\"noreferrer noopener nofollow sponsored\"><img decoding=\"async\" width=\"430\" height=\"439\" data-src=\"https:\/\/website.naarcuracao.staging.golf.gillz.cloud\/wp-content\/uploads\/2023\/10\/24-7-taxi-curacao-430x439-1.png\" alt=\"24-7 Taxi Curacao reservar un taxi a trav\u00e9s de una aplicaci\u00f3n\" class=\"wp-image-49196 lazyload\" title=\"\" data-srcset=\"https:\/\/website.naarcuracao.staging.golf.gillz.cloud\/wp-content\/uploads\/2023\/10\/24-7-taxi-curacao-430x439-1.png 430w, https:\/\/website.naarcuracao.staging.golf.gillz.cloud\/wp-content\/uploads\/2023\/10\/24-7-taxi-curacao-430x439-1-193x197.png 193w, https:\/\/website.naarcuracao.staging.golf.gillz.cloud\/wp-content\/uploads\/2023\/10\/24-7-taxi-curacao-430x439-1-294x300.png 294w, https:\/\/website.naarcuracao.staging.golf.gillz.cloud\/wp-content\/uploads\/2023\/10\/24-7-taxi-curacao-430x439-1-147x150.png 147w\" data-sizes=\"auto\" src=\"data:image\/svg+xml;base64,PHN2ZyB3aWR0aD0iMSIgaGVpZ2h0PSIxIiB4bWxucz0iaHR0cDovL3d3dy53My5vcmcvMjAwMC9zdmciPjwvc3ZnPg==\" style=\"--smush-placeholder-width: 430px; --smush-placeholder-aspect-ratio: 430\/439;\" data-original-sizes=\"(max-width: 430px) 100vw, 430px\" \/><\/a><\/figure>\n<\/div>\n<\/div>\n\n\n\n<h3 class=\"wp-block-heading\">WhatsApp o llame al<\/h3>\n\n\n\n<p>Si necesita un taxi una vez y no considera necesario descargarse una aplicaci\u00f3n y crear una cuenta para hacerlo, por supuesto tambi\u00e9n puede pedirlo f\u00e1cilmente por tel\u00e9fono. Puede hacerse por WhatsApp o simplemente con una llamada:<\/p>\n\n\n\n<div class=\"wp-block-columns is-layout-flex wp-container-core-columns-is-layout-ebd733d1 wp-block-columns-is-layout-flex\" style=\"margin-top:20px;margin-bottom:20px\">\n<div class=\"wp-block-column is-vertically-aligned-center has-border-color has-dark-border-color is-layout-flow wp-container-core-column-is-layout-9ade4a0a wp-block-column-is-layout-flow\" style=\"border-width:1px;padding-top:10px;padding-bottom:10px\">\n<h3 class=\"wp-block-heading has-text-align-center\">WhatsApp<\/h3>\n\n\n\n<p class=\"has-text-align-center\">24-7 Taxi Curacao se puede llegar a trav\u00e9s de WhatsApp en telnr. +5999 844 9247.<\/p>\n\n\n\n<div class=\"wp-block-buttons is-content-justification-center is-layout-flex wp-container-core-buttons-is-layout-a89b3969 wp-block-buttons-is-layout-flex\">\n<div class=\"wp-block-button has-custom-width wp-block-button__width-75 has-custom-font-size has-medium-font-size\"><a class=\"wp-block-button__link has-black-color has-text-color has-background has-text-align-center wp-element-button\" href=\"https:\/\/api.whatsapp.com\/send?phone=59998449247\" style=\"background-color:#4fce5d;padding-top:20px;padding-bottom:20px\" target=\"_blank\" rel=\"noreferrer noopener\"><strong>24-7 Taxi Curacao &#8211; WhatsApp<\/strong><\/a><\/div>\n<\/div>\n<\/div>\n\n\n\n<div class=\"wp-block-column is-vertically-aligned-center has-border-color has-dark-border-color is-layout-flow wp-container-core-column-is-layout-9ade4a0a wp-block-column-is-layout-flow\" style=\"border-width:1px;padding-top:10px;padding-bottom:10px\">\n<h3 class=\"wp-block-heading has-text-align-center\">Llamando a<\/h3>\n\n\n\n<p class=\"has-text-align-center\">Puede ponerse en contacto con 24-7 Taxi Curacao por tel\u00e9fono llamando al telnr. +5999 844 9247.<\/p>\n\n\n\n<div class=\"wp-block-buttons is-content-justification-center is-layout-flex wp-container-core-buttons-is-layout-a89b3969 wp-block-buttons-is-layout-flex\">\n<div class=\"wp-block-button has-custom-width wp-block-button__width-75 has-custom-font-size has-medium-font-size\"><a class=\"wp-block-button__link has-black-color has-luminous-vivid-amber-background-color has-text-color has-background has-text-align-center wp-element-button\" href=\"tel:005998449247\" style=\"padding-top:20px;padding-bottom:20px\" target=\"_blank\" rel=\"noreferrer noopener\"><strong>24-7 Taxi Curacao &#8211; llamar<\/strong><\/a><\/div>\n<\/div>\n<\/div>\n<\/div>\n\n\n\n<h2 class=\"wp-block-heading\">Tarifas<\/h2>\n\n\n\n<p>\u00bfSab\u00eda que en Cura\u00e7ao los taxis no funcionan con tax\u00edmetro? Como resultado, a menudo no sabe lo que le costar\u00e1 el viaje o el precio a\u00fan tiene que negociarse. Afortunadamente, 24-7 Taxi trabaja con un precio fijo por kil\u00f3metro, por lo que siempre sabr\u00e1 de antemano lo que le costar\u00e1 su viaje en taxi.<\/p>\n\n\n\n<h3 class=\"wp-block-heading\">Taxi de pago<\/h3>\n\n\n\n<p>S\u00f3lo tiene que pagar el taxi cuando llegue a su destino. As\u00ed que no tienes que pagar por adelantado a trav\u00e9s de la aplicaci\u00f3n. Puede pagar en la puerta del conductor en efectivo (en florines o d\u00f3lares estadounidenses) o con su tarjeta de d\u00e9bito o cr\u00e9dito. El pago con tarjeta de d\u00e9bito o cr\u00e9dito conlleva un recargo del 3%. Y 24-7 Taxi Curacao es uno de los pocos taxis en Curacao donde tambi\u00e9n se puede pagar con Apple Pay.<\/p>\n\n\n\n<h2 class=\"wp-block-heading\">Descargar la aplicaci\u00f3n taxi<\/h2>\n\n\n\n<p>Consejo: desc\u00e1rguese ya la aplicaci\u00f3n de taxis y cree su cuenta de inmediato. Entonces usted puede arreglar un taxi todo r\u00e1pido y f\u00e1cil cuando usted necesita uno m\u00e1s adelante en Curacao.<\/p>\n\n\n\n<div class=\"wp-block-columns is-layout-flex wp-container-core-columns-is-layout-ebd733d1 wp-block-columns-is-layout-flex\" style=\"margin-top:20px;margin-bottom:20px\">\n<div class=\"wp-block-column is-layout-flow wp-block-column-is-layout-flow\">\n<figure class=\"wp-block-image aligncenter size-medium is-resized\"><a href=\"https:\/\/apps.apple.com\/nl\/app\/24-7-taxi-curacao\/id1571466170\" target=\"_blank\" rel=\"noreferrer noopener\"><img decoding=\"async\" width=\"350\" height=\"104\" data-src=\"https:\/\/website.naarcuracao.staging.golf.gillz.cloud\/wp-content\/uploads\/2023\/10\/download-app-store-350x104.png\" alt=\"\" class=\"wp-image-49217 lazyload\" style=\"--smush-placeholder-width: 350px; --smush-placeholder-aspect-ratio: 350\/104;width:210px;height:undefinedpx\" title=\"\" data-srcset=\"https:\/\/website.naarcuracao.staging.golf.gillz.cloud\/wp-content\/uploads\/2023\/10\/download-app-store-350x104.png 350w, https:\/\/website.naarcuracao.staging.golf.gillz.cloud\/wp-content\/uploads\/2023\/10\/download-app-store-150x45.png 150w, https:\/\/website.naarcuracao.staging.golf.gillz.cloud\/wp-content\/uploads\/2023\/10\/download-app-store.png 687w\" data-sizes=\"auto\" src=\"data:image\/svg+xml;base64,PHN2ZyB3aWR0aD0iMSIgaGVpZ2h0PSIxIiB4bWxucz0iaHR0cDovL3d3dy53My5vcmcvMjAwMC9zdmciPjwvc3ZnPg==\" data-original-sizes=\"(max-width: 350px) 100vw, 350px\" \/><\/a><\/figure>\n<\/div>\n\n\n\n<div class=\"wp-block-column is-layout-flow wp-block-column-is-layout-flow\">\n<figure class=\"wp-block-image aligncenter size-medium is-resized\"><a href=\"https:\/\/play.google.com\/store\/apps\/details?id=com.taxicaller.TAXICURACAO247.app&amp;hl=nl-NL&amp;referrer=utm_source%3D247_taxi_curacao%26utm_medium%3Dwebsite_cw_nl%26utm_campaign%3Ddownload_app_google_play\" target=\"_blank\" rel=\"noreferrer noopener\"><img decoding=\"async\" width=\"350\" height=\"106\" data-src=\"https:\/\/website.naarcuracao.staging.golf.gillz.cloud\/wp-content\/uploads\/2023\/10\/get-in-on-google-play-350x106.png\" alt=\"\" class=\"wp-image-49221 lazyload\" style=\"--smush-placeholder-width: 350px; --smush-placeholder-aspect-ratio: 350\/106;width:210px;height:undefinedpx\" title=\"\" data-srcset=\"https:\/\/website.naarcuracao.staging.golf.gillz.cloud\/wp-content\/uploads\/2023\/10\/get-in-on-google-play-350x106.png 350w, https:\/\/website.naarcuracao.staging.golf.gillz.cloud\/wp-content\/uploads\/2023\/10\/get-in-on-google-play-150x46.png 150w, https:\/\/website.naarcuracao.staging.golf.gillz.cloud\/wp-content\/uploads\/2023\/10\/get-in-on-google-play.png 689w\" data-sizes=\"auto\" src=\"data:image\/svg+xml;base64,PHN2ZyB3aWR0aD0iMSIgaGVpZ2h0PSIxIiB4bWxucz0iaHR0cDovL3d3dy53My5vcmcvMjAwMC9zdmciPjwvc3ZnPg==\" data-original-sizes=\"(max-width: 350px) 100vw, 350px\" \/><\/a><\/figure>\n<\/div>\n<\/div>\n","protected":false},"excerpt":{"rendered":"<p>Si quiere ir a alg\u00fan sitio en Cura\u00e7ao y no tiene coche, el transporte p\u00fablico no es realmente una opci\u00f3n fiable. Y tampoco se va a pie o en bicicleta; hace demasiado calor o faltan senderos seguros para caminar y montar en bicicleta. \u00bfC\u00f3mo conseguir f\u00e1cilmente un taxi? Con la aplicaci\u00f3n 24-7 Taxi Curacao, esto [&hellip;]<\/p>\n","protected":false},"author":1,"featured_media":49238,"parent":0,"menu_order":0,"comment_status":"closed","ping_status":"closed","template":"","meta":{"_acf_changed":false,"site-sidebar-layout":"default","site-content-layout":"","ast-site-content-layout":"default","site-content-style":"default","site-sidebar-style":"default","ast-global-header-display":"","ast-banner-title-visibility":"","ast-main-header-display":"","ast-hfb-above-header-display":"","ast-hfb-below-header-display":"","ast-hfb-mobile-header-display":"","site-post-title":"","ast-breadcrumbs-content":"","ast-featured-img":"","footer-sml-layout":"","theme-transparent-header-meta":"","adv-header-id-meta":"","stick-header-meta":"","header-above-stick-meta":"","header-main-stick-meta":"","header-below-stick-meta":"","astra-migrate-meta-layouts":"set","ast-page-background-enabled":"default","ast-page-background-meta":{"desktop":{"background-color":"var(--ast-global-color-4)","background-image":"","background-repeat":"repeat","background-position":"center center","background-size":"auto","background-attachment":"scroll","background-type":"","background-media":"","overlay-type":"","overlay-color":"","overlay-opacity":"","overlay-gradient":""},"tablet":{"background-color":"","background-image":"","background-repeat":"repeat","background-position":"center center","background-size":"auto","background-attachment":"scroll","background-type":"","background-media":"","overlay-type":"","overlay-color":"","overlay-opacity":"","overlay-gradient":""},"mobile":{"background-color":"","background-image":"","background-repeat":"repeat","background-position":"center center","background-size":"auto","background-attachment":"scroll","background-type":"","background-media":"","overlay-type":"","overlay-color":"","overlay-opacity":"","overlay-gradient":""}},"ast-content-background-meta":{"desktop":{"background-color":"var(--ast-global-color-5)","background-image":"","background-repeat":"repeat","background-position":"center center","background-size":"auto","background-attachment":"scroll","background-type":"","background-media":"","overlay-type":"","overlay-color":"","overlay-opacity":"","overlay-gradient":""},"tablet":{"background-color":"var(--ast-global-color-5)","background-image":"","background-repeat":"repeat","background-position":"center center","background-size":"auto","background-attachment":"scroll","background-type":"","background-media":"","overlay-type":"","overlay-color":"","overlay-opacity":"","overlay-gradient":""},"mobile":{"background-color":"var(--ast-global-color-5)","background-image":"","background-repeat":"repeat","background-position":"center center","background-size":"auto","background-attachment":"scroll","background-type":"","background-media":"","overlay-type":"","overlay-color":"","overlay-opacity":"","overlay-gradient":""}},"footnotes":""},"class_list":["post-54279","page","type-page","status-publish","has-post-thumbnail","hentry"],"acf":[],"_links":{"self":[{"href":"https:\/\/website.naarcuracao.staging.golf.gillz.cloud\/es\/wp-json\/wp\/v2\/pages\/54279","targetHints":{"allow":["GET"]}}],"collection":[{"href":"https:\/\/website.naarcuracao.staging.golf.gillz.cloud\/es\/wp-json\/wp\/v2\/pages"}],"about":[{"href":"https:\/\/website.naarcuracao.staging.golf.gillz.cloud\/es\/wp-json\/wp\/v2\/types\/page"}],"author":[{"embeddable":true,"href":"https:\/\/website.naarcuracao.staging.golf.gillz.cloud\/es\/wp-json\/wp\/v2\/users\/1"}],"replies":[{"embeddable":true,"href":"https:\/\/website.naarcuracao.staging.golf.gillz.cloud\/es\/wp-json\/wp\/v2\/comments?post=54279"}],"version-history":[{"count":4,"href":"https:\/\/website.naarcuracao.staging.golf.gillz.cloud\/es\/wp-json\/wp\/v2\/pages\/54279\/revisions"}],"predecessor-version":[{"id":54289,"href":"https:\/\/website.naarcuracao.staging.golf.gillz.cloud\/es\/wp-json\/wp\/v2\/pages\/54279\/revisions\/54289"}],"wp:featuredmedia":[{"embeddable":true,"href":"https:\/\/website.naarcuracao.staging.golf.gillz.cloud\/es\/wp-json\/wp\/v2\/media\/49238"}],"wp:attachment":[{"href":"https:\/\/website.naarcuracao.staging.golf.gillz.cloud\/es\/wp-json\/wp\/v2\/media?parent=54279"}],"curies":[{"name":"wp","href":"https:\/\/api.w.org\/{rel}","templated":true}]}}