{"id":54637,"date":"2023-01-20T16:43:44","date_gmt":"2023-01-20T15:43:44","guid":{"rendered":"https:\/\/website.naarcuracao.staging.golf.gillz.cloud\/?page_id=54637"},"modified":"2023-12-23T21:33:58","modified_gmt":"2023-12-23T20:33:58","slug":"entradas-de-blog","status":"publish","type":"page","link":"https:\/\/website.naarcuracao.staging.golf.gillz.cloud\/es\/entradas-de-blog\/","title":{"rendered":"Entradas de blog"},"content":{"rendered":"\n<p>\u00a1Hay tanto que escribir sobre Cura\u00e7ao! En esta p\u00e1gina encontrar\u00e1 todo tipo de blogs sobre todo tipo de temas relacionados con Cura\u00e7ao. Escritos por nosotros mismos o por escritores invitados, pero siempre divertidos de leer y con consejos e informaci\u00f3n \u00fatiles.<\/p>\n\n<p><\/p>\n","protected":false},"excerpt":{"rendered":"<p>\u00a1Hay tanto que escribir sobre Cura\u00e7ao! En esta p\u00e1gina encontrar\u00e1 todo tipo de blogs sobre todo tipo de temas relacionados con Cura\u00e7ao. Escritos por nosotros mismos o por escritores invitados, pero siempre divertidos de leer y con consejos e informaci\u00f3n \u00fatiles.<\/p>\n","protected":false},"author":4,"featured_media":0,"parent":0,"menu_order":0,"comment_status":"closed","ping_status":"closed","template":"template-blogs.php","meta":{"_acf_changed":false,"site-sidebar-layout":"default","site-content-layout":"","ast-site-content-layout":"default","site-content-style":"default","site-sidebar-style":"default","ast-global-header-display":"","ast-banner-title-visibility":"","ast-main-header-display":"","ast-hfb-above-header-display":"","ast-hfb-below-header-display":"","ast-hfb-mobile-header-display":"","site-post-title":"","ast-breadcrumbs-content":"","ast-featured-img":"","footer-sml-layout":"","theme-transparent-header-meta":"","adv-header-id-meta":"","stick-header-meta":"","header-above-stick-meta":"","header-main-stick-meta":"","header-below-stick-meta":"","astra-migrate-meta-layouts":"set","ast-page-background-enabled":"default","ast-page-background-meta":{"desktop":{"background-color":"var(--ast-global-color-4)","background-image":"","background-repeat":"repeat","background-position":"center center","background-size":"auto","background-attachment":"scroll","background-type":"","background-media":"","overlay-type":"","overlay-color":"","overlay-opacity":"","overlay-gradient":""},"tablet":{"background-color":"","background-image":"","background-repeat":"repeat","background-position":"center center","background-size":"auto","background-attachment":"scroll","background-type":"","background-media":"","overlay-type":"","overlay-color":"","overlay-opacity":"","overlay-gradient":""},"mobile":{"background-color":"","background-image":"","background-repeat":"repeat","background-position":"center center","background-size":"auto","background-attachment":"scroll","background-type":"","background-media":"","overlay-type":"","overlay-color":"","overlay-opacity":"","overlay-gradient":""}},"ast-content-background-meta":{"desktop":{"background-color":"var(--ast-global-color-5)","background-image":"","background-repeat":"repeat","background-position":"center center","background-size":"auto","background-attachment":"scroll","background-type":"","background-media":"","overlay-type":"","overlay-color":"","overlay-opacity":"","overlay-gradient":""},"tablet":{"background-color":"var(--ast-global-color-5)","background-image":"","background-repeat":"repeat","background-position":"center center","background-size":"auto","background-attachment":"scroll","background-type":"","background-media":"","overlay-type":"","overlay-color":"","overlay-opacity":"","overlay-gradient":""},"mobile":{"background-color":"var(--ast-global-color-5)","background-image":"","background-repeat":"repeat","background-position":"center center","background-size":"auto","background-attachment":"scroll","background-type":"","background-media":"","overlay-type":"","overlay-color":"","overlay-opacity":"","overlay-gradient":""}},"footnotes":""},"class_list":["post-54637","page","type-page","status-publish","hentry"],"acf":[],"_links":{"self":[{"href":"https:\/\/website.naarcuracao.staging.golf.gillz.cloud\/es\/wp-json\/wp\/v2\/pages\/54637","targetHints":{"allow":["GET"]}}],"collection":[{"href":"https:\/\/website.naarcuracao.staging.golf.gillz.cloud\/es\/wp-json\/wp\/v2\/pages"}],"about":[{"href":"https:\/\/website.naarcuracao.staging.golf.gillz.cloud\/es\/wp-json\/wp\/v2\/types\/page"}],"author":[{"embeddable":true,"href":"https:\/\/website.naarcuracao.staging.golf.gillz.cloud\/es\/wp-json\/wp\/v2\/users\/4"}],"replies":[{"embeddable":true,"href":"https:\/\/website.naarcuracao.staging.golf.gillz.cloud\/es\/wp-json\/wp\/v2\/comments?post=54637"}],"version-history":[{"count":2,"href":"https:\/\/website.naarcuracao.staging.golf.gillz.cloud\/es\/wp-json\/wp\/v2\/pages\/54637\/revisions"}],"predecessor-version":[{"id":54642,"href":"https:\/\/website.naarcuracao.staging.golf.gillz.cloud\/es\/wp-json\/wp\/v2\/pages\/54637\/revisions\/54642"}],"wp:attachment":[{"href":"https:\/\/website.naarcuracao.staging.golf.gillz.cloud\/es\/wp-json\/wp\/v2\/media?parent=54637"}],"curies":[{"name":"wp","href":"https:\/\/api.w.org\/{rel}","templated":true}]}}