{"id":60076,"date":"2022-07-11T20:19:35","date_gmt":"2022-07-11T18:19:35","guid":{"rendered":"https:\/\/website.naarcuracao.staging.golf.gillz.cloud\/?page_id=60076"},"modified":"2024-04-25T14:58:46","modified_gmt":"2024-04-25T12:58:46","slug":"viajes-a-la-costa-oeste","status":"publish","type":"page","link":"https:\/\/website.naarcuracao.staging.golf.gillz.cloud\/es\/viajes-a-la-costa-oeste\/","title":{"rendered":"Viajes a la Costa Oeste"},"content":{"rendered":"\n<h5 class=\"wp-block-heading\">\u00bfQuieres disfrutar de bonitas playas y tener un buen c\u00f3ctel en la mano al mismo tiempo? \u00bfVer Cura\u00e7ao en todo su esplendor, tanto por encima como por debajo del agua? Entonces, \u00a1los Viajes a la Costa Oeste son los mejores! <\/h5>\n\n\n\n<h3 class=\"wp-block-heading\">\u00a1M\u00e1s divertido que Klein Cura\u00e7ao!<\/h3>\n\n\n\n<p>En realidad, las excursiones a la Costa Oeste son m\u00e1s divertidas que las excursiones en barco a <a href=\"https:\/\/website.naarcuracao.staging.golf.gillz.cloud\/es\/klein-curacao-los-mejores-viajes\/\" target=\"_blank\" rel=\"noreferrer noopener\">Klein Cura\u00e7ao<\/a>. En estos viajes por la costa oeste, ves mucho m\u00e1s de Cura\u00e7ao y el d\u00eda tambi\u00e9n es m\u00e1s variado. Un poco de navegaci\u00f3n, luego una parada para nadar y bucear. Otra navegaci\u00f3n por bellos paisajes y bah\u00edas id\u00edlicas. Y, por supuesto, equipado con un excelente servicio de catering, \u00a1tu d\u00eda ser\u00e1 realmente completo!<\/p>\n\n\n\n<div class=\"wp-block-columns is-layout-flex wp-container-core-columns-is-layout-28f84493 wp-block-columns-is-layout-flex\">\n<div class=\"wp-block-column has-background-secondary-background-color has-background is-layout-flow wp-block-column-is-layout-flow\" style=\"padding-top:15px;padding-right:15px;padding-bottom:15px;padding-left:15px\">\n<figure class=\"wp-block-image aligncenter size-full\"><a href=\"https:\/\/website.naarcuracao.staging.golf.gillz.cloud\/es\/tour-item\/crucero-por-la-costa-oeste-catamaran\/\"><img decoding=\"async\" width=\"960\" height=\"540\" data-src=\"https:\/\/website.naarcuracao.staging.golf.gillz.cloud\/wp-content\/uploads\/2020\/09\/BlueFinn-Westcoast-Cas-Abou-zijkant-boot-960x540-1.jpg\" alt=\"BlueFinn Westcoast Cas Abou\" class=\"wp-image-33323 lazyload\" title=\"\" data-srcset=\"https:\/\/website.naarcuracao.staging.golf.gillz.cloud\/wp-content\/uploads\/2020\/09\/BlueFinn-Westcoast-Cas-Abou-zijkant-boot-960x540-1.jpg 960w, https:\/\/website.naarcuracao.staging.golf.gillz.cloud\/wp-content\/uploads\/2020\/09\/BlueFinn-Westcoast-Cas-Abou-zijkant-boot-960x540-1-350x197.jpg 350w, https:\/\/website.naarcuracao.staging.golf.gillz.cloud\/wp-content\/uploads\/2020\/09\/BlueFinn-Westcoast-Cas-Abou-zijkant-boot-960x540-1-533x300.jpg 533w, https:\/\/website.naarcuracao.staging.golf.gillz.cloud\/wp-content\/uploads\/2020\/09\/BlueFinn-Westcoast-Cas-Abou-zijkant-boot-960x540-1-150x84.jpg 150w, https:\/\/website.naarcuracao.staging.golf.gillz.cloud\/wp-content\/uploads\/2020\/09\/BlueFinn-Westcoast-Cas-Abou-zijkant-boot-960x540-1-768x432.jpg 768w\" data-sizes=\"auto\" src=\"data:image\/svg+xml;base64,PHN2ZyB3aWR0aD0iMSIgaGVpZ2h0PSIxIiB4bWxucz0iaHR0cDovL3d3dy53My5vcmcvMjAwMC9zdmciPjwvc3ZnPg==\" style=\"--smush-placeholder-width: 960px; --smush-placeholder-aspect-ratio: 960\/540;\" data-original-sizes=\"(max-width: 960px) 100vw, 960px\" \/><\/a><\/figure>\n\n\n\n<h3 class=\"wp-block-heading has-text-align-center\"><strong>Crucero por la costa oeste<\/strong><\/h3>\n\n\n\n<p class=\"has-text-align-center\"><strong>Catamar\u00e1n BlueFinn<\/strong><br>Seguramente, seg\u00fan muchos, este es el viaje en catamar\u00e1n m\u00e1s bonito de Cura\u00e7ao. Durante todo el d\u00eda podr\u00e1s disfrutar de la hermosa costa sur desde el catamar\u00e1n BlueFinn. Te detendr\u00e1s en Cas Abou y en Kokomo, adem\u00e1s de echar un vistazo r\u00e1pido a St Andrews. Anna Bay en el Pontjesbrug.<\/p>\n\n\n\n<div class=\"wp-block-buttons is-layout-flex wp-block-buttons-is-layout-flex\">\n<div class=\"wp-block-button has-custom-width wp-block-button__width-100 has-custom-font-size has-medium-font-size\"><a class=\"wp-block-button__link has-luminous-vivid-amber-to-luminous-vivid-orange-gradient-background has-background wp-element-button\" href=\"https:\/\/website.naarcuracao.staging.golf.gillz.cloud\/es\/tour-item\/crucero-por-la-costa-oeste-catamaran\/\" style=\"padding-top:15px;padding-bottom:15px\" target=\"_blank\" rel=\"noopener\"><strong>Crucero en Catamar\u00e1n por la Costa Oeste<\/strong><\/a><\/div>\n<\/div>\n<\/div>\n\n\n\n<div class=\"wp-block-column has-background-secondary-background-color has-background is-layout-flow wp-block-column-is-layout-flow\" style=\"padding-top:15px;padding-right:15px;padding-bottom:15px;padding-left:15px\">\n<figure class=\"wp-block-image aligncenter size-full has-custom-border\"><a href=\"https:\/\/website.naarcuracao.staging.golf.gillz.cloud\/es\/tour-item\/playas-barbacoa-y-blue-room\/\" target=\"_blank\" rel=\"noopener\"><img decoding=\"async\" width=\"1601\" height=\"900\" data-src=\"https:\/\/website.naarcuracao.staging.golf.gillz.cloud\/wp-content\/uploads\/2022\/07\/catamaran-beach-bbq-blue-room-1920x1080-1-e1677601204299.jpg\" alt=\"catamar\u00e1n: Beach BBQ &amp; Blue Room\" class=\"wp-image-32185 lazyload\" style=\"--smush-placeholder-width: 1601px; --smush-placeholder-aspect-ratio: 1601\/900;border-bottom-left-radius:1px;border-bottom-right-radius:1px\" title=\"\" data-srcset=\"https:\/\/website.naarcuracao.staging.golf.gillz.cloud\/wp-content\/uploads\/2022\/07\/catamaran-beach-bbq-blue-room-1920x1080-1-e1677601204299.jpg 1601w, https:\/\/website.naarcuracao.staging.golf.gillz.cloud\/wp-content\/uploads\/2022\/07\/catamaran-beach-bbq-blue-room-1920x1080-1-e1677601204299-350x197.jpg 350w, https:\/\/website.naarcuracao.staging.golf.gillz.cloud\/wp-content\/uploads\/2022\/07\/catamaran-beach-bbq-blue-room-1920x1080-1-e1677601204299-534x300.jpg 534w, https:\/\/website.naarcuracao.staging.golf.gillz.cloud\/wp-content\/uploads\/2022\/07\/catamaran-beach-bbq-blue-room-1920x1080-1-e1677601204299-150x84.jpg 150w, https:\/\/website.naarcuracao.staging.golf.gillz.cloud\/wp-content\/uploads\/2022\/07\/catamaran-beach-bbq-blue-room-1920x1080-1-e1677601204299-768x432.jpg 768w, https:\/\/website.naarcuracao.staging.golf.gillz.cloud\/wp-content\/uploads\/2022\/07\/catamaran-beach-bbq-blue-room-1920x1080-1-e1677601204299-1536x863.jpg 1536w\" data-sizes=\"auto\" src=\"data:image\/svg+xml;base64,PHN2ZyB3aWR0aD0iMSIgaGVpZ2h0PSIxIiB4bWxucz0iaHR0cDovL3d3dy53My5vcmcvMjAwMC9zdmciPjwvc3ZnPg==\" data-original-sizes=\"(max-width: 1601px) 100vw, 1601px\" \/><\/a><\/figure>\n\n\n\n<h3 class=\"wp-block-heading has-text-align-center\"><strong>Playas, barbacoa y Blue Room<\/strong><\/h3>\n\n\n\n<p class=\"has-text-align-center\"><strong>Irie tours catamar\u00e1n &amp; party bus<\/strong><br>Disfruta de la hermosa Cura\u00e7ao con aperitivos, bebidas y buena m\u00fasica. \u00a1Puedes hacerlo con este recorrido \u00fanico en catamar\u00e1n y autob\u00fas! Ventaja: Llegar\u00e1s a Westpunt en barco por el camino. Vuelve en autob\u00fas: \u00a1r\u00e1pido y sin posibilidad de marearte!<\/p>\n\n\n\n<div class=\"wp-block-buttons is-content-justification-center is-layout-flex wp-container-core-buttons-is-layout-a89b3969 wp-block-buttons-is-layout-flex\">\n<div class=\"wp-block-button has-custom-width wp-block-button__width-100 has-custom-font-size has-medium-font-size\"><a class=\"wp-block-button__link has-luminous-vivid-amber-to-luminous-vivid-orange-gradient-background has-background wp-element-button\" href=\"https:\/\/website.naarcuracao.staging.golf.gillz.cloud\/es\/tour-item\/playas-barbacoa-y-blue-room\/\" style=\"padding-top:15px;padding-bottom:15px\" target=\"_blank\" rel=\"noopener\"><strong>Catamar\u00e1n y autob\u00fas Westcoast<\/strong><\/a><\/div>\n<\/div>\n<\/div>\n<\/div>\n\n\n\n<div class=\"wp-block-columns is-layout-flex wp-container-core-columns-is-layout-28f84493 wp-block-columns-is-layout-flex\">\n<div class=\"wp-block-column has-background-secondary-background-color has-background is-layout-flow wp-block-column-is-layout-flow\" style=\"padding-top:15px;padding-right:15px;padding-bottom:15px;padding-left:15px\">\n<figure class=\"wp-block-image aligncenter size-full\"><a href=\"https:\/\/website.naarcuracao.staging.golf.gillz.cloud\/es\/tour-item\/tortugas-blue-room-barco-de-motor\/\"><img decoding=\"async\" width=\"900\" height=\"505\" data-src=\"https:\/\/website.naarcuracao.staging.golf.gillz.cloud\/wp-content\/uploads\/2018\/11\/klein-curacao-powerboat-ribboot-900x506-1.webp\" alt=\"\" class=\"wp-image-31465 lazyload\" title=\"\" data-srcset=\"https:\/\/website.naarcuracao.staging.golf.gillz.cloud\/wp-content\/uploads\/2018\/11\/klein-curacao-powerboat-ribboot-900x506-1.webp 900w, https:\/\/website.naarcuracao.staging.golf.gillz.cloud\/wp-content\/uploads\/2018\/11\/klein-curacao-powerboat-ribboot-900x506-1-350x197.webp 350w, https:\/\/website.naarcuracao.staging.golf.gillz.cloud\/wp-content\/uploads\/2018\/11\/klein-curacao-powerboat-ribboot-900x506-1-535x300.webp 535w, https:\/\/website.naarcuracao.staging.golf.gillz.cloud\/wp-content\/uploads\/2018\/11\/klein-curacao-powerboat-ribboot-900x506-1-150x84.webp 150w, https:\/\/website.naarcuracao.staging.golf.gillz.cloud\/wp-content\/uploads\/2018\/11\/klein-curacao-powerboat-ribboot-900x506-1-768x431.webp 768w\" data-sizes=\"auto\" src=\"data:image\/svg+xml;base64,PHN2ZyB3aWR0aD0iMSIgaGVpZ2h0PSIxIiB4bWxucz0iaHR0cDovL3d3dy53My5vcmcvMjAwMC9zdmciPjwvc3ZnPg==\" style=\"--smush-placeholder-width: 900px; --smush-placeholder-aspect-ratio: 900\/505;\" data-original-sizes=\"(max-width: 900px) 100vw, 900px\" \/><\/a><\/figure>\n\n\n\n<h3 class=\"wp-block-heading has-text-align-center\"><strong>Salto de playa y adrenalina<\/strong><\/h3>\n\n\n\n<p class=\"has-text-align-center\"><strong>Barco de motor (\u00a1sin mareos!)<\/strong><br>De playa en playa por las playas m\u00e1s bellas de Cura\u00e7ao. La Powerboat es una lancha r\u00e1pida semirr\u00edgida. En cuanto el capit\u00e1n pone los motores en marcha, el barco sale disparado por el agua. En cuesti\u00f3n de segundos, estar\u00e1s navegando a una velocidad m\u00e1xima de unos 100 km\/h por la costa. <\/p>\n\n\n\n<div class=\"wp-block-buttons is-content-justification-center is-layout-flex wp-container-core-buttons-is-layout-a89b3969 wp-block-buttons-is-layout-flex\">\n<div class=\"wp-block-button has-custom-width wp-block-button__width-100 has-custom-font-size has-medium-font-size\"><a class=\"wp-block-button__link has-luminous-vivid-amber-to-luminous-vivid-orange-gradient-background has-background wp-element-button\" href=\"https:\/\/website.naarcuracao.staging.golf.gillz.cloud\/es\/tour-item\/tortugas-blue-room-barco-de-motor\/\" style=\"padding-top:15px;padding-bottom:15px\" target=\"_blank\" rel=\"noopener\"><strong>Salto a la playa y Blue Room<\/strong><\/a><\/div>\n<\/div>\n<\/div>\n\n\n\n<div class=\"wp-block-column has-background-secondary-background-color has-background is-layout-flow wp-block-column-is-layout-flow\" style=\"padding-top:15px;padding-right:15px;padding-bottom:15px;padding-left:15px\">\n<figure class=\"wp-block-image size-full\"><a href=\"https:\/\/website.naarcuracao.staging.golf.gillz.cloud\/es\/tour-item\/solicitar-un-barco-privado\/\"><img decoding=\"async\" data-src=\"https:\/\/website.naarcuracao.staging.golf.gillz.cloud\/wp-content\/uploads\/2022\/06\/yacht-party-e1678873524850.jpg\" alt=\"\" class=\"wp-image-31473 lazyload\" title=\"\" src=\"data:image\/svg+xml;base64,PHN2ZyB3aWR0aD0iMSIgaGVpZ2h0PSIxIiB4bWxucz0iaHR0cDovL3d3dy53My5vcmcvMjAwMC9zdmciPjwvc3ZnPg==\"><\/a><\/figure>\n\n\n\n<h3 class=\"wp-block-heading has-text-align-center\"><strong>Viaje privado a la Costa Oeste<\/strong> <\/h3>\n\n\n\n<p class=\"has-text-align-center\"><strong>div. posibilidades<\/strong><br>Si s\u00f3lo quieres pasar un d\u00eda a tu aire y sin otros invitados en el barco, organiza tu excursi\u00f3n privada a la Costa Oeste. T\u00fa decides d\u00f3nde parar para nadar\/snorkelear, comer, etc. Ideal, y a partir de unas 8 personas suele ser m\u00e1s barato que ir en los barcos grandes.<\/p>\n\n\n\n<div class=\"wp-block-buttons is-content-justification-center is-layout-flex wp-container-core-buttons-is-layout-a89b3969 wp-block-buttons-is-layout-flex\">\n<div class=\"wp-block-button has-custom-width wp-block-button__width-100 has-custom-font-size has-medium-font-size\"><a class=\"wp-block-button__link has-luminous-vivid-amber-to-luminous-vivid-orange-gradient-background has-background wp-element-button\" href=\"https:\/\/website.naarcuracao.staging.golf.gillz.cloud\/es\/tour-item\/solicitar-un-barco-privado\/\" style=\"padding-top:15px;padding-bottom:15px\" target=\"_blank\" rel=\"noopener\"><strong>Viaje privado a la Costa Oeste<\/strong><\/a><\/div>\n<\/div>\n<\/div>\n<\/div>\n\n\n\n<div style=\"height:15px\" aria-hidden=\"true\" class=\"wp-block-spacer\"><\/div>\n","protected":false},"excerpt":{"rendered":"<p>\u00bfQuieres disfrutar de bonitas playas y tener un buen c\u00f3ctel en la mano al mismo tiempo? \u00bfVer Cura\u00e7ao en todo su esplendor, tanto por encima como por debajo del agua? Entonces, \u00a1los Viajes a la Costa Oeste son los mejores! \u00a1M\u00e1s divertido que Klein Cura\u00e7ao! En realidad, las excursiones a la Costa Oeste son m\u00e1s [&hellip;]<\/p>\n","protected":false},"author":1,"featured_media":67267,"parent":0,"menu_order":0,"comment_status":"closed","ping_status":"closed","template":"","meta":{"_acf_changed":false,"site-sidebar-layout":"default","site-content-layout":"","ast-site-content-layout":"default","site-content-style":"default","site-sidebar-style":"default","ast-global-header-display":"","ast-banner-title-visibility":"","ast-main-header-display":"","ast-hfb-above-header-display":"","ast-hfb-below-header-display":"","ast-hfb-mobile-header-display":"","site-post-title":"","ast-breadcrumbs-content":"","ast-featured-img":"","footer-sml-layout":"","theme-transparent-header-meta":"","adv-header-id-meta":"","stick-header-meta":"","header-above-stick-meta":"","header-main-stick-meta":"","header-below-stick-meta":"","astra-migrate-meta-layouts":"set","ast-page-background-enabled":"default","ast-page-background-meta":{"desktop":{"background-color":"var(--ast-global-color-4)","background-image":"","background-repeat":"repeat","background-position":"center center","background-size":"auto","background-attachment":"scroll","background-type":"","background-media":"","overlay-type":"","overlay-color":"","overlay-opacity":"","overlay-gradient":""},"tablet":{"background-color":"","background-image":"","background-repeat":"repeat","background-position":"center center","background-size":"auto","background-attachment":"scroll","background-type":"","background-media":"","overlay-type":"","overlay-color":"","overlay-opacity":"","overlay-gradient":""},"mobile":{"background-color":"","background-image":"","background-repeat":"repeat","background-position":"center center","background-size":"auto","background-attachment":"scroll","background-type":"","background-media":"","overlay-type":"","overlay-color":"","overlay-opacity":"","overlay-gradient":""}},"ast-content-background-meta":{"desktop":{"background-color":"var(--ast-global-color-5)","background-image":"","background-repeat":"repeat","background-position":"center center","background-size":"auto","background-attachment":"scroll","background-type":"","background-media":"","overlay-type":"","overlay-color":"","overlay-opacity":"","overlay-gradient":""},"tablet":{"background-color":"var(--ast-global-color-5)","background-image":"","background-repeat":"repeat","background-position":"center center","background-size":"auto","background-attachment":"scroll","background-type":"","background-media":"","overlay-type":"","overlay-color":"","overlay-opacity":"","overlay-gradient":""},"mobile":{"background-color":"var(--ast-global-color-5)","background-image":"","background-repeat":"repeat","background-position":"center center","background-size":"auto","background-attachment":"scroll","background-type":"","background-media":"","overlay-type":"","overlay-color":"","overlay-opacity":"","overlay-gradient":""}},"footnotes":""},"class_list":["post-60076","page","type-page","status-publish","has-post-thumbnail","hentry"],"acf":[],"_links":{"self":[{"href":"https:\/\/website.naarcuracao.staging.golf.gillz.cloud\/es\/wp-json\/wp\/v2\/pages\/60076","targetHints":{"allow":["GET"]}}],"collection":[{"href":"https:\/\/website.naarcuracao.staging.golf.gillz.cloud\/es\/wp-json\/wp\/v2\/pages"}],"about":[{"href":"https:\/\/website.naarcuracao.staging.golf.gillz.cloud\/es\/wp-json\/wp\/v2\/types\/page"}],"author":[{"embeddable":true,"href":"https:\/\/website.naarcuracao.staging.golf.gillz.cloud\/es\/wp-json\/wp\/v2\/users\/1"}],"replies":[{"embeddable":true,"href":"https:\/\/website.naarcuracao.staging.golf.gillz.cloud\/es\/wp-json\/wp\/v2\/comments?post=60076"}],"version-history":[{"count":3,"href":"https:\/\/website.naarcuracao.staging.golf.gillz.cloud\/es\/wp-json\/wp\/v2\/pages\/60076\/revisions"}],"predecessor-version":[{"id":60082,"href":"https:\/\/website.naarcuracao.staging.golf.gillz.cloud\/es\/wp-json\/wp\/v2\/pages\/60076\/revisions\/60082"}],"wp:featuredmedia":[{"embeddable":true,"href":"https:\/\/website.naarcuracao.staging.golf.gillz.cloud\/es\/wp-json\/wp\/v2\/media\/67267"}],"wp:attachment":[{"href":"https:\/\/website.naarcuracao.staging.golf.gillz.cloud\/es\/wp-json\/wp\/v2\/media?parent=60076"}],"curies":[{"name":"wp","href":"https:\/\/api.w.org\/{rel}","templated":true}]}}