{"id":53398,"date":"2015-11-11T14:11:35","date_gmt":"2015-11-11T13:11:35","guid":{"rendered":"https:\/\/website.naarcuracao.staging.golf.gillz.cloud\/?page_id=53398"},"modified":"2023-12-23T17:55:29","modified_gmt":"2023-12-23T16:55:29","slug":"estacao-das-chuvas-em-curacao","status":"publish","type":"page","link":"https:\/\/website.naarcuracao.staging.golf.gillz.cloud\/pt-br\/estacao-das-chuvas-em-curacao\/","title":{"rendered":"Esta\u00e7\u00e3o das chuvas em Cura\u00e7ao"},"content":{"rendered":"\n<h5 class=\"wp-block-heading\">Como quase todos os pa\u00edses da Am\u00e9rica Central, Cura\u00e7ao sofre, por vezes, de fortes chuvas. Mas quando \u00e9 que \u00e9 a \u00e9poca das chuvas em Cura\u00e7ao e at\u00e9 que ponto \u00e9 que isso o incomoda enquanto turista?<\/h5>\n\n<h2 class=\"wp-block-heading\">Esta\u00e7\u00e3o das chuvas em Cura\u00e7ao: quando?<\/h2>\n\n<p>A esta\u00e7\u00e3o das chuvas em Cura\u00e7ao decorre aproximadamente de setembro a finais de dezembro, mas pode variar algumas semanas de ano para ano. A maior precipita\u00e7\u00e3o ocorre geralmente em outubro e novembro, mas tamb\u00e9m pode chover nas semanas anteriores e posteriores.<\/p>\n\n<h3 class=\"wp-block-heading\">A chuva em Cura\u00e7ao<\/h3>\n\n<p>Por si s\u00f3, a esta\u00e7\u00e3o das chuvas em Cura\u00e7ao n\u00e3o tem de ser um problema para as suas <a href=\"https:\/\/website.naarcuracao.staging.golf.gillz.cloud\/goedkoop-naar-curacao\/\">f\u00e9rias em Cura\u00e7ao<\/a>. \u00c9 claro que preferiria umas f\u00e9rias sem chuva, mas a verdade \u00e9 que, especialmente de outubro a meados de dezembro, os pre\u00e7os dos bilhetes de avi\u00e3o e das f\u00e9rias em Cura\u00e7au s\u00e3o mais baixos. E isso pode fazer com que o duche ocasional n\u00e3o seja uma coisa assim t\u00e3o m\u00e1. \ud83d\ude09<\/p>\n\n<h3 class=\"wp-block-heading\">Especialmente \u00e0 noite<\/h3>\n\n<p>\u00c9 claro que n\u00e3o h\u00e1 garantias, mas normalmente a maior parte da chuva de Cura\u00e7ao cai de manh\u00e3 cedo, quando ainda se est\u00e1 a dormir profundamente. Quando acordar de manh\u00e3, poder\u00e1 ver algumas manchas molhadas na rua e as gotas nas plantas do jardim, mas n\u00e3o notar\u00e1 muito mais do que o facto de estar de f\u00e9rias em Cura\u00e7ao durante a esta\u00e7\u00e3o das chuvas.<\/p>\n\n<h2 class=\"wp-block-heading\">Radar de precipita\u00e7\u00e3o Cura\u00e7ao<\/h2>\n\n<p>Se voc\u00ea quiser uma imagem atualizada da chuva em Cura\u00e7ao, voc\u00ea pode verificar o <a href=\"https:\/\/website.naarcuracao.staging.golf.gillz.cloud\/regenradar-curacao\/\">Radar de Chuva para Cura\u00e7ao<\/a>. Muito \u00fatil, porque acontece regularmente em Cura\u00e7ao chover algures, mas a alguns quil\u00f3metros de dist\u00e2ncia n\u00e3o h\u00e1 &#8211; literalmente &#8211; uma nuvem \u00e0 vista. Se quiser saber como vai estar o tempo nos pr\u00f3ximos dias, tamb\u00e9m pode descarregar a aplica\u00e7\u00e3o da Infoplaza, que, entre outras coisas, tamb\u00e9m inclui uma notifica\u00e7\u00e3o push se chover.<br\/><a href=\"https:\/\/website.naarcuracao.staging.golf.gillz.cloud\/regenradar-curacao\/\">Mais informa\u00e7\u00f5es sobre o radar Rain e a aplica\u00e7\u00e3o meteorol\u00f3gica para Cura\u00e7ao<\/a>.<\/p>\n\n<h2 class=\"wp-block-heading\">A grande vantagem<\/h2>\n\n<p>Ir de f\u00e9rias para Cura\u00e7ao no outono tem a grande vantagem de ser <strong>a altura mais vantajosa do ano<\/strong> para ir a Cura\u00e7ao. Nos Pa\u00edses Baixos, o per\u00edodo entre as f\u00e9rias de ver\u00e3o e as f\u00e9rias de Natal \u00e9 sempre a altura mais calma do ano em termos de &#8220;f\u00e9rias&#8221;, pelo que os operadores tur\u00edsticos tentam seduzi-lo com bons descontos apenas para esse per\u00edodo. <a href=\"\/tui-pakketreizen\/\">Veja por si pr\u00f3prio<\/a>!<\/p>\n\n<div class=\"wp-block-buttons is-content-justification-center is-layout-flex wp-container-core-buttons-is-layout-a89b3969 wp-block-buttons-is-layout-flex\">\n<div class=\"wp-block-button has-custom-width wp-block-button__width-75 has-custom-font-size has-medium-font-size\"><a class=\"wp-block-button__link has-luminous-vivid-amber-to-luminous-vivid-orange-gradient-background has-background wp-element-button\" href=\"https:\/\/website.naarcuracao.staging.golf.gillz.cloud\/tui-pakketreizen\/\" style=\"padding-top:15px;padding-bottom:15px\"><strong>Pacotes de f\u00e9rias baratos para Cura\u00e7ao<\/strong><\/a><\/div>\n<\/div>\n\n<div class=\"wp-block-columns is-layout-flex wp-container-core-columns-is-layout-eb89d6fd wp-block-columns-is-layout-flex\" style=\"margin-top:20px;padding-top:0px\">\n<div class=\"wp-block-column is-layout-flow wp-block-column-is-layout-flow\">\n<h3 class=\"wp-block-heading\">Quanto \u00e9 que sofre com a esta\u00e7\u00e3o das chuvas em Cura\u00e7au?<\/h3>\n\n\n\n<p>O inconveniente da chuva em Cura\u00e7ao n\u00e3o \u00e9 t\u00e3o dram\u00e1tico como pode parecer. Na pr\u00e1tica, isso significa que uma ou duas vezes por dia pode haver uma tempestade de cerca de 15 minutos, em m\u00e9dia. Muitas vezes, 10 minutos depois, o sol volta a brilhar e &#8211; literalmente! &#8211; n\u00e3o h\u00e1 uma nuvem no c\u00e9u. Mesmo durante a chuva, continua a estar agrad\u00e1vel e quente, e a \u00e1gua da chuva tamb\u00e9m tem uma temperatura agrad\u00e1vel.<\/p>\n<\/div>\n\n\n\n<div class=\"wp-block-column is-layout-flow wp-block-column-is-layout-flow\">\n<h3 class=\"wp-block-heading\">A nossa experi\u00eancia com a esta\u00e7\u00e3o das chuvas em Cura\u00e7ao<\/h3>\n\n\n\n<p>Com toda a nossa ingenuidade, as nossas primeiras f\u00e9rias em Cura\u00e7ao foram marcadas para finais de novembro, pelo que, sem o sabermos de antem\u00e3o, est\u00e1vamos em plena \u00e9poca das chuvas. No final, n\u00e3o foi muito mau. De qualquer modo, \u00e0s vezes tamb\u00e9m gost\u00e1vamos do facto de n\u00e3o estar um sol escaldante durante todo o dia e, se estiv\u00e9ssemos na praia e come\u00e7asse a chover, pod\u00edamos esconder-nos debaixo do guarda-sol durante algum tempo. Os nossos filhos gostavam regularmente de correr \u00e0 chuva e de pisar as po\u00e7as de \u00e1gua, porque brincar num &#8220;grande chuveiro quente&#8221; \u00e9 obviamente divertido!<\/p>\n<\/div>\n<\/div>\n\n<div class=\"wp-block-columns has-background is-layout-flex wp-container-core-columns-is-layout-1d9e2a49 wp-block-columns-is-layout-flex\" style=\"background-color:#fcb90066;padding-top:10px;padding-bottom:10px\">\n<div class=\"wp-block-column is-layout-flow wp-block-column-is-layout-flow\">\n<h4 class=\"wp-block-heading\">outono de 2022 e 2023<\/h4>\n\n\n\n<p><strong><em>2022<\/em><\/strong><br\/>No outono de 2022, registaram-se chuvas excepcionais em Cura\u00e7au. Os meses de outubro e novembro registaram precipita\u00e7\u00f5es superiores \u00e0 m\u00e9dia para todo o dia. \u00c9 claro que isso pode acontecer, tal como nos Pa\u00edses Baixos o ver\u00e3o tamb\u00e9m \u00e9 muito mais h\u00famido num ano do que no ano anterior e no seguinte. Portanto, que 2022 n\u00e3o seja certamente uma medida do que \u00e9 Cura\u00e7ao durante a esta\u00e7\u00e3o das chuvas.<br\/><strong><em>2023<\/em><\/strong><br\/>At\u00e9 \u00e0 data (meados de outubro de 2023), manteve-se seco. Houve um aguaceiro forte na semana passada, mas at\u00e9 agora foi s\u00f3 isso este ano. Na verdade, a ilha \u00e9 demasiado seca, n\u00e3o chove h\u00e1 meses &#8211; com exce\u00e7\u00e3o de uma chuva na semana passada.<\/p>\n<\/div>\n<\/div>\n\n<h2 class=\"wp-block-heading\">Inc\u00f3modos na rua<\/h2>\n\n<p>Se sair para a rua durante uma chuva forte, tenha cuidado. Todo o p\u00f3 nas ruas significa que, durante uma chuvada, as estradas podem tornar-se bastante escorregadias. Por vezes, h\u00e1 tamb\u00e9m grandes buracos na estrada. Se estiver seco, \u00e9 poss\u00edvel v\u00ea-lo \u00e0 dist\u00e2ncia e contorn\u00e1-lo de carro. Mas durante uma chuvada, h\u00e1 muitas po\u00e7as na estrada e j\u00e1 n\u00e3o se consegue distinguir uma po\u00e7a rasa de uma po\u00e7a funda. Por isso, tente tamb\u00e9m evitar ao m\u00e1ximo as po\u00e7as de \u00e1gua se sair de carro durante ou pouco depois de uma chuva.<\/p>\n\n<h2 class=\"wp-block-heading\">Escoamento de \u00e1gua em Cura\u00e7ao<\/h2>\n\n<p>O sistema de drenagem de \u00e1guas pluviais de Cura\u00e7ao n\u00e3o est\u00e1 bem equipado para lidar com o fornecimento espont\u00e2neo de uma enorme quantidade de \u00e1gua da chuva. Em consequ\u00eancia, as estradas ficaram completamente inundadas em alguns locais. Isto deve-se ao facto de, por exemplo, os esgotos n\u00e3o serem utilizados durante quase todo o ano, deixando neles todo o tipo de res\u00edduos. Depois, se de repente chover muito, todos esses res\u00edduos v\u00e3o provocar o entupimento do coletor de \u00e1gua.<\/p>\n\n<h2 class=\"wp-block-heading\">\u00c9poca das chuvas = \u00c9poca dos mosquitos<\/h2>\n\n<p>Uma desvantagem da esta\u00e7\u00e3o chuvosa em Cura\u00e7ao \u00e9 que pode haver um pouco mais de inc\u00f4modo de <a href=\"https:\/\/website.naarcuracao.staging.golf.gillz.cloud\/pt-br\/?page_id=53382\">mosquitos em Cura\u00e7ao<\/a>. As pequenas po\u00e7as de \u00e1gua que a chuva cria por todo o lado (no lixo, nos jardins, nas fossas, etc.) constituem uma \u00f3ptima oportunidade para o mosquito p\u00f4r ovos. E o mosquito em Cura\u00e7ao parece gostar especialmente do delicioso sangue dos turistas, por isso, <a href=\"https:\/\/website.naarcuracao.staging.golf.gillz.cloud\/pt-br\/?page_id=53382#deet\">esfregue-se bem com DEET<\/a>, caso contr\u00e1rio os mosquitos v\u00e3o dar cabo de si.<\/p>\n\n<h2 class=\"wp-block-heading\">Sem furac\u00f5es<\/h2>\n\n<p>Durante a esta\u00e7\u00e3o das chuvas, tamb\u00e9m se ouve falar sempre dos furac\u00f5es que varrem a Am\u00e9rica Central. Porque Cura\u00e7ao est\u00e1 localizado no lado sul da Am\u00e9rica Central, furac\u00f5es e tempestades tropicais quase sempre passam &#8220;sobre&#8221; Cura\u00e7ao. Uma vez a cada poucos anos, uma tempestade pode varrer visivelmente, mas muitas vezes o olho do furac\u00e3o estar\u00e1 relativamente longe de Cura\u00e7ao.<\/p>\n\n<h2 class=\"wp-block-heading\">Conclus\u00e3o &#8211; esta\u00e7\u00e3o das chuvas Cura\u00e7ao<\/h2>\n\n<p>Em suma, a esta\u00e7\u00e3o das chuvas em Cura\u00e7ao n\u00e3o \u00e9 raz\u00e3o para ficar longe de Cura\u00e7ao. Basta ir e ver\u00e1 que a chuva ocasional \u00e9 bastante refrescante no meio de todo o calor. E, claro, a grande vantagem de umas <a href=\"\/tui-pakketreizen\/\">f\u00e9rias em Cura\u00e7ao<\/a> durante a esta\u00e7\u00e3o das chuvas poderem ser consideravelmente mais baratas do que em qualquer outra altura do ano.<\/p>\n\n<div class=\"wp-block-buttons is-layout-flex wp-block-buttons-is-layout-flex\">\n<div class=\"wp-block-button has-custom-width wp-block-button__width-100 has-custom-font-size has-medium-font-size\"><a class=\"wp-block-button__link has-luminous-vivid-amber-to-luminous-vivid-orange-gradient-background has-background wp-element-button\" href=\"https:\/\/website.naarcuracao.staging.golf.gillz.cloud\/tui-pakketreizen\/\" style=\"padding-top:15px;padding-bottom:15px\"><strong>Ver f\u00e9rias organizadas de baixo custo<\/strong><\/a><\/div>\n<\/div>\n","protected":false},"excerpt":{"rendered":"<p>Como quase todos os pa\u00edses da Am\u00e9rica Central, Cura\u00e7ao sofre, por vezes, de fortes chuvas. Mas quando \u00e9 que \u00e9 a \u00e9poca das chuvas em Cura\u00e7ao e at\u00e9 que ponto \u00e9 que isso o incomoda enquanto turista? Esta\u00e7\u00e3o das chuvas em Cura\u00e7ao: quando? A esta\u00e7\u00e3o das chuvas em Cura\u00e7ao decorre aproximadamente de setembro a finais [&hellip;]<\/p>\n","protected":false},"author":1,"featured_media":53399,"parent":0,"menu_order":0,"comment_status":"closed","ping_status":"closed","template":"","meta":{"_acf_changed":false,"site-sidebar-layout":"default","site-content-layout":"","ast-site-content-layout":"default","site-content-style":"default","site-sidebar-style":"default","ast-global-header-display":"","ast-banner-title-visibility":"","ast-main-header-display":"","ast-hfb-above-header-display":"","ast-hfb-below-header-display":"","ast-hfb-mobile-header-display":"","site-post-title":"","ast-breadcrumbs-content":"","ast-featured-img":"","footer-sml-layout":"","theme-transparent-header-meta":"","adv-header-id-meta":"","stick-header-meta":"","header-above-stick-meta":"","header-main-stick-meta":"","header-below-stick-meta":"","astra-migrate-meta-layouts":"set","ast-page-background-enabled":"default","ast-page-background-meta":{"desktop":{"background-color":"var(--ast-global-color-4)","background-image":"","background-repeat":"repeat","background-position":"center center","background-size":"auto","background-attachment":"scroll","background-type":"","background-media":"","overlay-type":"","overlay-color":"","overlay-opacity":"","overlay-gradient":""},"tablet":{"background-color":"","background-image":"","background-repeat":"repeat","background-position":"center center","background-size":"auto","background-attachment":"scroll","background-type":"","background-media":"","overlay-type":"","overlay-color":"","overlay-opacity":"","overlay-gradient":""},"mobile":{"background-color":"","background-image":"","background-repeat":"repeat","background-position":"center center","background-size":"auto","background-attachment":"scroll","background-type":"","background-media":"","overlay-type":"","overlay-color":"","overlay-opacity":"","overlay-gradient":""}},"ast-content-background-meta":{"desktop":{"background-color":"var(--ast-global-color-5)","background-image":"","background-repeat":"repeat","background-position":"center center","background-size":"auto","background-attachment":"scroll","background-type":"","background-media":"","overlay-type":"","overlay-color":"","overlay-opacity":"","overlay-gradient":""},"tablet":{"background-color":"var(--ast-global-color-5)","background-image":"","background-repeat":"repeat","background-position":"center center","background-size":"auto","background-attachment":"scroll","background-type":"","background-media":"","overlay-type":"","overlay-color":"","overlay-opacity":"","overlay-gradient":""},"mobile":{"background-color":"var(--ast-global-color-5)","background-image":"","background-repeat":"repeat","background-position":"center center","background-size":"auto","background-attachment":"scroll","background-type":"","background-media":"","overlay-type":"","overlay-color":"","overlay-opacity":"","overlay-gradient":""}},"footnotes":""},"class_list":["post-53398","page","type-page","status-publish","has-post-thumbnail","hentry"],"acf":[],"_links":{"self":[{"href":"https:\/\/website.naarcuracao.staging.golf.gillz.cloud\/pt-br\/wp-json\/wp\/v2\/pages\/53398","targetHints":{"allow":["GET"]}}],"collection":[{"href":"https:\/\/website.naarcuracao.staging.golf.gillz.cloud\/pt-br\/wp-json\/wp\/v2\/pages"}],"about":[{"href":"https:\/\/website.naarcuracao.staging.golf.gillz.cloud\/pt-br\/wp-json\/wp\/v2\/types\/page"}],"author":[{"embeddable":true,"href":"https:\/\/website.naarcuracao.staging.golf.gillz.cloud\/pt-br\/wp-json\/wp\/v2\/users\/1"}],"replies":[{"embeddable":true,"href":"https:\/\/website.naarcuracao.staging.golf.gillz.cloud\/pt-br\/wp-json\/wp\/v2\/comments?post=53398"}],"version-history":[{"count":2,"href":"https:\/\/website.naarcuracao.staging.golf.gillz.cloud\/pt-br\/wp-json\/wp\/v2\/pages\/53398\/revisions"}],"predecessor-version":[{"id":54523,"href":"https:\/\/website.naarcuracao.staging.golf.gillz.cloud\/pt-br\/wp-json\/wp\/v2\/pages\/53398\/revisions\/54523"}],"wp:featuredmedia":[{"embeddable":true,"href":"https:\/\/website.naarcuracao.staging.golf.gillz.cloud\/pt-br\/wp-json\/wp\/v2\/media\/53399"}],"wp:attachment":[{"href":"https:\/\/website.naarcuracao.staging.golf.gillz.cloud\/pt-br\/wp-json\/wp\/v2\/media?parent=53398"}],"curies":[{"name":"wp","href":"https:\/\/api.w.org\/{rel}","templated":true}]}}