{"id":53452,"date":"2021-11-09T14:18:53","date_gmt":"2021-11-09T13:18:53","guid":{"rendered":"https:\/\/website.naarcuracao.staging.golf.gillz.cloud\/?page_id=53452"},"modified":"2024-04-25T17:30:29","modified_gmt":"2024-04-25T15:30:29","slug":"desportos-aquaticos-em-curacao","status":"publish","type":"page","link":"https:\/\/website.naarcuracao.staging.golf.gillz.cloud\/pt-br\/desportos-aquaticos-em-curacao\/","title":{"rendered":"Desportos aqu\u00e1ticos em Cura\u00e7ao"},"content":{"rendered":"\n<h5 class=\"wp-block-heading\">Com tanta \u00e1gua em Cura\u00e7ao e arredores, \u00e9 natural que possa praticar todos os tipos de desportos aqu\u00e1ticos. E para quase tudo: divers\u00e3o para jovens e adultos, para principiantes e especialistas!<\/h5>\n\n<div class=\"wp-block-columns is-layout-flex wp-container-core-columns-is-layout-28f84493 wp-block-columns-is-layout-flex\">\n<div class=\"wp-block-column is-layout-flow wp-block-column-is-layout-flow\">\n<h2 class=\"wp-block-heading has-text-align-center\"><strong>Jet ski<\/strong><\/h2>\n\n\n\n<figure class=\"wp-block-image aligncenter size-full\"><a href=\"https:\/\/website.naarcuracao.staging.golf.gillz.cloud\/en\/tour-item\/jet-ski-tour\/\"><img decoding=\"async\" width=\"960\" height=\"540\" data-src=\"https:\/\/website.naarcuracao.staging.golf.gillz.cloud\/wp-content\/uploads\/2022\/06\/jetski-curacao-960x540-1.jpg\" alt=\"jetski cura&#xE7;ao espanha &#xE1;gua\" class=\"wp-image-31580 lazyload\" title=\"\" data-srcset=\"https:\/\/website.naarcuracao.staging.golf.gillz.cloud\/wp-content\/uploads\/2022\/06\/jetski-curacao-960x540-1.jpg 960w, https:\/\/website.naarcuracao.staging.golf.gillz.cloud\/wp-content\/uploads\/2022\/06\/jetski-curacao-960x540-1-350x197.jpg 350w, https:\/\/website.naarcuracao.staging.golf.gillz.cloud\/wp-content\/uploads\/2022\/06\/jetski-curacao-960x540-1-533x300.jpg 533w, https:\/\/website.naarcuracao.staging.golf.gillz.cloud\/wp-content\/uploads\/2022\/06\/jetski-curacao-960x540-1-150x84.jpg 150w, https:\/\/website.naarcuracao.staging.golf.gillz.cloud\/wp-content\/uploads\/2022\/06\/jetski-curacao-960x540-1-768x432.jpg 768w\" data-sizes=\"auto\" src=\"data:image\/svg+xml;base64,PHN2ZyB3aWR0aD0iMSIgaGVpZ2h0PSIxIiB4bWxucz0iaHR0cDovL3d3dy53My5vcmcvMjAwMC9zdmciPjwvc3ZnPg==\" style=\"--smush-placeholder-width: 960px; --smush-placeholder-aspect-ratio: 960\/540;\" data-original-sizes=\"(max-width: 960px) 100vw, 960px\" \/><\/a><\/figure>\n\n\n\n<p class=\"has-text-align-center\">Fa\u00e7a um passeio panor\u00e2mico de Jet Ski em Spanish Water. Veja as belas moradias ao longo da costa. Leve um passageiro gratuitamente!<\/p>\n\n\n\n<div class=\"wp-block-buttons is-content-justification-center is-layout-flex wp-container-core-buttons-is-layout-a89b3969 wp-block-buttons-is-layout-flex\">\n<div class=\"wp-block-button has-custom-width wp-block-button__width-100 has-custom-font-size has-medium-font-size\"><a class=\"wp-block-button__link has-luminous-vivid-amber-to-luminous-vivid-orange-gradient-background has-background wp-element-button\" href=\"https:\/\/website.naarcuracao.staging.golf.gillz.cloud\/en\/tour-item\/jet-ski-tour\/\" style=\"padding-top:15px;padding-bottom:15px\"><strong>Passeio de jet ski<\/strong><\/a><\/div>\n<\/div>\n<\/div>\n\n\n\n<div class=\"wp-block-column is-layout-flow wp-block-column-is-layout-flow\">\n<h2 class=\"wp-block-heading has-text-align-center\"><strong>Aquafari<\/strong><\/h2>\n\n\n\n<figure class=\"wp-block-image size-full\"><a href=\"https:\/\/website.naarcuracao.staging.golf.gillz.cloud\/pt-br\/tour-item\/aquafari\/\"><img decoding=\"async\" width=\"800\" height=\"450\" data-src=\"https:\/\/website.naarcuracao.staging.golf.gillz.cloud\/wp-content\/uploads\/2023\/06\/Aquafari-curacao-excursie-800x450-1.jpg\" alt=\"melhores excurs&#xF5;es servi&#xE7;o de cong&#xEA;neres em cura&#xE7;ao\" class=\"wp-image-44972 lazyload\" title=\"\" data-srcset=\"https:\/\/website.naarcuracao.staging.golf.gillz.cloud\/wp-content\/uploads\/2023\/06\/Aquafari-curacao-excursie-800x450-1.jpg 800w, https:\/\/website.naarcuracao.staging.golf.gillz.cloud\/wp-content\/uploads\/2023\/06\/Aquafari-curacao-excursie-800x450-1-350x197.jpg 350w, https:\/\/website.naarcuracao.staging.golf.gillz.cloud\/wp-content\/uploads\/2023\/06\/Aquafari-curacao-excursie-800x450-1-533x300.jpg 533w, https:\/\/website.naarcuracao.staging.golf.gillz.cloud\/wp-content\/uploads\/2023\/06\/Aquafari-curacao-excursie-800x450-1-150x84.jpg 150w, https:\/\/website.naarcuracao.staging.golf.gillz.cloud\/wp-content\/uploads\/2023\/06\/Aquafari-curacao-excursie-800x450-1-768x432.jpg 768w\" data-sizes=\"auto\" src=\"data:image\/svg+xml;base64,PHN2ZyB3aWR0aD0iMSIgaGVpZ2h0PSIxIiB4bWxucz0iaHR0cDovL3d3dy53My5vcmcvMjAwMC9zdmciPjwvc3ZnPg==\" style=\"--smush-placeholder-width: 800px; --smush-placeholder-aspect-ratio: 800\/450;\" data-original-sizes=\"(max-width: 800px) 100vw, 800px\" \/><\/a><\/figure>\n\n\n\n<p class=\"has-text-align-center\">Voc\u00ea quer ver o belo mundo subaqu\u00e1tico de Cura\u00e7ao, mas n\u00e3o gosta de mergulhar? Ent\u00e3o, a scooter subaqu\u00e1tica Aquafari \u00e9 a solu\u00e7\u00e3o.<\/p>\n\n\n\n<div class=\"wp-block-buttons is-content-justification-center is-layout-flex wp-container-core-buttons-is-layout-a89b3969 wp-block-buttons-is-layout-flex\">\n<div class=\"wp-block-button has-custom-width wp-block-button__width-100 has-custom-font-size has-medium-font-size\"><a class=\"wp-block-button__link has-luminous-vivid-amber-to-luminous-vivid-orange-gradient-background has-background wp-element-button\" href=\"https:\/\/website.naarcuracao.staging.golf.gillz.cloud\/pt-br\/tour-item\/aquafari\/\" style=\"padding-top:15px;padding-bottom:15px\"><strong>Aquafari<\/strong><\/a><\/div>\n<\/div>\n<\/div>\n\n\n\n<div class=\"wp-block-column is-layout-flow wp-block-column-is-layout-flow\">\n<h2 class=\"wp-block-heading has-text-align-center\"><strong>Seabob<\/strong><\/h2>\n\n\n\n<figure class=\"wp-block-image aligncenter size-full\"><a href=\"https:\/\/website.naarcuracao.staging.golf.gillz.cloud\/pt-br\/tour-item\/seabob-curacao\/\"><img decoding=\"async\" width=\"960\" height=\"539\" data-src=\"https:\/\/website.naarcuracao.staging.golf.gillz.cloud\/wp-content\/uploads\/2022\/06\/seabob-curacao-diving-turtle-960x540-1.jpg\" alt=\"scooter subaqu&#xE1;tica seabob curacao\" class=\"wp-image-31583 lazyload\" title=\"\" data-srcset=\"https:\/\/website.naarcuracao.staging.golf.gillz.cloud\/wp-content\/uploads\/2022\/06\/seabob-curacao-diving-turtle-960x540-1.jpg 960w, https:\/\/website.naarcuracao.staging.golf.gillz.cloud\/wp-content\/uploads\/2022\/06\/seabob-curacao-diving-turtle-960x540-1-350x197.jpg 350w, https:\/\/website.naarcuracao.staging.golf.gillz.cloud\/wp-content\/uploads\/2022\/06\/seabob-curacao-diving-turtle-960x540-1-534x300.jpg 534w, https:\/\/website.naarcuracao.staging.golf.gillz.cloud\/wp-content\/uploads\/2022\/06\/seabob-curacao-diving-turtle-960x540-1-150x84.jpg 150w, https:\/\/website.naarcuracao.staging.golf.gillz.cloud\/wp-content\/uploads\/2022\/06\/seabob-curacao-diving-turtle-960x540-1-768x431.jpg 768w\" data-sizes=\"auto\" src=\"data:image\/svg+xml;base64,PHN2ZyB3aWR0aD0iMSIgaGVpZ2h0PSIxIiB4bWxucz0iaHR0cDovL3d3dy53My5vcmcvMjAwMC9zdmciPjwvc3ZnPg==\" style=\"--smush-placeholder-width: 960px; --smush-placeholder-aspect-ratio: 960\/539;\" data-original-sizes=\"(max-width: 960px) 100vw, 960px\" \/><\/a><\/figure>\n\n\n\n<p>Uma excurs\u00e3o de mergulho com snorkel, mas muito fixe? Sair num Seabob! Como um verdadeiro James Bond, vai atravessar a \u00e1gua com este aparelho.<\/p>\n\n\n\n<div class=\"wp-block-buttons is-content-justification-center is-layout-flex wp-container-core-buttons-is-layout-a89b3969 wp-block-buttons-is-layout-flex\">\n<div class=\"wp-block-button has-custom-width wp-block-button__width-100 has-custom-font-size has-medium-font-size\"><a class=\"wp-block-button__link has-luminous-vivid-amber-to-luminous-vivid-orange-gradient-background has-background wp-element-button\" href=\"https:\/\/website.naarcuracao.staging.golf.gillz.cloud\/pt-br\/tour-item\/seabob-curacao\/\" style=\"padding-top:15px;padding-bottom:15px\"><strong>Excurs\u00f5es Seabob<\/strong><\/a><\/div>\n<\/div>\n<\/div>\n<\/div>\n\n<div class=\"wp-block-columns is-layout-flex wp-container-core-columns-is-layout-28f84493 wp-block-columns-is-layout-flex\">\n<div class=\"wp-block-column is-layout-flow wp-block-column-is-layout-flow\">\n<h2 class=\"wp-block-heading has-text-align-center\"><strong>Stand-Up Paddling<\/strong><\/h2>\n\n\n\n<figure class=\"wp-block-image aligncenter size-full\"><a href=\"https:\/\/website.naarcuracao.staging.golf.gillz.cloud\/en\/tour-item\/stand-up-paddling\/\"><img decoding=\"async\" width=\"960\" height=\"540\" data-src=\"https:\/\/website.naarcuracao.staging.golf.gillz.cloud\/wp-content\/uploads\/2022\/06\/suppen-curacao-960x540-1.jpg\" alt=\"Cura&#xE7;au de cevada\" class=\"wp-image-31578 lazyload\" title=\"\" data-srcset=\"https:\/\/website.naarcuracao.staging.golf.gillz.cloud\/wp-content\/uploads\/2022\/06\/suppen-curacao-960x540-1.jpg 960w, https:\/\/website.naarcuracao.staging.golf.gillz.cloud\/wp-content\/uploads\/2022\/06\/suppen-curacao-960x540-1-350x197.jpg 350w, https:\/\/website.naarcuracao.staging.golf.gillz.cloud\/wp-content\/uploads\/2022\/06\/suppen-curacao-960x540-1-533x300.jpg 533w, https:\/\/website.naarcuracao.staging.golf.gillz.cloud\/wp-content\/uploads\/2022\/06\/suppen-curacao-960x540-1-150x84.jpg 150w, https:\/\/website.naarcuracao.staging.golf.gillz.cloud\/wp-content\/uploads\/2022\/06\/suppen-curacao-960x540-1-768x432.jpg 768w\" data-sizes=\"auto\" src=\"data:image\/svg+xml;base64,PHN2ZyB3aWR0aD0iMSIgaGVpZ2h0PSIxIiB4bWxucz0iaHR0cDovL3d3dy53My5vcmcvMjAwMC9zdmciPjwvc3ZnPg==\" style=\"--smush-placeholder-width: 960px; --smush-placeholder-aspect-ratio: 960\/540;\" data-original-sizes=\"(max-width: 960px) 100vw, 960px\" \/><\/a><\/figure>\n\n\n\n<p class=\"has-text-align-center\">O Suppen \u00e9 poss\u00edvel para todos, desde os mais jovens at\u00e9 os mais velhos: suba na prancha e navegue imediatamente. Participe do passeio pela \u00c1gua Espanhola, pelo mangue, entre outros.<\/p>\n\n\n\n<div class=\"wp-block-buttons is-content-justification-center is-layout-flex wp-container-core-buttons-is-layout-a89b3969 wp-block-buttons-is-layout-flex\">\n<div class=\"wp-block-button has-custom-width wp-block-button__width-100 has-custom-font-size has-medium-font-size\"><a class=\"wp-block-button__link has-luminous-vivid-amber-to-luminous-vivid-orange-gradient-background has-background wp-element-button\" href=\"https:\/\/website.naarcuracao.staging.golf.gillz.cloud\/en\/tour-item\/stand-up-paddling\/\" style=\"padding-top:15px;padding-bottom:15px\" target=\"_blank\" rel=\"noreferrer noopener\"><strong>Stand-Up Paddling<\/strong><\/a><\/div>\n<\/div>\n<\/div>\n\n\n\n<div class=\"wp-block-column is-layout-flow wp-block-column-is-layout-flow\">\n<h2 class=\"wp-block-heading has-text-align-center\"><strong>Mergulho<\/strong><\/h2>\n\n\n\n<figure class=\"wp-block-image size-full\"><a href=\"https:\/\/website.naarcuracao.staging.golf.gillz.cloud\/en\/tour-item\/diving-discovery-dive\/\"><img decoding=\"async\" width=\"960\" height=\"540\" data-src=\"https:\/\/website.naarcuracao.staging.golf.gillz.cloud\/wp-content\/uploads\/2022\/06\/duiken-curacao-introductieduik-960x540-1.jpg\" alt=\"mergulho em cura&#xE7;ao\" class=\"wp-image-31585 lazyload\" title=\"\" data-srcset=\"https:\/\/website.naarcuracao.staging.golf.gillz.cloud\/wp-content\/uploads\/2022\/06\/duiken-curacao-introductieduik-960x540-1.jpg 960w, https:\/\/website.naarcuracao.staging.golf.gillz.cloud\/wp-content\/uploads\/2022\/06\/duiken-curacao-introductieduik-960x540-1-350x197.jpg 350w, https:\/\/website.naarcuracao.staging.golf.gillz.cloud\/wp-content\/uploads\/2022\/06\/duiken-curacao-introductieduik-960x540-1-533x300.jpg 533w, https:\/\/website.naarcuracao.staging.golf.gillz.cloud\/wp-content\/uploads\/2022\/06\/duiken-curacao-introductieduik-960x540-1-150x84.jpg 150w, https:\/\/website.naarcuracao.staging.golf.gillz.cloud\/wp-content\/uploads\/2022\/06\/duiken-curacao-introductieduik-960x540-1-768x432.jpg 768w\" data-sizes=\"auto\" src=\"data:image\/svg+xml;base64,PHN2ZyB3aWR0aD0iMSIgaGVpZ2h0PSIxIiB4bWxucz0iaHR0cDovL3d3dy53My5vcmcvMjAwMC9zdmciPjwvc3ZnPg==\" style=\"--smush-placeholder-width: 960px; --smush-placeholder-aspect-ratio: 960\/540;\" data-original-sizes=\"(max-width: 960px) 100vw, 960px\" \/><\/a><\/figure>\n\n\n\n<p class=\"has-text-align-center\">Cura\u00e7ao subaqu\u00e1tica tamb\u00e9m \u00e9 bonita para explorar. Fa\u00e7a um mergulho de introdu\u00e7\u00e3o, mergulhe com golfinhos ou fa\u00e7a, por exemplo, um mergulho noturno e veja a vida subaqu\u00e1tica \u00e0 noite.<\/p>\n\n\n\n<div class=\"wp-block-buttons is-content-justification-center is-layout-flex wp-container-core-buttons-is-layout-a89b3969 wp-block-buttons-is-layout-flex\">\n<div class=\"wp-block-button has-custom-width wp-block-button__width-100 has-custom-font-size has-medium-font-size\"><a class=\"wp-block-button__link has-luminous-vivid-amber-to-luminous-vivid-orange-gradient-background has-background wp-element-button\" href=\"https:\/\/website.naarcuracao.staging.golf.gillz.cloud\/en\/tour-item\/diving-discovery-dive\/\" style=\"padding-top:15px;padding-bottom:15px\" target=\"_blank\" rel=\"noreferrer noopener\"><strong>Introdu\u00e7\u00e3o ao mergulho<\/strong><\/a><\/div>\n<\/div>\n<\/div>\n\n\n\n<div class=\"wp-block-column is-layout-flow wp-block-column-is-layout-flow\">\n<h2 class=\"wp-block-heading has-text-align-center\"><strong>Kitesurf<\/strong><\/h2>\n\n\n\n<figure class=\"wp-block-image size-full\"><a href=\"https:\/\/website.naarcuracao.staging.golf.gillz.cloud\/pt-br\/?post_type=tour-item&amp;p=37766\"><img decoding=\"async\" width=\"960\" height=\"540\" data-src=\"https:\/\/website.naarcuracao.staging.golf.gillz.cloud\/wp-content\/uploads\/2022\/06\/kitesurfen-curacao-960x540-1.jpg\" alt=\"kitesurf curacao Awa Salu\" class=\"wp-image-31582 lazyload\" title=\"\" data-srcset=\"https:\/\/website.naarcuracao.staging.golf.gillz.cloud\/wp-content\/uploads\/2022\/06\/kitesurfen-curacao-960x540-1.jpg 960w, https:\/\/website.naarcuracao.staging.golf.gillz.cloud\/wp-content\/uploads\/2022\/06\/kitesurfen-curacao-960x540-1-350x197.jpg 350w, https:\/\/website.naarcuracao.staging.golf.gillz.cloud\/wp-content\/uploads\/2022\/06\/kitesurfen-curacao-960x540-1-533x300.jpg 533w, https:\/\/website.naarcuracao.staging.golf.gillz.cloud\/wp-content\/uploads\/2022\/06\/kitesurfen-curacao-960x540-1-150x84.jpg 150w, https:\/\/website.naarcuracao.staging.golf.gillz.cloud\/wp-content\/uploads\/2022\/06\/kitesurfen-curacao-960x540-1-768x432.jpg 768w\" data-sizes=\"auto\" src=\"data:image\/svg+xml;base64,PHN2ZyB3aWR0aD0iMSIgaGVpZ2h0PSIxIiB4bWxucz0iaHR0cDovL3d3dy53My5vcmcvMjAwMC9zdmciPjwvc3ZnPg==\" style=\"--smush-placeholder-width: 960px; --smush-placeholder-aspect-ratio: 960\/540;\" data-original-sizes=\"(max-width: 960px) 100vw, 960px\" \/><\/a><\/figure>\n\n\n\n<p class=\"has-text-align-center\">A \u00e1gua e o vento s\u00e3o abundantes em Cura\u00e7ao; um local ideal para o kitesurf. Desde aulas de inicia\u00e7\u00e3o a cursos de 2 dias, tudo \u00e9 poss\u00edvel.<\/p>\n\n\n\n<div class=\"wp-block-buttons is-content-justification-center is-layout-flex wp-container-core-buttons-is-layout-a89b3969 wp-block-buttons-is-layout-flex\">\n<div class=\"wp-block-button has-custom-width wp-block-button__width-100 has-custom-font-size has-medium-font-size\"><a class=\"wp-block-button__link has-luminous-vivid-amber-to-luminous-vivid-orange-gradient-background has-background wp-element-button\" href=\"https:\/\/website.naarcuracao.staging.golf.gillz.cloud\/pt-br\/?post_type=tour-item&amp;p=37766\" style=\"padding-top:15px;padding-bottom:15px\" target=\"_blank\" rel=\"noreferrer noopener\"><strong>Kite Surf<\/strong><\/a><\/div>\n<\/div>\n<\/div>\n<\/div>\n\n<div class=\"wp-block-columns is-layout-flex wp-container-core-columns-is-layout-28f84493 wp-block-columns-is-layout-flex\">\n<div class=\"wp-block-column is-layout-flow wp-block-column-is-layout-flow\"><\/div>\n<\/div>\n\n<div style=\"height:29px\" aria-hidden=\"true\" class=\"wp-block-spacer\"><\/div>\n","protected":false},"excerpt":{"rendered":"<p>Com tanta \u00e1gua em Cura\u00e7ao e arredores, \u00e9 natural que possa praticar todos os tipos de desportos aqu\u00e1ticos. E para quase tudo: divers\u00e3o para jovens e adultos, para principiantes e especialistas! Jet ski Fa\u00e7a um passeio panor\u00e2mico de Jet Ski em Spanish Water. Veja as belas moradias ao longo da costa. Leve um passageiro gratuitamente! [&hellip;]<\/p>\n","protected":false},"author":1,"featured_media":53453,"parent":0,"menu_order":0,"comment_status":"closed","ping_status":"closed","template":"","meta":{"_acf_changed":false,"site-sidebar-layout":"default","site-content-layout":"","ast-site-content-layout":"default","site-content-style":"default","site-sidebar-style":"default","ast-global-header-display":"","ast-banner-title-visibility":"","ast-main-header-display":"","ast-hfb-above-header-display":"","ast-hfb-below-header-display":"","ast-hfb-mobile-header-display":"","site-post-title":"","ast-breadcrumbs-content":"","ast-featured-img":"","footer-sml-layout":"","theme-transparent-header-meta":"","adv-header-id-meta":"","stick-header-meta":"","header-above-stick-meta":"","header-main-stick-meta":"","header-below-stick-meta":"","astra-migrate-meta-layouts":"set","ast-page-background-enabled":"default","ast-page-background-meta":{"desktop":{"background-color":"var(--ast-global-color-4)","background-image":"","background-repeat":"repeat","background-position":"center center","background-size":"auto","background-attachment":"scroll","background-type":"","background-media":"","overlay-type":"","overlay-color":"","overlay-opacity":"","overlay-gradient":""},"tablet":{"background-color":"","background-image":"","background-repeat":"repeat","background-position":"center center","background-size":"auto","background-attachment":"scroll","background-type":"","background-media":"","overlay-type":"","overlay-color":"","overlay-opacity":"","overlay-gradient":""},"mobile":{"background-color":"","background-image":"","background-repeat":"repeat","background-position":"center center","background-size":"auto","background-attachment":"scroll","background-type":"","background-media":"","overlay-type":"","overlay-color":"","overlay-opacity":"","overlay-gradient":""}},"ast-content-background-meta":{"desktop":{"background-color":"var(--ast-global-color-5)","background-image":"","background-repeat":"repeat","background-position":"center center","background-size":"auto","background-attachment":"scroll","background-type":"","background-media":"","overlay-type":"","overlay-color":"","overlay-opacity":"","overlay-gradient":""},"tablet":{"background-color":"var(--ast-global-color-5)","background-image":"","background-repeat":"repeat","background-position":"center center","background-size":"auto","background-attachment":"scroll","background-type":"","background-media":"","overlay-type":"","overlay-color":"","overlay-opacity":"","overlay-gradient":""},"mobile":{"background-color":"var(--ast-global-color-5)","background-image":"","background-repeat":"repeat","background-position":"center center","background-size":"auto","background-attachment":"scroll","background-type":"","background-media":"","overlay-type":"","overlay-color":"","overlay-opacity":"","overlay-gradient":""}},"footnotes":""},"class_list":["post-53452","page","type-page","status-publish","has-post-thumbnail","hentry"],"acf":[],"_links":{"self":[{"href":"https:\/\/website.naarcuracao.staging.golf.gillz.cloud\/pt-br\/wp-json\/wp\/v2\/pages\/53452","targetHints":{"allow":["GET"]}}],"collection":[{"href":"https:\/\/website.naarcuracao.staging.golf.gillz.cloud\/pt-br\/wp-json\/wp\/v2\/pages"}],"about":[{"href":"https:\/\/website.naarcuracao.staging.golf.gillz.cloud\/pt-br\/wp-json\/wp\/v2\/types\/page"}],"author":[{"embeddable":true,"href":"https:\/\/website.naarcuracao.staging.golf.gillz.cloud\/pt-br\/wp-json\/wp\/v2\/users\/1"}],"replies":[{"embeddable":true,"href":"https:\/\/website.naarcuracao.staging.golf.gillz.cloud\/pt-br\/wp-json\/wp\/v2\/comments?post=53452"}],"version-history":[{"count":6,"href":"https:\/\/website.naarcuracao.staging.golf.gillz.cloud\/pt-br\/wp-json\/wp\/v2\/pages\/53452\/revisions"}],"predecessor-version":[{"id":60146,"href":"https:\/\/website.naarcuracao.staging.golf.gillz.cloud\/pt-br\/wp-json\/wp\/v2\/pages\/53452\/revisions\/60146"}],"wp:featuredmedia":[{"embeddable":true,"href":"https:\/\/website.naarcuracao.staging.golf.gillz.cloud\/pt-br\/wp-json\/wp\/v2\/media\/53453"}],"wp:attachment":[{"href":"https:\/\/website.naarcuracao.staging.golf.gillz.cloud\/pt-br\/wp-json\/wp\/v2\/media?parent=53452"}],"curies":[{"name":"wp","href":"https:\/\/api.w.org\/{rel}","templated":true}]}}