{"id":54277,"date":"2023-10-11T16:40:51","date_gmt":"2023-10-11T14:40:51","guid":{"rendered":"https:\/\/website.naarcuracao.staging.golf.gillz.cloud\/?page_id=54277"},"modified":"2023-12-19T21:48:58","modified_gmt":"2023-12-19T20:48:58","slug":"24-7-taxi-curacao","status":"publish","type":"page","link":"https:\/\/website.naarcuracao.staging.golf.gillz.cloud\/pt-br\/24-7-taxi-curacao\/","title":{"rendered":"24-7 Taxi Cura\u00e7ao"},"content":{"rendered":"\n<h5 class=\"wp-block-heading\">Se voc\u00ea quiser ir a algum lugar em Cura\u00e7ao e n\u00e3o tiver um carro, o transporte p\u00fablico n\u00e3o \u00e9 uma op\u00e7\u00e3o confi\u00e1vel. E voc\u00ea tamb\u00e9m n\u00e3o anda a p\u00e9 ou de bicicleta; est\u00e1 muito quente ou faltam pistas seguras para caminhar ou andar de bicicleta. Como organizar um t\u00e1xi com facilidade? Com o aplicativo da 24-7 Taxi Cura\u00e7ao, isso pode ser feito rapidamente.<\/h5>\n\n\n\n<div class=\"wp-block-columns is-layout-flex wp-container-core-columns-is-layout-28f84493 wp-block-columns-is-layout-flex\">\n<div class=\"wp-block-column has-border-color has-red-border-color has-background is-layout-flow wp-block-column-is-layout-flow\" style=\"border-width:2px;background-color:#f7e34c;padding-top:10px;padding-right:10px;padding-bottom:10px;padding-left:10px;flex-basis:33.33%\">\n<h2 class=\"wp-block-heading has-text-align-center\">Precisa de um t\u00e1xi agora?<\/h2>\n\n\n\n<p class=\"has-text-align-center\"><strong>Precisa de um t\u00e1xi agora? Um chamador \u00e9 mais r\u00e1pido! Ligue para +5999 844 9247.<\/strong> <\/p>\n\n\n\n<div class=\"wp-block-buttons is-content-justification-center is-layout-flex wp-container-core-buttons-is-layout-a89b3969 wp-block-buttons-is-layout-flex\">\n<div class=\"wp-block-button has-custom-width wp-block-button__width-75 has-custom-font-size has-medium-font-size\"><a class=\"wp-block-button__link has-white-color has-luminous-vivid-orange-to-vivid-red-gradient-background has-text-color has-background has-text-align-center wp-element-button\" href=\"tel:005998449247\" style=\"padding-top:20px;padding-bottom:20px\" target=\"_blank\" rel=\"noreferrer noopener\"><strong>Ligue agora para o Taxi Cura\u00e7ao<\/strong> \u00bb<\/a><\/div>\n<\/div>\n<\/div>\n\n\n\n<div class=\"wp-block-column is-layout-flow wp-block-column-is-layout-flow\" style=\"flex-basis:66.66%\">\n<h2 class=\"wp-block-heading\">24-7 Taxi Curacao<\/h2>\n\n\n\n<p>Cura\u00e7ao \u00e9 uma bela ilha para f\u00e9rias. E, muitas vezes, voc\u00ea pode caminhar ao redor de sua acomoda\u00e7\u00e3o at\u00e9 a praia, algumas lojas ou restaurantes. Mas, \u00e0s vezes, ainda \u00e9 bom ir um pouco mais longe. Um carro alugado \u00e9 uma op\u00e7\u00e3o, mas geralmente s\u00f3 est\u00e1 dispon\u00edvel a partir de 4 dias de aluguel. Ent\u00e3o, um t\u00e1xi \u00e9 uma \u00f3tima solu\u00e7\u00e3o. E a 24-7 Taxi Cura\u00e7ao \u00e9 a maior organiza\u00e7\u00e3o de t\u00e1xis de Cura\u00e7ao; eles t\u00eam carros confort\u00e1veis e cerca de 50 motoristas confi\u00e1veis.<\/p>\n<\/div>\n<\/div>\n\n\n\n<h3 class=\"wp-block-heading\">T\u00e1xi r\u00e1pido e simples<\/h3>\n\n\n\n<p>Na 24-7 Taxi Cura\u00e7ao, voc\u00ea sempre organiza um t\u00e1xi com facilidade. Isso pode ser feito de v\u00e1rias maneiras:<\/p>\n\n\n\n<h3 class=\"wp-block-heading\">Por meio do aplicativo 24-7 Taxi<\/h3>\n\n\n\n<div class=\"wp-block-columns are-vertically-aligned-center is-layout-flex wp-container-core-columns-is-layout-085a718d wp-block-columns-is-layout-flex\" style=\"margin-top:15px;margin-bottom:15px\">\n<div class=\"wp-block-column is-vertically-aligned-center is-layout-flow wp-block-column-is-layout-flow\" style=\"flex-basis:66.66%\">\n<p>A maneira mais r\u00e1pida e f\u00e1cil de reservar um t\u00e1xi em Cura\u00e7ao \u00e9 por meio do aplicativo da 24-7 Taxi Cura\u00e7ao. Quando voc\u00ea abre o aplicativo, o local de retirada \u00e9 facilmente selecionado como o local onde voc\u00ea est\u00e1 naquele momento. E para indicar onde ir, voc\u00ea pode inserir um endere\u00e7o\/localiza\u00e7\u00e3o ou procur\u00e1-lo no mapa. E isso \u00e9 \u00fatil porque, como turista, voc\u00ea sabe onde muitos locais est\u00e3o (aproximadamente), mas n\u00e3o tem ideia de como a rua se chama.<br>Voc\u00ea ver\u00e1 imediatamente quais t\u00e1xis est\u00e3o dispon\u00edveis e quanto custar\u00e1. Solu\u00e7\u00e3o super simples e super r\u00e1pida. O aplicativo est\u00e1 dispon\u00edvel na <a href=\"https:\/\/apps.apple.com\/nl\/app\/24-7-taxi-curacao\/id1571466170\" target=\"_blank\" rel=\"noreferrer noopener nofollow sponsored\">Apple App Store<\/a> e tamb\u00e9m no <a href=\"https:\/\/play.google.com\/store\/apps\/details?id=com.taxicaller.TAXICURACAO247.app&amp;hl=nl-NL&amp;referrer=utm_source%3D247_taxi_curacao%26utm_medium%3Dwebsite_cw_nl%26utm_campaign%3Ddownload_app_google_play\" target=\"_blank\" rel=\"noreferrer noopener nofollow sponsored\">Google Play<\/a>.<\/p>\n\n\n\n<h5 class=\"wp-block-heading\"><span><em style=\"font-weight: bold;\">Crie rapidamente uma<\/em><\/span><em style=\"font-weight: bold;\">conta<\/em><\/h5>\n\n\n\n<p>Para usar o aplicativo, voc\u00ea precisa criar uma conta uma vez, mas isso \u00e9 feito facilmente sem todos os tipos de etapas de verifica\u00e7\u00e3o. Digite seu nome, n\u00famero de telefone, endere\u00e7o de e-mail e, em seguida, apenas uma senha. Isso \u00e9 tudo. E voc\u00ea pode ir direto para a organiza\u00e7\u00e3o de um t\u00e1xi.<br>Clique na imagem da Apple App Store ou do Google Play para fazer o download.<\/p>\n\n\n\n<div class=\"wp-block-columns is-layout-flex wp-container-core-columns-is-layout-28f84493 wp-block-columns-is-layout-flex\">\n<div class=\"wp-block-column is-layout-flow wp-block-column-is-layout-flow\">\n<figure class=\"wp-block-image aligncenter size-medium is-resized\"><a href=\"https:\/\/apps.apple.com\/nl\/app\/24-7-taxi-curacao\/id1571466170\" target=\"_blank\" rel=\"noreferrer noopener\"><img decoding=\"async\" width=\"350\" height=\"104\" data-src=\"https:\/\/website.naarcuracao.staging.golf.gillz.cloud\/wp-content\/uploads\/2023\/10\/download-app-store-350x104.png\" alt=\"\" class=\"wp-image-49217 lazyload\" style=\"--smush-placeholder-width: 350px; --smush-placeholder-aspect-ratio: 350\/104;width:210px;height:undefinedpx\" title=\"\" data-srcset=\"https:\/\/website.naarcuracao.staging.golf.gillz.cloud\/wp-content\/uploads\/2023\/10\/download-app-store-350x104.png 350w, https:\/\/website.naarcuracao.staging.golf.gillz.cloud\/wp-content\/uploads\/2023\/10\/download-app-store-150x45.png 150w, https:\/\/website.naarcuracao.staging.golf.gillz.cloud\/wp-content\/uploads\/2023\/10\/download-app-store.png 687w\" data-sizes=\"auto\" src=\"data:image\/svg+xml;base64,PHN2ZyB3aWR0aD0iMSIgaGVpZ2h0PSIxIiB4bWxucz0iaHR0cDovL3d3dy53My5vcmcvMjAwMC9zdmciPjwvc3ZnPg==\" data-original-sizes=\"(max-width: 350px) 100vw, 350px\" \/><\/a><\/figure>\n<\/div>\n\n\n\n<div class=\"wp-block-column is-layout-flow wp-block-column-is-layout-flow\">\n<figure class=\"wp-block-image aligncenter size-medium is-resized\"><a href=\"https:\/\/play.google.com\/store\/apps\/details?id=com.taxicaller.TAXICURACAO247.app&amp;hl=nl-NL&amp;referrer=utm_source%3D247_taxi_curacao%26utm_medium%3Dwebsite_cw_nl%26utm_campaign%3Ddownload_app_google_play\" target=\"_blank\" rel=\"noreferrer noopener\"><img decoding=\"async\" width=\"350\" height=\"106\" data-src=\"https:\/\/website.naarcuracao.staging.golf.gillz.cloud\/wp-content\/uploads\/2023\/10\/get-in-on-google-play-350x106.png\" alt=\"\" class=\"wp-image-49221 lazyload\" style=\"--smush-placeholder-width: 350px; --smush-placeholder-aspect-ratio: 350\/106;width:210px;height:undefinedpx\" title=\"\" data-srcset=\"https:\/\/website.naarcuracao.staging.golf.gillz.cloud\/wp-content\/uploads\/2023\/10\/get-in-on-google-play-350x106.png 350w, https:\/\/website.naarcuracao.staging.golf.gillz.cloud\/wp-content\/uploads\/2023\/10\/get-in-on-google-play-150x46.png 150w, https:\/\/website.naarcuracao.staging.golf.gillz.cloud\/wp-content\/uploads\/2023\/10\/get-in-on-google-play.png 689w\" data-sizes=\"auto\" src=\"data:image\/svg+xml;base64,PHN2ZyB3aWR0aD0iMSIgaGVpZ2h0PSIxIiB4bWxucz0iaHR0cDovL3d3dy53My5vcmcvMjAwMC9zdmciPjwvc3ZnPg==\" data-original-sizes=\"(max-width: 350px) 100vw, 350px\" \/><\/a><\/figure>\n<\/div>\n<\/div>\n<\/div>\n\n\n\n<div class=\"wp-block-column is-vertically-aligned-center is-layout-flow wp-block-column-is-layout-flow\" style=\"flex-basis:33.33%\">\n<figure class=\"wp-block-image aligncenter size-full\"><a href=\"https:\/\/247taxi.cw\/download-app\/\" target=\"_blank\" rel=\"noreferrer noopener nofollow sponsored\"><img decoding=\"async\" width=\"430\" height=\"439\" data-src=\"https:\/\/website.naarcuracao.staging.golf.gillz.cloud\/wp-content\/uploads\/2023\/10\/24-7-taxi-curacao-430x439-1.png\" alt=\"24-7 Taxi Cura\u00e7ao: organizando um t\u00e1xi por meio de um aplicativo\" class=\"wp-image-49196 lazyload\" title=\"\" data-srcset=\"https:\/\/website.naarcuracao.staging.golf.gillz.cloud\/wp-content\/uploads\/2023\/10\/24-7-taxi-curacao-430x439-1.png 430w, https:\/\/website.naarcuracao.staging.golf.gillz.cloud\/wp-content\/uploads\/2023\/10\/24-7-taxi-curacao-430x439-1-193x197.png 193w, https:\/\/website.naarcuracao.staging.golf.gillz.cloud\/wp-content\/uploads\/2023\/10\/24-7-taxi-curacao-430x439-1-294x300.png 294w, https:\/\/website.naarcuracao.staging.golf.gillz.cloud\/wp-content\/uploads\/2023\/10\/24-7-taxi-curacao-430x439-1-147x150.png 147w\" data-sizes=\"auto\" src=\"data:image\/svg+xml;base64,PHN2ZyB3aWR0aD0iMSIgaGVpZ2h0PSIxIiB4bWxucz0iaHR0cDovL3d3dy53My5vcmcvMjAwMC9zdmciPjwvc3ZnPg==\" style=\"--smush-placeholder-width: 430px; --smush-placeholder-aspect-ratio: 430\/439;\" data-original-sizes=\"(max-width: 430px) 100vw, 430px\" \/><\/a><\/figure>\n<\/div>\n<\/div>\n\n\n\n<h3 class=\"wp-block-heading\">WhatsApp ou telefone<\/h3>\n\n\n\n<p>Se voc\u00ea precisar de um t\u00e1xi uma vez e n\u00e3o achar necess\u00e1rio fazer o download de um aplicativo e criar uma conta para isso, \u00e9 claro que voc\u00ea tamb\u00e9m pode pedir um t\u00e1xi facilmente por telefone. Isso pode ser feito pelo WhatsApp ou por uma simples liga\u00e7\u00e3o:<\/p>\n\n\n\n<div class=\"wp-block-columns is-layout-flex wp-container-core-columns-is-layout-ebd733d1 wp-block-columns-is-layout-flex\" style=\"margin-top:20px;margin-bottom:20px\">\n<div class=\"wp-block-column is-vertically-aligned-center has-border-color has-dark-border-color is-layout-flow wp-container-core-column-is-layout-9ade4a0a wp-block-column-is-layout-flow\" style=\"border-width:1px;padding-top:10px;padding-bottom:10px\">\n<h3 class=\"wp-block-heading has-text-align-center\">WhatsApp<\/h3>\n\n\n\n<p class=\"has-text-align-center\">O 24-7 Taxi Cura\u00e7ao pode ser contatado via WhatsApp no telnr. +5999 844 9247.<\/p>\n\n\n\n<div class=\"wp-block-buttons is-content-justification-center is-layout-flex wp-container-core-buttons-is-layout-a89b3969 wp-block-buttons-is-layout-flex\">\n<div class=\"wp-block-button has-custom-width wp-block-button__width-75 has-custom-font-size has-medium-font-size\"><a class=\"wp-block-button__link has-black-color has-text-color has-background has-text-align-center wp-element-button\" href=\"https:\/\/api.whatsapp.com\/send?phone=59998449247\" style=\"background-color:#4fce5d;padding-top:20px;padding-bottom:20px\" target=\"_blank\" rel=\"noreferrer noopener\"><strong>24-7 Taxi Cura\u00e7ao &#8211; WhatsApp<\/strong><\/a><\/div>\n<\/div>\n<\/div>\n\n\n\n<div class=\"wp-block-column is-vertically-aligned-center has-border-color has-dark-border-color is-layout-flow wp-container-core-column-is-layout-9ade4a0a wp-block-column-is-layout-flow\" style=\"border-width:1px;padding-top:10px;padding-bottom:10px\">\n<h3 class=\"wp-block-heading has-text-align-center\">Chamada<\/h3>\n\n\n\n<p class=\"has-text-align-center\">A 24-7 Taxi Cura\u00e7ao pode ser contatada pelo telefone telnr. +5999 844 9247.<\/p>\n\n\n\n<div class=\"wp-block-buttons is-content-justification-center is-layout-flex wp-container-core-buttons-is-layout-a89b3969 wp-block-buttons-is-layout-flex\">\n<div class=\"wp-block-button has-custom-width wp-block-button__width-75 has-custom-font-size has-medium-font-size\"><a class=\"wp-block-button__link has-black-color has-luminous-vivid-amber-background-color has-text-color has-background has-text-align-center wp-element-button\" href=\"tel:005998449247\" style=\"padding-top:20px;padding-bottom:20px\" target=\"_blank\" rel=\"noreferrer noopener\"><strong>24-7 Taxi Cura\u00e7ao &#8211; ligue para<\/strong><\/a><\/div>\n<\/div>\n<\/div>\n<\/div>\n\n\n\n<h2 class=\"wp-block-heading\">Tarifas<\/h2>\n\n\n\n<p>Voc\u00ea sabia que os t\u00e1xis em Cura\u00e7ao n\u00e3o funcionam com tax\u00edmetro? Como resultado, muitas vezes voc\u00ea n\u00e3o sabe quanto custar\u00e1 sua viagem ou o pre\u00e7o ainda precisa ser negociado. Felizmente, a 24-7 Taxi trabalha com um pre\u00e7o fixo por km, de modo que voc\u00ea sempre sabe com anteced\u00eancia quanto custar\u00e1 sua corrida de t\u00e1xi.<\/p>\n\n\n\n<h3 class=\"wp-block-heading\">Pagar t\u00e1xi<\/h3>\n\n\n\n<p>Voc\u00ea simplesmente paga pela corrida de t\u00e1xi somente depois, quando chegar ao seu destino. Portanto, voc\u00ea n\u00e3o precisa pagar antecipadamente pelo aplicativo. Voc\u00ea pode pagar na porta do motorista com dinheiro (em Guilders ou d\u00f3lares americanos) ou com seu cart\u00e3o de d\u00e9bito ou cr\u00e9dito. O pagamento com cart\u00e3o de d\u00e9bito ou cr\u00e9dito tem uma sobretaxa de 3%. E o 24-7 Taxi Cura\u00e7ao \u00e9 um dos poucos t\u00e1xis em Cura\u00e7ao onde voc\u00ea tamb\u00e9m pode pagar com o Apple Pay.<\/p>\n\n\n\n<h2 class=\"wp-block-heading\">Fa\u00e7a o download do aplicativo de t\u00e1xi<\/h2>\n\n\n\n<p>Dica: baixe o aplicativo de t\u00e1xi agora e crie sua conta imediatamente. Assim, voc\u00ea pode organizar um t\u00e1xi de forma r\u00e1pida e f\u00e1cil quando precisar de um mais tarde em Cura\u00e7ao.<\/p>\n\n\n\n<div class=\"wp-block-columns is-layout-flex wp-container-core-columns-is-layout-ebd733d1 wp-block-columns-is-layout-flex\" style=\"margin-top:20px;margin-bottom:20px\">\n<div class=\"wp-block-column is-layout-flow wp-block-column-is-layout-flow\">\n<figure class=\"wp-block-image aligncenter size-medium is-resized\"><a href=\"https:\/\/apps.apple.com\/nl\/app\/24-7-taxi-curacao\/id1571466170\" target=\"_blank\" rel=\"noreferrer noopener\"><img decoding=\"async\" width=\"350\" height=\"104\" data-src=\"https:\/\/website.naarcuracao.staging.golf.gillz.cloud\/wp-content\/uploads\/2023\/10\/download-app-store-350x104.png\" alt=\"\" class=\"wp-image-49217 lazyload\" style=\"--smush-placeholder-width: 350px; --smush-placeholder-aspect-ratio: 350\/104;width:210px;height:undefinedpx\" title=\"\" data-srcset=\"https:\/\/website.naarcuracao.staging.golf.gillz.cloud\/wp-content\/uploads\/2023\/10\/download-app-store-350x104.png 350w, https:\/\/website.naarcuracao.staging.golf.gillz.cloud\/wp-content\/uploads\/2023\/10\/download-app-store-150x45.png 150w, https:\/\/website.naarcuracao.staging.golf.gillz.cloud\/wp-content\/uploads\/2023\/10\/download-app-store.png 687w\" data-sizes=\"auto\" src=\"data:image\/svg+xml;base64,PHN2ZyB3aWR0aD0iMSIgaGVpZ2h0PSIxIiB4bWxucz0iaHR0cDovL3d3dy53My5vcmcvMjAwMC9zdmciPjwvc3ZnPg==\" data-original-sizes=\"(max-width: 350px) 100vw, 350px\" \/><\/a><\/figure>\n<\/div>\n\n\n\n<div class=\"wp-block-column is-layout-flow wp-block-column-is-layout-flow\">\n<figure class=\"wp-block-image aligncenter size-medium is-resized\"><a href=\"https:\/\/play.google.com\/store\/apps\/details?id=com.taxicaller.TAXICURACAO247.app&amp;hl=nl-NL&amp;referrer=utm_source%3D247_taxi_curacao%26utm_medium%3Dwebsite_cw_nl%26utm_campaign%3Ddownload_app_google_play\" target=\"_blank\" rel=\"noreferrer noopener\"><img decoding=\"async\" width=\"350\" height=\"106\" data-src=\"https:\/\/website.naarcuracao.staging.golf.gillz.cloud\/wp-content\/uploads\/2023\/10\/get-in-on-google-play-350x106.png\" alt=\"\" class=\"wp-image-49221 lazyload\" style=\"--smush-placeholder-width: 350px; --smush-placeholder-aspect-ratio: 350\/106;width:210px;height:undefinedpx\" title=\"\" data-srcset=\"https:\/\/website.naarcuracao.staging.golf.gillz.cloud\/wp-content\/uploads\/2023\/10\/get-in-on-google-play-350x106.png 350w, https:\/\/website.naarcuracao.staging.golf.gillz.cloud\/wp-content\/uploads\/2023\/10\/get-in-on-google-play-150x46.png 150w, https:\/\/website.naarcuracao.staging.golf.gillz.cloud\/wp-content\/uploads\/2023\/10\/get-in-on-google-play.png 689w\" data-sizes=\"auto\" src=\"data:image\/svg+xml;base64,PHN2ZyB3aWR0aD0iMSIgaGVpZ2h0PSIxIiB4bWxucz0iaHR0cDovL3d3dy53My5vcmcvMjAwMC9zdmciPjwvc3ZnPg==\" data-original-sizes=\"(max-width: 350px) 100vw, 350px\" \/><\/a><\/figure>\n<\/div>\n<\/div>\n","protected":false},"excerpt":{"rendered":"<p>Se voc\u00ea quiser ir a algum lugar em Cura\u00e7ao e n\u00e3o tiver um carro, o transporte p\u00fablico n\u00e3o \u00e9 uma op\u00e7\u00e3o confi\u00e1vel. E voc\u00ea tamb\u00e9m n\u00e3o anda a p\u00e9 ou de bicicleta; est\u00e1 muito quente ou faltam pistas seguras para caminhar ou andar de bicicleta. Como organizar um t\u00e1xi com facilidade? Com o aplicativo da [&hellip;]<\/p>\n","protected":false},"author":1,"featured_media":49237,"parent":0,"menu_order":0,"comment_status":"closed","ping_status":"closed","template":"","meta":{"_acf_changed":false,"site-sidebar-layout":"default","site-content-layout":"","ast-site-content-layout":"default","site-content-style":"default","site-sidebar-style":"default","ast-global-header-display":"","ast-banner-title-visibility":"","ast-main-header-display":"","ast-hfb-above-header-display":"","ast-hfb-below-header-display":"","ast-hfb-mobile-header-display":"","site-post-title":"","ast-breadcrumbs-content":"","ast-featured-img":"","footer-sml-layout":"","theme-transparent-header-meta":"","adv-header-id-meta":"","stick-header-meta":"","header-above-stick-meta":"","header-main-stick-meta":"","header-below-stick-meta":"","astra-migrate-meta-layouts":"set","ast-page-background-enabled":"default","ast-page-background-meta":{"desktop":{"background-color":"var(--ast-global-color-4)","background-image":"","background-repeat":"repeat","background-position":"center center","background-size":"auto","background-attachment":"scroll","background-type":"","background-media":"","overlay-type":"","overlay-color":"","overlay-opacity":"","overlay-gradient":""},"tablet":{"background-color":"","background-image":"","background-repeat":"repeat","background-position":"center center","background-size":"auto","background-attachment":"scroll","background-type":"","background-media":"","overlay-type":"","overlay-color":"","overlay-opacity":"","overlay-gradient":""},"mobile":{"background-color":"","background-image":"","background-repeat":"repeat","background-position":"center center","background-size":"auto","background-attachment":"scroll","background-type":"","background-media":"","overlay-type":"","overlay-color":"","overlay-opacity":"","overlay-gradient":""}},"ast-content-background-meta":{"desktop":{"background-color":"var(--ast-global-color-5)","background-image":"","background-repeat":"repeat","background-position":"center center","background-size":"auto","background-attachment":"scroll","background-type":"","background-media":"","overlay-type":"","overlay-color":"","overlay-opacity":"","overlay-gradient":""},"tablet":{"background-color":"var(--ast-global-color-5)","background-image":"","background-repeat":"repeat","background-position":"center center","background-size":"auto","background-attachment":"scroll","background-type":"","background-media":"","overlay-type":"","overlay-color":"","overlay-opacity":"","overlay-gradient":""},"mobile":{"background-color":"var(--ast-global-color-5)","background-image":"","background-repeat":"repeat","background-position":"center center","background-size":"auto","background-attachment":"scroll","background-type":"","background-media":"","overlay-type":"","overlay-color":"","overlay-opacity":"","overlay-gradient":""}},"footnotes":""},"class_list":["post-54277","page","type-page","status-publish","has-post-thumbnail","hentry"],"acf":[],"_links":{"self":[{"href":"https:\/\/website.naarcuracao.staging.golf.gillz.cloud\/pt-br\/wp-json\/wp\/v2\/pages\/54277","targetHints":{"allow":["GET"]}}],"collection":[{"href":"https:\/\/website.naarcuracao.staging.golf.gillz.cloud\/pt-br\/wp-json\/wp\/v2\/pages"}],"about":[{"href":"https:\/\/website.naarcuracao.staging.golf.gillz.cloud\/pt-br\/wp-json\/wp\/v2\/types\/page"}],"author":[{"embeddable":true,"href":"https:\/\/website.naarcuracao.staging.golf.gillz.cloud\/pt-br\/wp-json\/wp\/v2\/users\/1"}],"replies":[{"embeddable":true,"href":"https:\/\/website.naarcuracao.staging.golf.gillz.cloud\/pt-br\/wp-json\/wp\/v2\/comments?post=54277"}],"version-history":[{"count":2,"href":"https:\/\/website.naarcuracao.staging.golf.gillz.cloud\/pt-br\/wp-json\/wp\/v2\/pages\/54277\/revisions"}],"predecessor-version":[{"id":54288,"href":"https:\/\/website.naarcuracao.staging.golf.gillz.cloud\/pt-br\/wp-json\/wp\/v2\/pages\/54277\/revisions\/54288"}],"wp:featuredmedia":[{"embeddable":true,"href":"https:\/\/website.naarcuracao.staging.golf.gillz.cloud\/pt-br\/wp-json\/wp\/v2\/media\/49237"}],"wp:attachment":[{"href":"https:\/\/website.naarcuracao.staging.golf.gillz.cloud\/pt-br\/wp-json\/wp\/v2\/media?parent=54277"}],"curies":[{"name":"wp","href":"https:\/\/api.w.org\/{rel}","templated":true}]}}