{"id":54635,"date":"2023-01-20T16:43:44","date_gmt":"2023-01-20T15:43:44","guid":{"rendered":"https:\/\/website.naarcuracao.staging.golf.gillz.cloud\/?page_id=54635"},"modified":"2023-12-23T21:33:01","modified_gmt":"2023-12-23T20:33:01","slug":"publicacoes-no-blog","status":"publish","type":"page","link":"https:\/\/website.naarcuracao.staging.golf.gillz.cloud\/pt-br\/publicacoes-no-blog\/","title":{"rendered":"Publica\u00e7\u00f5es no blog"},"content":{"rendered":"\n<p>H\u00e1 muito o que escrever sobre Cura\u00e7ao! Nesta p\u00e1gina, voc\u00ea encontrar\u00e1 todos os tipos de blogs sobre todos os tipos de t\u00f3picos relevantes para Cura\u00e7ao. Escrito por n\u00f3s mesmos ou por escritores convidados, mas sempre divertido de ler e com dicas e informa\u00e7\u00f5es \u00fateis.<\/p>\n\n<p><\/p>\n","protected":false},"excerpt":{"rendered":"<p>H\u00e1 muito o que escrever sobre Cura\u00e7ao! Nesta p\u00e1gina, voc\u00ea encontrar\u00e1 todos os tipos de blogs sobre todos os tipos de t\u00f3picos relevantes para Cura\u00e7ao. Escrito por n\u00f3s mesmos ou por escritores convidados, mas sempre divertido de ler e com dicas e informa\u00e7\u00f5es \u00fateis.<\/p>\n","protected":false},"author":4,"featured_media":0,"parent":0,"menu_order":0,"comment_status":"closed","ping_status":"closed","template":"template-blogs.php","meta":{"_acf_changed":false,"site-sidebar-layout":"default","site-content-layout":"","ast-site-content-layout":"default","site-content-style":"default","site-sidebar-style":"default","ast-global-header-display":"","ast-banner-title-visibility":"","ast-main-header-display":"","ast-hfb-above-header-display":"","ast-hfb-below-header-display":"","ast-hfb-mobile-header-display":"","site-post-title":"","ast-breadcrumbs-content":"","ast-featured-img":"","footer-sml-layout":"","theme-transparent-header-meta":"","adv-header-id-meta":"","stick-header-meta":"","header-above-stick-meta":"","header-main-stick-meta":"","header-below-stick-meta":"","astra-migrate-meta-layouts":"set","ast-page-background-enabled":"default","ast-page-background-meta":{"desktop":{"background-color":"var(--ast-global-color-4)","background-image":"","background-repeat":"repeat","background-position":"center center","background-size":"auto","background-attachment":"scroll","background-type":"","background-media":"","overlay-type":"","overlay-color":"","overlay-opacity":"","overlay-gradient":""},"tablet":{"background-color":"","background-image":"","background-repeat":"repeat","background-position":"center center","background-size":"auto","background-attachment":"scroll","background-type":"","background-media":"","overlay-type":"","overlay-color":"","overlay-opacity":"","overlay-gradient":""},"mobile":{"background-color":"","background-image":"","background-repeat":"repeat","background-position":"center center","background-size":"auto","background-attachment":"scroll","background-type":"","background-media":"","overlay-type":"","overlay-color":"","overlay-opacity":"","overlay-gradient":""}},"ast-content-background-meta":{"desktop":{"background-color":"var(--ast-global-color-5)","background-image":"","background-repeat":"repeat","background-position":"center center","background-size":"auto","background-attachment":"scroll","background-type":"","background-media":"","overlay-type":"","overlay-color":"","overlay-opacity":"","overlay-gradient":""},"tablet":{"background-color":"var(--ast-global-color-5)","background-image":"","background-repeat":"repeat","background-position":"center center","background-size":"auto","background-attachment":"scroll","background-type":"","background-media":"","overlay-type":"","overlay-color":"","overlay-opacity":"","overlay-gradient":""},"mobile":{"background-color":"var(--ast-global-color-5)","background-image":"","background-repeat":"repeat","background-position":"center center","background-size":"auto","background-attachment":"scroll","background-type":"","background-media":"","overlay-type":"","overlay-color":"","overlay-opacity":"","overlay-gradient":""}},"footnotes":""},"class_list":["post-54635","page","type-page","status-publish","hentry"],"acf":[],"_links":{"self":[{"href":"https:\/\/website.naarcuracao.staging.golf.gillz.cloud\/pt-br\/wp-json\/wp\/v2\/pages\/54635","targetHints":{"allow":["GET"]}}],"collection":[{"href":"https:\/\/website.naarcuracao.staging.golf.gillz.cloud\/pt-br\/wp-json\/wp\/v2\/pages"}],"about":[{"href":"https:\/\/website.naarcuracao.staging.golf.gillz.cloud\/pt-br\/wp-json\/wp\/v2\/types\/page"}],"author":[{"embeddable":true,"href":"https:\/\/website.naarcuracao.staging.golf.gillz.cloud\/pt-br\/wp-json\/wp\/v2\/users\/4"}],"replies":[{"embeddable":true,"href":"https:\/\/website.naarcuracao.staging.golf.gillz.cloud\/pt-br\/wp-json\/wp\/v2\/comments?post=54635"}],"version-history":[{"count":2,"href":"https:\/\/website.naarcuracao.staging.golf.gillz.cloud\/pt-br\/wp-json\/wp\/v2\/pages\/54635\/revisions"}],"predecessor-version":[{"id":54641,"href":"https:\/\/website.naarcuracao.staging.golf.gillz.cloud\/pt-br\/wp-json\/wp\/v2\/pages\/54635\/revisions\/54641"}],"wp:attachment":[{"href":"https:\/\/website.naarcuracao.staging.golf.gillz.cloud\/pt-br\/wp-json\/wp\/v2\/media?parent=54635"}],"curies":[{"name":"wp","href":"https:\/\/api.w.org\/{rel}","templated":true}]}}