{"id":60070,"date":"2022-07-11T20:19:35","date_gmt":"2022-07-11T18:19:35","guid":{"rendered":"https:\/\/website.naarcuracao.staging.golf.gillz.cloud\/?page_id=60070"},"modified":"2024-04-25T14:58:07","modified_gmt":"2024-04-25T12:58:07","slug":"viagens-para-westcoast","status":"publish","type":"page","link":"https:\/\/website.naarcuracao.staging.golf.gillz.cloud\/pt-br\/viagens-para-westcoast\/","title":{"rendered":"Viagens para Westcoast"},"content":{"rendered":"\n<h5 class=\"wp-block-heading\">Voc\u00ea quer desfrutar de belas praias e, ao mesmo tempo, tomar um bom coquetel na m\u00e3o? Voc\u00ea est\u00e1 vendo Cura\u00e7ao em sua melhor forma, tanto acima quanto abaixo da \u00e1gua? Ent\u00e3o, as viagens para Westcoast s\u00e3o as melhores! <\/h5>\n\n\n\n<h3 class=\"wp-block-heading\">Mais divertido do que Klein Cura\u00e7ao!<\/h3>\n\n\n\n<p>Na verdade, as viagens para Westcoast s\u00e3o mais divertidas do que as viagens de barco para <a href=\"https:\/\/website.naarcuracao.staging.golf.gillz.cloud\/pt-br\/klein-curacao-melhores-viagens\/\" target=\"_blank\" rel=\"noreferrer noopener\">Klein Cura\u00e7ao<\/a>. Nessas viagens ao longo da costa oeste, voc\u00ea v\u00ea muito mais de Cura\u00e7ao e o dia tamb\u00e9m \u00e9 mais variado. Voc\u00ea navegar\u00e1 um pouco e depois far\u00e1 uma parada para nadar e mergulhar com snorkel. Outra navega\u00e7\u00e3o passando por belas paisagens e ba\u00edas id\u00edlicas. E, \u00e9 claro, com um servi\u00e7o de buf\u00ea requintado, seu dia estar\u00e1 realmente completo!<\/p>\n\n\n\n<div class=\"wp-block-columns is-layout-flex wp-container-core-columns-is-layout-28f84493 wp-block-columns-is-layout-flex\">\n<div class=\"wp-block-column has-background-secondary-background-color has-background is-layout-flow wp-block-column-is-layout-flow\" style=\"padding-top:15px;padding-right:15px;padding-bottom:15px;padding-left:15px\">\n<figure class=\"wp-block-image aligncenter size-full\"><img decoding=\"async\" width=\"960\" height=\"540\" data-src=\"https:\/\/website.naarcuracao.staging.golf.gillz.cloud\/wp-content\/uploads\/2020\/09\/BlueFinn-Westcoast-Cas-Abou-zijkant-boot-960x540-1.jpg\" alt=\"BlueFinn Westcoast Cas Abou\" class=\"wp-image-33323 lazyload\" title=\"\" data-srcset=\"https:\/\/website.naarcuracao.staging.golf.gillz.cloud\/wp-content\/uploads\/2020\/09\/BlueFinn-Westcoast-Cas-Abou-zijkant-boot-960x540-1.jpg 960w, https:\/\/website.naarcuracao.staging.golf.gillz.cloud\/wp-content\/uploads\/2020\/09\/BlueFinn-Westcoast-Cas-Abou-zijkant-boot-960x540-1-350x197.jpg 350w, https:\/\/website.naarcuracao.staging.golf.gillz.cloud\/wp-content\/uploads\/2020\/09\/BlueFinn-Westcoast-Cas-Abou-zijkant-boot-960x540-1-533x300.jpg 533w, https:\/\/website.naarcuracao.staging.golf.gillz.cloud\/wp-content\/uploads\/2020\/09\/BlueFinn-Westcoast-Cas-Abou-zijkant-boot-960x540-1-150x84.jpg 150w, https:\/\/website.naarcuracao.staging.golf.gillz.cloud\/wp-content\/uploads\/2020\/09\/BlueFinn-Westcoast-Cas-Abou-zijkant-boot-960x540-1-768x432.jpg 768w\" data-sizes=\"auto\" src=\"data:image\/svg+xml;base64,PHN2ZyB3aWR0aD0iMSIgaGVpZ2h0PSIxIiB4bWxucz0iaHR0cDovL3d3dy53My5vcmcvMjAwMC9zdmciPjwvc3ZnPg==\" style=\"--smush-placeholder-width: 960px; --smush-placeholder-aspect-ratio: 960\/540;\" data-original-sizes=\"(max-width: 960px) 100vw, 960px\" \/><\/figure>\n\n\n\n<h3 class=\"wp-block-heading has-text-align-center\"><strong>Cruzeiro pela costa oeste<\/strong><\/h3>\n\n\n\n<p class=\"has-text-align-center\"><strong>Catamar\u00e3 BlueFinn<\/strong><br>Certamente, de acordo com muitos, esta \u00e9 a mais bela viagem de catamar\u00e3 em Cura\u00e7ao. Durante todo o dia, voc\u00ea pode aproveitar a bela costa sul a partir do catamar\u00e3 BlueFinn. Voc\u00ea far\u00e1 uma parada em Cas Abou e em Kokomo, al\u00e9m de uma r\u00e1pida olhada em St Andrews. Anna Bay em dire\u00e7\u00e3o ao Pontjesbrug.<\/p>\n\n\n\n<div class=\"wp-block-buttons is-layout-flex wp-block-buttons-is-layout-flex\">\n<div class=\"wp-block-button has-custom-width wp-block-button__width-100 has-custom-font-size has-medium-font-size\"><a class=\"wp-block-button__link has-luminous-vivid-amber-to-luminous-vivid-orange-gradient-background has-background wp-element-button\" href=\"https:\/\/website.naarcuracao.staging.golf.gillz.cloud\/pt-br\/tour-item\/cruzeiro-na-costa-oeste-catamara\/\" style=\"padding-top:15px;padding-bottom:15px\" target=\"_blank\" rel=\"noopener\"><strong>Cruzeiro de catamar\u00e3 em Westcoast<\/strong><\/a><\/div>\n<\/div>\n<\/div>\n\n\n\n<div class=\"wp-block-column has-background-secondary-background-color has-background is-layout-flow wp-block-column-is-layout-flow\" style=\"padding-top:15px;padding-right:15px;padding-bottom:15px;padding-left:15px\">\n<figure class=\"wp-block-image aligncenter size-full has-custom-border\"><a href=\"https:\/\/website.naarcuracao.staging.golf.gillz.cloud\/pt-br\/tour-item\/praias-churrasco-e-salao-azul\/\" target=\"_blank\" rel=\"noopener\"><img decoding=\"async\" width=\"1601\" height=\"900\" data-src=\"https:\/\/website.naarcuracao.staging.golf.gillz.cloud\/wp-content\/uploads\/2022\/07\/catamaran-beach-bbq-blue-room-1920x1080-1-e1677601204299.jpg\" alt=\"catamar\u00e3: churrasco na praia e sala azul\" class=\"wp-image-32185 lazyload\" style=\"--smush-placeholder-width: 1601px; --smush-placeholder-aspect-ratio: 1601\/900;border-bottom-left-radius:1px;border-bottom-right-radius:1px\" title=\"\" data-srcset=\"https:\/\/website.naarcuracao.staging.golf.gillz.cloud\/wp-content\/uploads\/2022\/07\/catamaran-beach-bbq-blue-room-1920x1080-1-e1677601204299.jpg 1601w, https:\/\/website.naarcuracao.staging.golf.gillz.cloud\/wp-content\/uploads\/2022\/07\/catamaran-beach-bbq-blue-room-1920x1080-1-e1677601204299-350x197.jpg 350w, https:\/\/website.naarcuracao.staging.golf.gillz.cloud\/wp-content\/uploads\/2022\/07\/catamaran-beach-bbq-blue-room-1920x1080-1-e1677601204299-534x300.jpg 534w, https:\/\/website.naarcuracao.staging.golf.gillz.cloud\/wp-content\/uploads\/2022\/07\/catamaran-beach-bbq-blue-room-1920x1080-1-e1677601204299-150x84.jpg 150w, https:\/\/website.naarcuracao.staging.golf.gillz.cloud\/wp-content\/uploads\/2022\/07\/catamaran-beach-bbq-blue-room-1920x1080-1-e1677601204299-768x432.jpg 768w, https:\/\/website.naarcuracao.staging.golf.gillz.cloud\/wp-content\/uploads\/2022\/07\/catamaran-beach-bbq-blue-room-1920x1080-1-e1677601204299-1536x863.jpg 1536w\" data-sizes=\"auto\" src=\"data:image\/svg+xml;base64,PHN2ZyB3aWR0aD0iMSIgaGVpZ2h0PSIxIiB4bWxucz0iaHR0cDovL3d3dy53My5vcmcvMjAwMC9zdmciPjwvc3ZnPg==\" data-original-sizes=\"(max-width: 1601px) 100vw, 1601px\" \/><\/a><\/figure>\n\n\n\n<h3 class=\"wp-block-heading has-text-align-center\"><strong>Praias, churrasco e sal\u00e3o azul<\/strong><\/h3>\n\n\n\n<p class=\"has-text-align-center\"><strong>Irie tours catamar\u00e3 e \u00f4nibus de festa<\/strong><br>Aproveite a bela Cura\u00e7ao com lanches, bebidas e boa m\u00fasica. Voc\u00ea pode fazer isso com este passeio exclusivo de catamar\u00e3 e \u00f4nibus! Benef\u00edcio: Voc\u00ea vai at\u00e9 Westpunt de barco no caminho para l\u00e1. De volta, voc\u00ea vai de \u00f4nibus: r\u00e1pido e sem chance de enjoo!<\/p>\n\n\n\n<div class=\"wp-block-buttons is-content-justification-center is-layout-flex wp-container-core-buttons-is-layout-a89b3969 wp-block-buttons-is-layout-flex\">\n<div class=\"wp-block-button has-custom-width wp-block-button__width-100 has-custom-font-size has-medium-font-size\"><a class=\"wp-block-button__link has-luminous-vivid-amber-to-luminous-vivid-orange-gradient-background has-background wp-element-button\" href=\"https:\/\/website.naarcuracao.staging.golf.gillz.cloud\/pt-br\/tour-item\/praias-churrasco-e-salao-azul\/\" style=\"padding-top:15px;padding-bottom:15px\" target=\"_blank\" rel=\"noopener\"><strong>Catamar\u00e3 e \u00f4nibus da Westcoast<\/strong><\/a><\/div>\n<\/div>\n<\/div>\n<\/div>\n\n\n\n<div class=\"wp-block-columns is-layout-flex wp-container-core-columns-is-layout-28f84493 wp-block-columns-is-layout-flex\">\n<div class=\"wp-block-column has-background-secondary-background-color has-background is-layout-flow wp-block-column-is-layout-flow\" style=\"padding-top:15px;padding-right:15px;padding-bottom:15px;padding-left:15px\">\n<figure class=\"wp-block-image aligncenter size-full\"><img decoding=\"async\" width=\"900\" height=\"505\" data-src=\"https:\/\/website.naarcuracao.staging.golf.gillz.cloud\/wp-content\/uploads\/2018\/11\/klein-curacao-powerboat-ribboot-900x506-1.webp\" alt=\"\" class=\"wp-image-31465 lazyload\" title=\"\" data-srcset=\"https:\/\/website.naarcuracao.staging.golf.gillz.cloud\/wp-content\/uploads\/2018\/11\/klein-curacao-powerboat-ribboot-900x506-1.webp 900w, https:\/\/website.naarcuracao.staging.golf.gillz.cloud\/wp-content\/uploads\/2018\/11\/klein-curacao-powerboat-ribboot-900x506-1-350x197.webp 350w, https:\/\/website.naarcuracao.staging.golf.gillz.cloud\/wp-content\/uploads\/2018\/11\/klein-curacao-powerboat-ribboot-900x506-1-535x300.webp 535w, https:\/\/website.naarcuracao.staging.golf.gillz.cloud\/wp-content\/uploads\/2018\/11\/klein-curacao-powerboat-ribboot-900x506-1-150x84.webp 150w, https:\/\/website.naarcuracao.staging.golf.gillz.cloud\/wp-content\/uploads\/2018\/11\/klein-curacao-powerboat-ribboot-900x506-1-768x431.webp 768w\" data-sizes=\"auto\" src=\"data:image\/svg+xml;base64,PHN2ZyB3aWR0aD0iMSIgaGVpZ2h0PSIxIiB4bWxucz0iaHR0cDovL3d3dy53My5vcmcvMjAwMC9zdmciPjwvc3ZnPg==\" style=\"--smush-placeholder-width: 900px; --smush-placeholder-aspect-ratio: 900\/505;\" data-original-sizes=\"(max-width: 900px) 100vw, 900px\" \/><\/figure>\n\n\n\n<h3 class=\"wp-block-heading has-text-align-center\"><strong>Passeio pela praia e adrenalina<\/strong><\/h3>\n\n\n\n<p class=\"has-text-align-center\"><strong>Barco a motor (sem enjoo!)<\/strong><br>Voc\u00ea pode passear pelas praias mais bonitas de Cura\u00e7ao. O Powerboat \u00e9 um barco RIB r\u00e1pido. Assim que o capit\u00e3o coloca os motores em funcionamento, o barco dispara sobre a \u00e1gua. Em segundos, voc\u00ea estar\u00e1 navegando a uma velocidade m\u00e1xima de cerca de 100 km\/h ao longo da costa. <\/p>\n\n\n\n<div class=\"wp-block-buttons is-content-justification-center is-layout-flex wp-container-core-buttons-is-layout-a89b3969 wp-block-buttons-is-layout-flex\">\n<div class=\"wp-block-button has-custom-width wp-block-button__width-100 has-custom-font-size has-medium-font-size\"><a class=\"wp-block-button__link has-luminous-vivid-amber-to-luminous-vivid-orange-gradient-background has-background wp-element-button\" href=\"https:\/\/website.naarcuracao.staging.golf.gillz.cloud\/pt-br\/tour-item\/tartarugas-blue-room-powerboat\/\" style=\"padding-top:15px;padding-bottom:15px\" target=\"_blank\" rel=\"noopener\"><strong>Saltos na praia e quarto azul<\/strong><\/a><\/div>\n<\/div>\n<\/div>\n\n\n\n<div class=\"wp-block-column has-background-secondary-background-color has-background is-layout-flow wp-block-column-is-layout-flow\" style=\"padding-top:15px;padding-right:15px;padding-bottom:15px;padding-left:15px\">\n<figure class=\"wp-block-image aligncenter size-full\"><img decoding=\"async\" data-src=\"https:\/\/website.naarcuracao.staging.golf.gillz.cloud\/wp-content\/uploads\/2022\/06\/yacht-party-e1678873524850.jpg\" alt=\"\" class=\"wp-image-31473 lazyload\" title=\"\" src=\"data:image\/svg+xml;base64,PHN2ZyB3aWR0aD0iMSIgaGVpZ2h0PSIxIiB4bWxucz0iaHR0cDovL3d3dy53My5vcmcvMjAwMC9zdmciPjwvc3ZnPg==\"><\/figure>\n\n\n\n<h3 class=\"wp-block-heading has-text-align-center\"><strong>Viagem particular \u00e0 Costa Oeste<\/strong> <\/h3>\n\n\n\n<p class=\"has-text-align-center\">possibilidades de div.<br>Se voc\u00ea quiser ter seu pr\u00f3prio dia sem outros h\u00f3spedes no barco, organize sua viagem particular para Westcoast. Voc\u00ea decide onde parar para nadar ou mergulhar, fazer refei\u00e7\u00f5es, etc. Ideal e, a partir de 8 pessoas, costuma ser mais barato do que ir em barcos grandes.<\/p>\n\n\n\n<div class=\"wp-block-buttons is-content-justification-center is-layout-flex wp-container-core-buttons-is-layout-a89b3969 wp-block-buttons-is-layout-flex\">\n<div class=\"wp-block-button has-custom-width wp-block-button__width-100 has-custom-font-size has-medium-font-size\"><a class=\"wp-block-button__link has-luminous-vivid-amber-to-luminous-vivid-orange-gradient-background has-background wp-element-button\" href=\"https:\/\/website.naarcuracao.staging.golf.gillz.cloud\/pt-br\/tour-item\/pedir-um-barco-privado\/\" style=\"padding-top:15px;padding-bottom:15px\" target=\"_blank\" rel=\"noopener\"><strong>Viagem particular \u00e0 Costa Oeste<\/strong><\/a><\/div>\n<\/div>\n<\/div>\n<\/div>\n\n\n\n<div style=\"height:15px\" aria-hidden=\"true\" class=\"wp-block-spacer\"><\/div>\n","protected":false},"excerpt":{"rendered":"<p>Voc\u00ea quer desfrutar de belas praias e, ao mesmo tempo, tomar um bom coquetel na m\u00e3o? Voc\u00ea est\u00e1 vendo Cura\u00e7ao em sua melhor forma, tanto acima quanto abaixo da \u00e1gua? Ent\u00e3o, as viagens para Westcoast s\u00e3o as melhores! Mais divertido do que Klein Cura\u00e7ao! Na verdade, as viagens para Westcoast s\u00e3o mais divertidas do que [&hellip;]<\/p>\n","protected":false},"author":1,"featured_media":67266,"parent":0,"menu_order":0,"comment_status":"closed","ping_status":"closed","template":"","meta":{"_acf_changed":false,"site-sidebar-layout":"default","site-content-layout":"","ast-site-content-layout":"default","site-content-style":"default","site-sidebar-style":"default","ast-global-header-display":"","ast-banner-title-visibility":"","ast-main-header-display":"","ast-hfb-above-header-display":"","ast-hfb-below-header-display":"","ast-hfb-mobile-header-display":"","site-post-title":"","ast-breadcrumbs-content":"","ast-featured-img":"","footer-sml-layout":"","theme-transparent-header-meta":"","adv-header-id-meta":"","stick-header-meta":"","header-above-stick-meta":"","header-main-stick-meta":"","header-below-stick-meta":"","astra-migrate-meta-layouts":"set","ast-page-background-enabled":"default","ast-page-background-meta":{"desktop":{"background-color":"var(--ast-global-color-4)","background-image":"","background-repeat":"repeat","background-position":"center center","background-size":"auto","background-attachment":"scroll","background-type":"","background-media":"","overlay-type":"","overlay-color":"","overlay-opacity":"","overlay-gradient":""},"tablet":{"background-color":"","background-image":"","background-repeat":"repeat","background-position":"center center","background-size":"auto","background-attachment":"scroll","background-type":"","background-media":"","overlay-type":"","overlay-color":"","overlay-opacity":"","overlay-gradient":""},"mobile":{"background-color":"","background-image":"","background-repeat":"repeat","background-position":"center center","background-size":"auto","background-attachment":"scroll","background-type":"","background-media":"","overlay-type":"","overlay-color":"","overlay-opacity":"","overlay-gradient":""}},"ast-content-background-meta":{"desktop":{"background-color":"var(--ast-global-color-5)","background-image":"","background-repeat":"repeat","background-position":"center center","background-size":"auto","background-attachment":"scroll","background-type":"","background-media":"","overlay-type":"","overlay-color":"","overlay-opacity":"","overlay-gradient":""},"tablet":{"background-color":"var(--ast-global-color-5)","background-image":"","background-repeat":"repeat","background-position":"center center","background-size":"auto","background-attachment":"scroll","background-type":"","background-media":"","overlay-type":"","overlay-color":"","overlay-opacity":"","overlay-gradient":""},"mobile":{"background-color":"var(--ast-global-color-5)","background-image":"","background-repeat":"repeat","background-position":"center center","background-size":"auto","background-attachment":"scroll","background-type":"","background-media":"","overlay-type":"","overlay-color":"","overlay-opacity":"","overlay-gradient":""}},"footnotes":""},"class_list":["post-60070","page","type-page","status-publish","has-post-thumbnail","hentry"],"acf":[],"_links":{"self":[{"href":"https:\/\/website.naarcuracao.staging.golf.gillz.cloud\/pt-br\/wp-json\/wp\/v2\/pages\/60070","targetHints":{"allow":["GET"]}}],"collection":[{"href":"https:\/\/website.naarcuracao.staging.golf.gillz.cloud\/pt-br\/wp-json\/wp\/v2\/pages"}],"about":[{"href":"https:\/\/website.naarcuracao.staging.golf.gillz.cloud\/pt-br\/wp-json\/wp\/v2\/types\/page"}],"author":[{"embeddable":true,"href":"https:\/\/website.naarcuracao.staging.golf.gillz.cloud\/pt-br\/wp-json\/wp\/v2\/users\/1"}],"replies":[{"embeddable":true,"href":"https:\/\/website.naarcuracao.staging.golf.gillz.cloud\/pt-br\/wp-json\/wp\/v2\/comments?post=60070"}],"version-history":[{"count":3,"href":"https:\/\/website.naarcuracao.staging.golf.gillz.cloud\/pt-br\/wp-json\/wp\/v2\/pages\/60070\/revisions"}],"predecessor-version":[{"id":60081,"href":"https:\/\/website.naarcuracao.staging.golf.gillz.cloud\/pt-br\/wp-json\/wp\/v2\/pages\/60070\/revisions\/60081"}],"wp:featuredmedia":[{"embeddable":true,"href":"https:\/\/website.naarcuracao.staging.golf.gillz.cloud\/pt-br\/wp-json\/wp\/v2\/media\/67266"}],"wp:attachment":[{"href":"https:\/\/website.naarcuracao.staging.golf.gillz.cloud\/pt-br\/wp-json\/wp\/v2\/media?parent=60070"}],"curies":[{"name":"wp","href":"https:\/\/api.w.org\/{rel}","templated":true}]}}